{"id":9754,"date":"2023-06-07T17:10:32","date_gmt":"2023-06-07T15:10:32","guid":{"rendered":"https:\/\/petrecycling.ch\/ciclo-del-pet-svizzero\/raccolta\/aluminium\/"},"modified":"2023-06-21T10:30:07","modified_gmt":"2023-06-21T08:30:07","slug":"alluminio","status":"publish","type":"page","link":"https:\/\/petrecycling.ch\/it\/ciclo-del-pet-svizzero\/raccolta\/alluminio\/","title":{"rendered":"Alluminio"},"content":{"rendered":"\n<div id=\"header-slider-block_6ce4568995ecc66254d982f728d5679f\" class=\"header-slider \n\">\n\n      <div class=\"swiper\">\n      <div class=\"swiper-wrapper\">\n                              <div class=\"swiper-slide\">\n              <div class=\"inner-type-bg-image  \" style=\"background: linear-gradient(#868677db 0, #ffffff 40%), url('https:\/\/petrecycling.ch\/wp-content\/uploads\/2023\/06\/PET-Recycling-Schweiz_Schweizer-PET-Kreislauf_Sammlung_Aluminium-aspect-ratio-1920-1080-1.jpg');background-blend-mode: multiply;\" >\n                <div class=\"container slide-content-wrapper\">\n                  <div class=\"row align-items-center\">\n                                        <div class=\"text-col col-md-8 col-lg-6 col-xl-5 offset-xl-1 \">\n                                              <h2 class=\"h2 heading-highlight \"><span class=\"highlight highlight-light\"><strong>Alluminio<\/strong><\/span><\/h2>\n                                                                                          <div class=\"links-wrapper\">\n                          <button class=\"link-btn-scroll-down link-btn-scroll-down-light\" type=\"button\">\n                            <?xml version=\"1.0\"?>\n<svg xmlns=\"http:\/\/www.w3.org\/2000\/svg\" width=\"36.609\" height=\"34.297\" viewBox=\"0 0 36.609 34.297\" class=\"icon pet_icons_rgb_rz_pos_chevrons_down_small-icon \" aria-hidden=\"true\" role=\"presentation\">\n  <g id=\"Gruppe_7591\" data-name=\"Gruppe 7591\" transform=\"translate(-184.514 -616.156)\">\n    <path id=\"Pfad_17818\" data-name=\"Pfad 17818\" d=\"M36.608,0,18.3,11.4,0,0V7.929l18.3,11.4,18.3-11.4Z\" transform=\"translate(184.515 616.156)\" fill=\"#faf500\"\/>\n    <path id=\"Pfad_17819\" data-name=\"Pfad 17819\" d=\"M36.608,0,18.3,11.4,0,0V7.929l18.3,11.4,18.3-11.4Z\" transform=\"translate(184.514 631.125)\" fill=\"#faf500\"\/>\n  <\/g>\n<\/svg>\n                          <\/button>\n                        <\/div>\n                                          <\/div>\n                  <\/div>\n                <\/div>\n              <\/div>\n            <\/div>\n                        <\/div>\n\n\n\n          <\/div>\n  \n<\/div>\n\n\n<div id=\"teaser-text-bild-block_1ad1f70d5d204d37be7021e5f89f4c02\" class=\"teaser-text-bild \n bg-white image-right \">\n  <div class=\"container \">\n    <div class=\"row\">\n      <div class=\"col-lg-6 col-xl-6 offset-xl-1  col-text\">\n                  <h2 class=\"h2 text-secondary\">\n            <strong>Raccogliete<\/strong> <i>anche<\/i> l\u2019alluminio?          <\/h2>\n        \n                                                            <div class=\"content-item text wysiwyg fs-body-text\">\n                  <p>I punti di raccolta volontari nell\u2019ambito del lavoro e del tempo libero contribuiscono in modo determinante al successo della raccolta di PET-Recycling Schweiz. E questa rete di raccolta pu\u00f2 venir sfruttata in modo ancor pi\u00f9 ecologico. Ritirando dai punti di raccolta oltre alle bottiglie per bevande in PET anche l\u2019alluminio, PET-Recycling Schweiz prende in consegna le lattine di alluminio con le bottiglie di PET. Con il ritiro abbinato da parte di PET-Recycling Schweiz, la raccolta diventa ancora pi\u00f9 ecologica ed economica, poich\u00e9 si incrementano le quantit\u00e0 trasportate per tragitto comunque effettuato e si riduce il numero dei viaggi. Ad approfittarne \u00e8 l&#8217;ambiente.<\/p>\n                <\/div>\n                          \n                        <\/div>\n\n              <div class=\"col-lg-5 col-xl-4 offset-lg-1\">\n          <div id=\"lightgallery_teaser-text-bild-block_1ad1f70d5d204d37be7021e5f89f4c02\" class=\"thumb-wrapper\">\n            <a class=\"lb-item\" href=\"https:\/\/petrecycling.ch\/wp-content\/uploads\/2023\/06\/PET-Recycling-Schweiz_Schweizer-PET-Kreislauf_Sammlung_Aluminium_Aluminium-sammeln-aspect-ratio-1080-1180-2.jpg\">\n              <img decoding=\"async\" class=\"img-fluid\" src=\"https:\/\/petrecycling.ch\/wp-content\/uploads\/2023\/06\/PET-Recycling-Schweiz_Schweizer-PET-Kreislauf_Sammlung_Aluminium_Aluminium-sammeln-aspect-ratio-1080-1180-2.jpg\" alt=\"\">\n            <\/a>\n          <\/div>\n        <\/div>\n          <\/div>\n  <\/div>\n<\/div>\n\n\n<div id=\"teaser-text-bild-block_99a14a09e7aa1683191ce4328a2eabb4\" class=\"teaser-text-bild \n bg-grey-light image-left \">\n  <div class=\"container \">\n    <div class=\"row\">\n      <div class=\"col-lg-6 col-xl-6 offset-lg-1 order-2  col-text\">\n                  <h2 class=\"h2 text-secondary\">\n            <strong>Come funziona<\/strong> <i>il<\/i> ritiro?          <\/h2>\n        \n                                                            <div class=\"content-item text wysiwyg fs-body-text\">\n                  <div class=\"l_site_width l_site_width-narrow\">\n<div class=\"cms_content\">\n<p>PET-Recycling Schweiz offre un servizio di ritiro gratuito. Basta una chiamata non appena almeno 5 sacchi di PET e\/o alluminio sono stati riempiti e i\u00a0<a href=\"https:\/\/petrecycling.ch\/it\/ciclo-del-pet-svizzero\/trasporto-e-logistica\/trovare-il-partner-per-il-riciclaggio\/\">partner di PET-Recycling Schweiz<\/a> <span data-sheets-value=\"{&quot;1&quot;:2,&quot;2&quot;:&quot;i partner di PET-Recycling Schweiz per il trasporto ritirano entrambi, alleggerendo cos\u00ec la raccolta dell\u2019alluminio.&quot;}\" data-sheets-userformat=\"{&quot;2&quot;:6785,&quot;3&quot;:{&quot;1&quot;:0},&quot;10&quot;:2,&quot;12&quot;:0,&quot;14&quot;:{&quot;1&quot;:2,&quot;2&quot;:0},&quot;15&quot;:&quot;Arial, sans-serif&quot;}\">per il trasporto ritirano entrambi, alleggerendo cos\u00ec la raccolta dell\u2019alluminio. <\/span>A tale scopo non ha importanza quanti sacchi di alluminio e quanti di PET sono stati riempiti. Conta il totale, che deve essere di almeno 5 sacchi pieni, pronti per il ritiro.<\/p>\n<p>Ordinando un contenitore per la raccolta del PET tramite il\u00a0<a href=\"https:\/\/petrecycling.ch\/it\/shop\/\">webshop di PET-Recycling Schweiz<\/a>, riceverete automaticamente una conferma di registrazione per il vostro punto di raccolta. Potrete quindi approfittare a partire da subito del servizio di ritiro gratuito.<\/p>\n<p>Desiderate usufruire del servizio di ritiro gratuito (non destinato alle economie domestiche private), anche senza ordinare un contenitore per la raccolta del PET tramite il\u00a0<a href=\"https:\/\/petrecycling.ch\/it\/shop\/\">webshop di PET-Recycling Schweiz<\/a>? Allora registratevi qui:<\/p>\n<\/div>\n<\/div>\n                <\/div>\n                          \n                                                    <div class=\"links-wrapper\">\n                                                          <div class=\"link-btn-primary-wrapper\">\n                        <a href=\"https:\/\/petrecycling.ch\/it\/chi-siamo\/punti-di-raccolta\/registrare-un-punto-di-raccolta\/\" target=\"_self\" class=\"link-btn-primary\">\n                          <span>Registrare un<\/span><br \/>\r\n<span>punto di raccolta<\/span>                        <\/a>\n                      <\/div>\n                                                      <\/div>\n              \n            \n                        <\/div>\n\n              <div class=\"col-lg-5 col-xl-4 order-1\">\n          <div id=\"lightgallery_teaser-text-bild-block_99a14a09e7aa1683191ce4328a2eabb4\" class=\"thumb-wrapper\">\n            <a class=\"lb-item\" href=\"https:\/\/petrecycling.ch\/wp-content\/uploads\/2023\/06\/PET-Recycling-Schweiz_Schweizer-PET-Kreislauf_Sammlung_Aluminium_Abholung-aspect-ratio-1080-1180-2.jpg\">\n              <img decoding=\"async\" class=\"img-fluid\" src=\"https:\/\/petrecycling.ch\/wp-content\/uploads\/2023\/06\/PET-Recycling-Schweiz_Schweizer-PET-Kreislauf_Sammlung_Aluminium_Abholung-aspect-ratio-1080-1180-2.jpg\" alt=\"\">\n            <\/a>\n          <\/div>\n        <\/div>\n          <\/div>\n  <\/div>\n<\/div>\n\n\n<div id=\"teaser-text-bild-block_363c045986d2b06c04698acb32572394\" class=\"teaser-text-bild \n bg-white image-right \">\n  <div class=\"container \">\n    <div class=\"row\">\n      <div class=\"col-lg-6 col-xl-6 offset-xl-1  col-text\">\n                  <h2 class=\"h2 text-secondary\">\n            <strong>Come funziona<\/strong> <i>la<\/i> raccolta?          <\/h2>\n        \n                                                            <div class=\"content-item text wysiwyg fs-body-text\">\n                  <p>Nonostante il ritiro abbinato \u00e8 comunque importante prestare attenzione ai punti seguenti. Le bottiglie di PET e le lattine di alluminio\u00a0<strong>non devono venir raccolte insieme mischiate<\/strong>, bens\u00ec separatamente ognuna nel suo sacco previsto a tale scopo.<\/p>\n<p>Nel\u00a0<a href=\"https:\/\/petrecycling.ch\/it\/shop\/\">webshop di PET-Recycling Schweiz<\/a>\u00a0potete ordinare contenitori e sacchi per la raccolta del PET. I sacchi e i contenitori per la raccolta dell\u2019alluminio possono venir ordinati direttamente tramite il\u00a0<a href=\"https:\/\/www.igora.ch\/it\/shop\/#contenitori---raccolta\" target=\"_blank\" rel=\"noopener\">webshop della Cooperativa IGORA<\/a>\u00a0per il riciclaggio dell\u2019alluminio.<\/p>\n<p>Tutte le informazioni relative al riciclaggio dell\u2019alluminio sono disponibili sul sito della Cooperativa IGORA:\u00a0<a href=\"https:\/\/www.igora.ch\/it\/home\/\" target=\"_blank\" rel=\"noopener\">www.igora.ch<\/a><\/p>\n                <\/div>\n                          \n                                                    <div class=\"row downloads\">\n                                                            <div class=\"col-xl-6 download-item mb-5\">\n                        <a href=\"https:\/\/petrecycling.ch\/wp-content\/uploads\/2023\/06\/FAQ_ALU_Sammlung_Firma_I.pdf\" download=\"FAQ_ALU_Sammlung_Firma_I\" class=\"icon-link link-btn-primary-left\">\n                          <div class=\"icon-wrapper\">\n                            <?xml version=\"1.0\"?>\n<svg xmlns=\"http:\/\/www.w3.org\/2000\/svg\" id=\"Ebene_1\" data-name=\"Ebene 1\" viewBox=\"0 0 127.56 127.56\" class=\"icon pet_icons_rgb_rz_pos_text_download-icon \" aria-hidden=\"true\" role=\"presentation\"><defs><style>.cls-1{fill:#4a9fff;}<\/style><\/defs><g id=\"Gruppe_7750\" data-name=\"Gruppe 7750\"><g id=\"Orion_download-document\" data-name=\"Orion download-document\"><g id=\"layer2\"><path d=\"M82.39,48.73H60.69a1.5,1.5,0,0,1-1.5-1.5V25.52a1.5,1.5,0,1,1,3,0V45.73h20.2a1.5,1.5,0,0,1,0,3Z\"\/><\/g><\/g><g id=\"Differenzmenge_2\" data-name=\"Differenzmenge 2\"><path d=\"M64.38,108.42H22.7a1.5,1.5,0,0,1-1.5-1.5V25.52A1.5,1.5,0,0,1,22.7,24h38a1.47,1.47,0,0,1,1.06.44l21.71,21.7a1.53,1.53,0,0,1,.43,1.07V60.12a1.5,1.5,0,0,1-3,0V47.85L60.07,27H24.2v78.4H64.38a1.5,1.5,0,0,1,0,3Z\"\/><\/g><g id=\"layer1\"><path d=\"M83.07,103.67h0a1.46,1.46,0,0,1-1-.38L82,103.2h0l-.06-.07-10.3-12.2A1.5,1.5,0,1,1,73.91,89l7.66,9.07V72.32a1.5,1.5,0,0,1,3,0V98.07L92.24,89a1.5,1.5,0,0,1,2.29,1.93l-10.3,12.2a.6.6,0,0,1-.08.08h0l-.06.06h0a1.51,1.51,0,0,1-1,.39h0Z\"\/><\/g><g id=\"Pfad_17844\" data-name=\"Pfad 17844\"><path d=\"M91.39,62.67a1.5,1.5,0,0,1-1.5-1.5V19.59H32.34v5.93a1.5,1.5,0,0,1-3,0V18.09a1.5,1.5,0,0,1,1.5-1.5H91.39a1.5,1.5,0,0,1,1.5,1.5V61.17A1.5,1.5,0,0,1,91.39,62.67Z\"\/><\/g><g id=\"Pfad_17801\" data-name=\"Pfad 17801\"><path class=\"cls-1\" d=\"M83.12,115.4a28.07,28.07,0,1,1,28.07-28.06A28.1,28.1,0,0,1,83.12,115.4Zm0-50.63a22.57,22.57,0,1,0,22.57,22.57A22.6,22.6,0,0,0,83.12,64.77Z\"\/><\/g><\/g><\/svg>\n                          <\/div>\n                          <div class=\"title-wrapper highlight\">\n                            <span>Domande e risposte:<\/span><br \/>\r\n<span>raccolta alluminio<\/span>                          <\/div>\n                        <\/a>\n                      <\/div>\n                                                      <\/div>\n                          \n                        <\/div>\n\n              <div class=\"col-lg-5 col-xl-4 offset-lg-1\">\n          <div id=\"lightgallery_teaser-text-bild-block_363c045986d2b06c04698acb32572394\" class=\"thumb-wrapper\">\n            <a class=\"lb-item\" href=\"https:\/\/petrecycling.ch\/wp-content\/uploads\/2023\/06\/PET-Recycling-Schweiz_Schweizer-PET-Kreislauf_Sammlung_Aluminium_Sammlung-aspect-ratio-1080-1180-2.jpg\">\n              <img decoding=\"async\" class=\"img-fluid\" src=\"https:\/\/petrecycling.ch\/wp-content\/uploads\/2023\/06\/PET-Recycling-Schweiz_Schweizer-PET-Kreislauf_Sammlung_Aluminium_Sammlung-aspect-ratio-1080-1180-2.jpg\" alt=\"\">\n            <\/a>\n          <\/div>\n        <\/div>\n          <\/div>\n  <\/div>\n<\/div>","protected":false},"excerpt":{"rendered":"","protected":false},"author":1,"featured_media":0,"parent":8436,"menu_order":0,"comment_status":"closed","ping_status":"closed","template":"","meta":{"_acf_changed":false,"footnotes":""},"class_list":["post-9754","page","type-page","status-publish","hentry"],"acf":[],"yoast_head":"<!-- This site is optimized with the Yoast SEO plugin v27.5 - https:\/\/yoast.com\/product\/yoast-seo-wordpress\/ -->\n<title>Alluminio - PET-Recycling Schweiz<\/title>\n<meta name=\"robots\" content=\"index, follow, max-snippet:-1, max-image-preview:large, max-video-preview:-1\" \/>\n<link rel=\"canonical\" href=\"https:\/\/petrecycling.ch\/it\/ciclo-del-pet-svizzero\/raccolta\/alluminio\/\" \/>\n<meta property=\"og:locale\" content=\"it_IT\" \/>\n<meta property=\"og:type\" content=\"article\" \/>\n<meta property=\"og:title\" content=\"Alluminio - PET-Recycling Schweiz\" \/>\n<meta property=\"og:url\" content=\"https:\/\/petrecycling.ch\/it\/ciclo-del-pet-svizzero\/raccolta\/alluminio\/\" \/>\n<meta property=\"og:site_name\" content=\"PET-Recycling Schweiz\" \/>\n<meta property=\"article:publisher\" content=\"https:\/\/www.facebook.com\/petrecyclingschweiz\/\" \/>\n<meta property=\"article:modified_time\" content=\"2023-06-21T08:30:07+00:00\" \/>\n<meta name=\"twitter:card\" content=\"summary_large_image\" \/>\n<script type=\"application\/ld+json\" class=\"yoast-schema-graph\">{\"@context\":\"https:\\\/\\\/schema.org\",\"@graph\":[{\"@type\":\"WebPage\",\"@id\":\"https:\\\/\\\/petrecycling.ch\\\/it\\\/ciclo-del-pet-svizzero\\\/raccolta\\\/alluminio\\\/\",\"url\":\"https:\\\/\\\/petrecycling.ch\\\/it\\\/ciclo-del-pet-svizzero\\\/raccolta\\\/alluminio\\\/\",\"name\":\"Alluminio - PET-Recycling Schweiz\",\"isPartOf\":{\"@id\":\"https:\\\/\\\/petrecycling.ch\\\/it\\\/#website\"},\"datePublished\":\"2023-06-07T15:10:32+00:00\",\"dateModified\":\"2023-06-21T08:30:07+00:00\",\"breadcrumb\":{\"@id\":\"https:\\\/\\\/petrecycling.ch\\\/it\\\/ciclo-del-pet-svizzero\\\/raccolta\\\/alluminio\\\/#breadcrumb\"},\"inLanguage\":\"it-IT\",\"potentialAction\":[{\"@type\":\"ReadAction\",\"target\":[\"https:\\\/\\\/petrecycling.ch\\\/it\\\/ciclo-del-pet-svizzero\\\/raccolta\\\/alluminio\\\/\"]}]},{\"@type\":\"BreadcrumbList\",\"@id\":\"https:\\\/\\\/petrecycling.ch\\\/it\\\/ciclo-del-pet-svizzero\\\/raccolta\\\/alluminio\\\/#breadcrumb\",\"itemListElement\":[{\"@type\":\"ListItem\",\"position\":1,\"name\":\"Startseite\",\"item\":\"https:\\\/\\\/petrecycling.ch\\\/it\\\/\"},{\"@type\":\"ListItem\",\"position\":2,\"name\":\"Ciclo del PET svizzero\",\"item\":\"https:\\\/\\\/petrecycling.ch\\\/it\\\/ciclo-del-pet-svizzero\\\/\"},{\"@type\":\"ListItem\",\"position\":3,\"name\":\"Raccolta\",\"item\":\"https:\\\/\\\/petrecycling.ch\\\/it\\\/ciclo-del-pet-svizzero\\\/raccolta\\\/\"},{\"@type\":\"ListItem\",\"position\":4,\"name\":\"Alluminio\"}]},{\"@type\":\"WebSite\",\"@id\":\"https:\\\/\\\/petrecycling.ch\\\/it\\\/#website\",\"url\":\"https:\\\/\\\/petrecycling.ch\\\/it\\\/\",\"name\":\"PET-Recycling Schweiz\",\"description\":\"Verein PRS PET-Recycling Schweiz \u00e8 stata fondata nel 1990 e si occupa della raccolta e del riciclaggio delle bottiglie per bevande in PET.\",\"publisher\":{\"@id\":\"https:\\\/\\\/petrecycling.ch\\\/it\\\/#organization\"},\"potentialAction\":[{\"@type\":\"SearchAction\",\"target\":{\"@type\":\"EntryPoint\",\"urlTemplate\":\"https:\\\/\\\/petrecycling.ch\\\/it\\\/?s={search_term_string}\"},\"query-input\":{\"@type\":\"PropertyValueSpecification\",\"valueRequired\":true,\"valueName\":\"search_term_string\"}}],\"inLanguage\":\"it-IT\"},{\"@type\":\"Organization\",\"@id\":\"https:\\\/\\\/petrecycling.ch\\\/it\\\/#organization\",\"name\":\"Verein PRS PET-Recycling Schweiz\",\"alternateName\":\"PET-Recycling Schweiz\",\"url\":\"https:\\\/\\\/petrecycling.ch\\\/it\\\/\",\"logo\":{\"@type\":\"ImageObject\",\"inLanguage\":\"it-IT\",\"@id\":\"https:\\\/\\\/petrecycling.ch\\\/it\\\/#\\\/schema\\\/logo\\\/image\\\/\",\"url\":\"https:\\\/\\\/petrecycling.ch\\\/wp-content\\\/uploads\\\/2023\\\/07\\\/PET_large_rgb.webp\",\"contentUrl\":\"https:\\\/\\\/petrecycling.ch\\\/wp-content\\\/uploads\\\/2023\\\/07\\\/PET_large_rgb.webp\",\"width\":1197,\"height\":1197,\"caption\":\"Verein PRS PET-Recycling Schweiz\"},\"image\":{\"@id\":\"https:\\\/\\\/petrecycling.ch\\\/it\\\/#\\\/schema\\\/logo\\\/image\\\/\"},\"sameAs\":[\"https:\\\/\\\/www.facebook.com\\\/petrecyclingschweiz\\\/\",\"https:\\\/\\\/www.linkedin.com\\\/company\\\/pet-recycling-schweiz\\\/\",\"https:\\\/\\\/www.tiktok.com\\\/@prs_petrecycling.ch\"]}]}<\/script>\n<!-- \/ Yoast SEO plugin. -->","yoast_head_json":{"title":"Alluminio - PET-Recycling Schweiz","robots":{"index":"index","follow":"follow","max-snippet":"max-snippet:-1","max-image-preview":"max-image-preview:large","max-video-preview":"max-video-preview:-1"},"canonical":"https:\/\/petrecycling.ch\/it\/ciclo-del-pet-svizzero\/raccolta\/alluminio\/","og_locale":"it_IT","og_type":"article","og_title":"Alluminio - PET-Recycling Schweiz","og_url":"https:\/\/petrecycling.ch\/it\/ciclo-del-pet-svizzero\/raccolta\/alluminio\/","og_site_name":"PET-Recycling Schweiz","article_publisher":"https:\/\/www.facebook.com\/petrecyclingschweiz\/","article_modified_time":"2023-06-21T08:30:07+00:00","twitter_card":"summary_large_image","schema":{"@context":"https:\/\/schema.org","@graph":[{"@type":"WebPage","@id":"https:\/\/petrecycling.ch\/it\/ciclo-del-pet-svizzero\/raccolta\/alluminio\/","url":"https:\/\/petrecycling.ch\/it\/ciclo-del-pet-svizzero\/raccolta\/alluminio\/","name":"Alluminio - PET-Recycling Schweiz","isPartOf":{"@id":"https:\/\/petrecycling.ch\/it\/#website"},"datePublished":"2023-06-07T15:10:32+00:00","dateModified":"2023-06-21T08:30:07+00:00","breadcrumb":{"@id":"https:\/\/petrecycling.ch\/it\/ciclo-del-pet-svizzero\/raccolta\/alluminio\/#breadcrumb"},"inLanguage":"it-IT","potentialAction":[{"@type":"ReadAction","target":["https:\/\/petrecycling.ch\/it\/ciclo-del-pet-svizzero\/raccolta\/alluminio\/"]}]},{"@type":"BreadcrumbList","@id":"https:\/\/petrecycling.ch\/it\/ciclo-del-pet-svizzero\/raccolta\/alluminio\/#breadcrumb","itemListElement":[{"@type":"ListItem","position":1,"name":"Startseite","item":"https:\/\/petrecycling.ch\/it\/"},{"@type":"ListItem","position":2,"name":"Ciclo del PET svizzero","item":"https:\/\/petrecycling.ch\/it\/ciclo-del-pet-svizzero\/"},{"@type":"ListItem","position":3,"name":"Raccolta","item":"https:\/\/petrecycling.ch\/it\/ciclo-del-pet-svizzero\/raccolta\/"},{"@type":"ListItem","position":4,"name":"Alluminio"}]},{"@type":"WebSite","@id":"https:\/\/petrecycling.ch\/it\/#website","url":"https:\/\/petrecycling.ch\/it\/","name":"PET-Recycling Schweiz","description":"Verein PRS PET-Recycling Schweiz \u00e8 stata fondata nel 1990 e si occupa della raccolta e del riciclaggio delle bottiglie per bevande in PET.","publisher":{"@id":"https:\/\/petrecycling.ch\/it\/#organization"},"potentialAction":[{"@type":"SearchAction","target":{"@type":"EntryPoint","urlTemplate":"https:\/\/petrecycling.ch\/it\/?s={search_term_string}"},"query-input":{"@type":"PropertyValueSpecification","valueRequired":true,"valueName":"search_term_string"}}],"inLanguage":"it-IT"},{"@type":"Organization","@id":"https:\/\/petrecycling.ch\/it\/#organization","name":"Verein PRS PET-Recycling Schweiz","alternateName":"PET-Recycling Schweiz","url":"https:\/\/petrecycling.ch\/it\/","logo":{"@type":"ImageObject","inLanguage":"it-IT","@id":"https:\/\/petrecycling.ch\/it\/#\/schema\/logo\/image\/","url":"https:\/\/petrecycling.ch\/wp-content\/uploads\/2023\/07\/PET_large_rgb.webp","contentUrl":"https:\/\/petrecycling.ch\/wp-content\/uploads\/2023\/07\/PET_large_rgb.webp","width":1197,"height":1197,"caption":"Verein PRS PET-Recycling Schweiz"},"image":{"@id":"https:\/\/petrecycling.ch\/it\/#\/schema\/logo\/image\/"},"sameAs":["https:\/\/www.facebook.com\/petrecyclingschweiz\/","https:\/\/www.linkedin.com\/company\/pet-recycling-schweiz\/","https:\/\/www.tiktok.com\/@prs_petrecycling.ch"]}]}},"_links":{"self":[{"href":"https:\/\/petrecycling.ch\/it\/wp-json\/wp\/v2\/pages\/9754","targetHints":{"allow":["GET"]}}],"collection":[{"href":"https:\/\/petrecycling.ch\/it\/wp-json\/wp\/v2\/pages"}],"about":[{"href":"https:\/\/petrecycling.ch\/it\/wp-json\/wp\/v2\/types\/page"}],"author":[{"embeddable":true,"href":"https:\/\/petrecycling.ch\/it\/wp-json\/wp\/v2\/users\/1"}],"replies":[{"embeddable":true,"href":"https:\/\/petrecycling.ch\/it\/wp-json\/wp\/v2\/comments?post=9754"}],"version-history":[{"count":10,"href":"https:\/\/petrecycling.ch\/it\/wp-json\/wp\/v2\/pages\/9754\/revisions"}],"predecessor-version":[{"id":10826,"href":"https:\/\/petrecycling.ch\/it\/wp-json\/wp\/v2\/pages\/9754\/revisions\/10826"}],"up":[{"embeddable":true,"href":"https:\/\/petrecycling.ch\/it\/wp-json\/wp\/v2\/pages\/8436"}],"wp:attachment":[{"href":"https:\/\/petrecycling.ch\/it\/wp-json\/wp\/v2\/media?parent=9754"}],"curies":[{"name":"wp","href":"https:\/\/api.w.org\/{rel}","templated":true}]}}