{"id":9753,"date":"2023-06-07T17:10:32","date_gmt":"2023-06-07T15:10:32","guid":{"rendered":"https:\/\/petrecycling.ch\/le-cycle-suisse-du-pet\/collecte\/aluminium\/"},"modified":"2023-06-09T14:16:16","modified_gmt":"2023-06-09T12:16:16","slug":"aluminium","status":"publish","type":"page","link":"https:\/\/petrecycling.ch\/fr\/le-cycle-suisse-du-pet\/collecte\/aluminium\/","title":{"rendered":"Aluminium"},"content":{"rendered":"\n<div id=\"header-slider-block_51f1410eb3aa03bf5a456d444ec2fd6d\" class=\"header-slider \n\">\n\n      <div class=\"swiper\">\n      <div class=\"swiper-wrapper\">\n                              <div class=\"swiper-slide\">\n              <div class=\"inner-type-bg-image  \" style=\"background: linear-gradient(#868677db 0, #ffffff 40%), url('https:\/\/petrecycling.ch\/wp-content\/uploads\/2023\/06\/PET-Recycling-Schweiz_Schweizer-PET-Kreislauf_Sammlung_Aluminium-aspect-ratio-1920-1080-2.jpg');background-blend-mode: multiply;\" >\n                <div class=\"container slide-content-wrapper\">\n                  <div class=\"row align-items-center\">\n                                        <div class=\"text-col col-md-8 col-lg-6 col-xl-5 offset-xl-1 \">\n                                              <h2 class=\"h2 heading-highlight \"><span class=\"highlight highlight-light\"><strong>Aluminium<\/strong><\/span><\/h2>\n                                                                                          <div class=\"links-wrapper\">\n                          <button class=\"link-btn-scroll-down link-btn-scroll-down-light\" type=\"button\">\n                            <?xml version=\"1.0\"?>\n<svg xmlns=\"http:\/\/www.w3.org\/2000\/svg\" width=\"36.609\" height=\"34.297\" viewBox=\"0 0 36.609 34.297\" class=\"icon pet_icons_rgb_rz_pos_chevrons_down_small-icon \" aria-hidden=\"true\" role=\"presentation\">\n  <g id=\"Gruppe_7591\" data-name=\"Gruppe 7591\" transform=\"translate(-184.514 -616.156)\">\n    <path id=\"Pfad_17818\" data-name=\"Pfad 17818\" d=\"M36.608,0,18.3,11.4,0,0V7.929l18.3,11.4,18.3-11.4Z\" transform=\"translate(184.515 616.156)\" fill=\"#faf500\"\/>\n    <path id=\"Pfad_17819\" data-name=\"Pfad 17819\" d=\"M36.608,0,18.3,11.4,0,0V7.929l18.3,11.4,18.3-11.4Z\" transform=\"translate(184.514 631.125)\" fill=\"#faf500\"\/>\n  <\/g>\n<\/svg>\n                          <\/button>\n                        <\/div>\n                                          <\/div>\n                  <\/div>\n                <\/div>\n              <\/div>\n            <\/div>\n                        <\/div>\n\n\n\n          <\/div>\n  \n<\/div>\n\n\n<div id=\"teaser-text-bild-block_c7bc3b7a2d55455d721b70c26064097f\" class=\"teaser-text-bild \n bg-white image-right \">\n  <div class=\"container \">\n    <div class=\"row\">\n      <div class=\"col-lg-6 col-xl-6 offset-xl-1  col-text\">\n                  <h2 class=\"h2 text-secondary\">\n            <strong>Collectez-vous<\/strong> <i>aussi<\/i> l\u2019aluminium?          <\/h2>\n        \n                                                            <div class=\"content-item text wysiwyg fs-body-text\">\n                  <div class=\"cms_content\">\n<p>Les points de collecte volontaires dans le secteur du travail et des loisirs contribuent de mani\u00e8re d\u00e9terminante au r\u00e9sultat de collecte de PET-Recycling Schweiz. Ce r\u00e9seau peut toutefois \u00eatre utilis\u00e9 de mani\u00e8re plus \u00e9cologique encore: si un point de collecte r\u00e9cup\u00e8re les bouteilles \u00e0 boissons en PET et l\u2019aluminium, les cannettes \u00e0 boissons en aluminium sont reprises par PET-Recycling Schweiz avec le PET. Ce transport commun rend la collecte plus \u00e9cologique et plus \u00e9conomique en augmentant la quantit\u00e9 de mani\u00e8re transport\u00e9e par trajet et en r\u00e9duisant le nombre d&rsquo;allers et retours. Au final, c\u2019est l\u2019environnement qui en profite.<\/p>\n<\/div>\n                <\/div>\n                          \n                        <\/div>\n\n              <div class=\"col-lg-5 col-xl-4 offset-lg-1\">\n          <div id=\"lightgallery_teaser-text-bild-block_c7bc3b7a2d55455d721b70c26064097f\" class=\"thumb-wrapper\">\n            <a class=\"lb-item\" href=\"https:\/\/petrecycling.ch\/wp-content\/uploads\/2023\/06\/PET-Recycling-Schweiz_Schweizer-PET-Kreislauf_Sammlung_Aluminium_Aluminium-sammeln-aspect-ratio-1080-1180-1.jpg\">\n              <img decoding=\"async\" class=\"img-fluid\" src=\"https:\/\/petrecycling.ch\/wp-content\/uploads\/2023\/06\/PET-Recycling-Schweiz_Schweizer-PET-Kreislauf_Sammlung_Aluminium_Aluminium-sammeln-aspect-ratio-1080-1180-1.jpg\" alt=\"\">\n            <\/a>\n          <\/div>\n        <\/div>\n          <\/div>\n  <\/div>\n<\/div>\n\n\n<div id=\"teaser-text-bild-block_dec17195e314bf04d0d60b16bd88dd85\" class=\"teaser-text-bild \n bg-grey-light image-left \">\n  <div class=\"container \">\n    <div class=\"row\">\n      <div class=\"col-lg-6 col-xl-6 offset-lg-1 order-2  col-text\">\n                  <h2 class=\"h2 text-secondary\">\n            <strong>Comment<\/strong> <i>le ramassage<\/i> fonctionne-t-il?          <\/h2>\n        \n                                                            <div class=\"content-item text wysiwyg fs-body-text\">\n                  <div class=\"l_site_width l_site_width-narrow\">\n<div class=\"cms_content\">\n<p>PET-Recycling Schweiz propose un service de ramassage gratuit. Sur demande,\u00a0<a href=\"https:\/\/petrecycling.ch\/fr\/le-cycle-suisse-du-pet\/transport-et-logistique\/trouver-un-partenaire-delimination\/\">les partenaires d&rsquo;\u00e9limination<\/a>\u00a0de PET-Recycling Schweiz emportent au minimum 5 sacs de PET et\/ou de cannettes, facilitant ainsi la collecte de l\u2019aluminium. Le nombre de sacs d\u2019alu et de PET ne joue alors aucun r\u00f4le. Il faut simplement qu\u2019il y ait au moins 5 sacs \u00e0 emporter.<\/p>\n<p>Si vous commandez un conteneur de collecte via\u00a0<a href=\"https:\/\/petrecycling.ch\/fr\/boutique-en-ligne\/\">la boutique en ligne de PET-Recycling Schweiz<\/a>, vous recevrez automatiquement une confirmation d\u2019inscription pour votre point de collecte. Vous pouvez d\u00e8s \u00e0 pr\u00e9sent profiter du service d\u2019enl\u00e8vement gratuit.<\/p>\n<p>Souhaitez-vous profiter du service d\u2019enl\u00e8vement gratuit (sauf pour les m\u00e9nages) bien que vous n\u2019achetiez pas de conteneur de collecte via\u00a0<a href=\"https:\/\/petrecycling.ch\/fr\/boutique-en-ligne\/\">la boutique en ligne de PET-Recycling Schweiz<\/a>? Le cas \u00e9ch\u00e9ant, veuillez vous enregistrer ici:<\/p>\n<\/div>\n<\/div>\n                <\/div>\n                          \n                                                    <div class=\"links-wrapper\">\n                                                          <div class=\"link-btn-primary-wrapper\">\n                        <a href=\"https:\/\/petrecycling.ch\/fr\/a-notre-propos\/points-de-collecte\/enregistrer-un-point-de-collecte\/\" target=\"_self\" class=\"link-btn-primary\">\n                          <span>Enregistrer un<\/span><br \/>\r\n<span>point de collecte<\/span>                        <\/a>\n                      <\/div>\n                                                      <\/div>\n              \n            \n                        <\/div>\n\n              <div class=\"col-lg-5 col-xl-4 order-1\">\n          <div id=\"lightgallery_teaser-text-bild-block_dec17195e314bf04d0d60b16bd88dd85\" class=\"thumb-wrapper\">\n            <a class=\"lb-item\" href=\"https:\/\/petrecycling.ch\/wp-content\/uploads\/2023\/06\/PET-Recycling-Schweiz_Schweizer-PET-Kreislauf_Sammlung_Aluminium_Abholung-aspect-ratio-1080-1180-1.jpg\">\n              <img decoding=\"async\" class=\"img-fluid\" src=\"https:\/\/petrecycling.ch\/wp-content\/uploads\/2023\/06\/PET-Recycling-Schweiz_Schweizer-PET-Kreislauf_Sammlung_Aluminium_Abholung-aspect-ratio-1080-1180-1.jpg\" alt=\"\">\n            <\/a>\n          <\/div>\n        <\/div>\n          <\/div>\n  <\/div>\n<\/div>\n\n\n<div id=\"teaser-text-bild-block_fadf0d75ba6f1b13100fa2f920fac977\" class=\"teaser-text-bild \n bg-white image-right \">\n  <div class=\"container \">\n    <div class=\"row\">\n      <div class=\"col-lg-6 col-xl-6 offset-xl-1  col-text\">\n                  <h2 class=\"h2 text-secondary\">\n            <strong>Comment<\/strong> <i>la collecte<\/i> fontionne-t-elle?          <\/h2>\n        \n                                                            <div class=\"content-item text wysiwyg fs-body-text\">\n                  <div class=\"cms_content\">\n<p>Malgr\u00e9 le fait que les sacs soient emport\u00e9s en m\u00eame temps, les bouteilles \u00e0 boissons en PET et les cannettes en aluminium\u00a0<strong>ne doivent pas se trouver dans le m\u00eame sac<\/strong>. Des sacs distincts sont pr\u00e9vus pour chacun des deux mat\u00e9riaux.<\/p>\n<p>Sur\u00a0<a href=\"https:\/\/www.petrecycling.ch\/fr\/commander\">la boutique en ligne de PET-Recycling Schweiz<\/a>\u00a0, vous pouvez commander des\u00a0<a href=\"https:\/\/petrecycling.ch\/fr\/boutique-en-ligne\/categorie\/conteneurs-pour-la-collecte\/\">conteneurs de collecte du PET<\/a>\u00a0et des\u00a0<a href=\"https:\/\/petrecycling.ch\/fr\/boutique-en-ligne\/categorie\/sacs-de-collecte\/\">sacs de collecte du PET<\/a>\u00a0. Les sacs et les conteneurs de collecte pour l\u2019aluminium peuvent \u00eatre command\u00e9s directement sur\u00a0<a href=\"https:\/\/www.igora.ch\/fr\/shop\/\" target=\"_blank\" rel=\"noopener\">le shop de la coop\u00e9rative IGORA pour le recyclage de l\u2019aluminium<\/a>.<\/p>\n<p>Vous trouverez toutes les informations n\u00e9cessaires sur le recyclage de l\u2019aluminium aupr\u00e8s de la Coop\u00e9rative IGORA:\u00a0<a href=\"https:\/\/www.igora.ch\/fr\/home\/\" target=\"_blank\" rel=\"noopener\">www.igora.ch<\/a><\/p>\n<\/div>\n                <\/div>\n                          \n                                                    <div class=\"row downloads\">\n                                                            <div class=\"col-xl-6 download-item mb-5\">\n                        <a href=\"https:\/\/petrecycling.ch\/wp-content\/uploads\/2023\/06\/FAQ_ALU_Sammlung_Firma_f.pdf\" download=\"FAQ_ALU_Sammlung_Firma_f\" class=\"icon-link link-btn-primary-left\">\n                          <div class=\"icon-wrapper\">\n                            <?xml version=\"1.0\"?>\n<svg xmlns=\"http:\/\/www.w3.org\/2000\/svg\" id=\"Ebene_1\" data-name=\"Ebene 1\" viewBox=\"0 0 127.56 127.56\" class=\"icon pet_icons_rgb_rz_pos_text_download-icon \" aria-hidden=\"true\" role=\"presentation\"><defs><style>.cls-1{fill:#4a9fff;}<\/style><\/defs><g id=\"Gruppe_7750\" data-name=\"Gruppe 7750\"><g id=\"Orion_download-document\" data-name=\"Orion download-document\"><g id=\"layer2\"><path d=\"M82.39,48.73H60.69a1.5,1.5,0,0,1-1.5-1.5V25.52a1.5,1.5,0,1,1,3,0V45.73h20.2a1.5,1.5,0,0,1,0,3Z\"\/><\/g><\/g><g id=\"Differenzmenge_2\" data-name=\"Differenzmenge 2\"><path d=\"M64.38,108.42H22.7a1.5,1.5,0,0,1-1.5-1.5V25.52A1.5,1.5,0,0,1,22.7,24h38a1.47,1.47,0,0,1,1.06.44l21.71,21.7a1.53,1.53,0,0,1,.43,1.07V60.12a1.5,1.5,0,0,1-3,0V47.85L60.07,27H24.2v78.4H64.38a1.5,1.5,0,0,1,0,3Z\"\/><\/g><g id=\"layer1\"><path d=\"M83.07,103.67h0a1.46,1.46,0,0,1-1-.38L82,103.2h0l-.06-.07-10.3-12.2A1.5,1.5,0,1,1,73.91,89l7.66,9.07V72.32a1.5,1.5,0,0,1,3,0V98.07L92.24,89a1.5,1.5,0,0,1,2.29,1.93l-10.3,12.2a.6.6,0,0,1-.08.08h0l-.06.06h0a1.51,1.51,0,0,1-1,.39h0Z\"\/><\/g><g id=\"Pfad_17844\" data-name=\"Pfad 17844\"><path d=\"M91.39,62.67a1.5,1.5,0,0,1-1.5-1.5V19.59H32.34v5.93a1.5,1.5,0,0,1-3,0V18.09a1.5,1.5,0,0,1,1.5-1.5H91.39a1.5,1.5,0,0,1,1.5,1.5V61.17A1.5,1.5,0,0,1,91.39,62.67Z\"\/><\/g><g id=\"Pfad_17801\" data-name=\"Pfad 17801\"><path class=\"cls-1\" d=\"M83.12,115.4a28.07,28.07,0,1,1,28.07-28.06A28.1,28.1,0,0,1,83.12,115.4Zm0-50.63a22.57,22.57,0,1,0,22.57,22.57A22.6,22.6,0,0,0,83.12,64.77Z\"\/><\/g><\/g><\/svg>\n                          <\/div>\n                          <div class=\"title-wrapper highlight\">\n                            <span>Questions et r\u00e9ponses:<\/span><br \/>\r\n<span>la collecte d&rsquo;aluminium<\/span>                          <\/div>\n                        <\/a>\n                      <\/div>\n                                                      <\/div>\n                          \n                        <\/div>\n\n              <div class=\"col-lg-5 col-xl-4 offset-lg-1\">\n          <div id=\"lightgallery_teaser-text-bild-block_fadf0d75ba6f1b13100fa2f920fac977\" class=\"thumb-wrapper\">\n            <a class=\"lb-item\" href=\"https:\/\/petrecycling.ch\/wp-content\/uploads\/2023\/06\/PET-Recycling-Schweiz_Schweizer-PET-Kreislauf_Sammlung_Aluminium_Sammlung-aspect-ratio-1080-1180-1.jpg\">\n              <img decoding=\"async\" class=\"img-fluid\" src=\"https:\/\/petrecycling.ch\/wp-content\/uploads\/2023\/06\/PET-Recycling-Schweiz_Schweizer-PET-Kreislauf_Sammlung_Aluminium_Sammlung-aspect-ratio-1080-1180-1.jpg\" alt=\"\">\n            <\/a>\n          <\/div>\n        <\/div>\n          <\/div>\n  <\/div>\n<\/div>","protected":false},"excerpt":{"rendered":"","protected":false},"author":1,"featured_media":0,"parent":7250,"menu_order":0,"comment_status":"closed","ping_status":"closed","template":"","meta":{"_acf_changed":false,"footnotes":""},"class_list":["post-9753","page","type-page","status-publish","hentry"],"acf":[],"yoast_head":"<!-- This site is optimized with the Yoast SEO plugin v27.5 - https:\/\/yoast.com\/product\/yoast-seo-wordpress\/ -->\n<title>Aluminium - PET-Recycling Schweiz<\/title>\n<meta name=\"robots\" content=\"index, follow, max-snippet:-1, max-image-preview:large, max-video-preview:-1\" \/>\n<link rel=\"canonical\" href=\"https:\/\/petrecycling.ch\/fr\/le-cycle-suisse-du-pet\/collecte\/aluminium\/\" \/>\n<meta property=\"og:locale\" content=\"fr_FR\" \/>\n<meta property=\"og:type\" content=\"article\" \/>\n<meta property=\"og:title\" content=\"Aluminium - PET-Recycling Schweiz\" \/>\n<meta property=\"og:url\" content=\"https:\/\/petrecycling.ch\/fr\/le-cycle-suisse-du-pet\/collecte\/aluminium\/\" \/>\n<meta property=\"og:site_name\" content=\"PET-Recycling Schweiz\" \/>\n<meta property=\"article:publisher\" content=\"https:\/\/www.facebook.com\/petrecyclingschweiz\/\" \/>\n<meta property=\"article:modified_time\" content=\"2023-06-09T12:16:16+00:00\" \/>\n<meta name=\"twitter:card\" content=\"summary_large_image\" \/>\n<script type=\"application\/ld+json\" class=\"yoast-schema-graph\">{\"@context\":\"https:\\\/\\\/schema.org\",\"@graph\":[{\"@type\":\"WebPage\",\"@id\":\"https:\\\/\\\/petrecycling.ch\\\/fr\\\/le-cycle-suisse-du-pet\\\/collecte\\\/aluminium\\\/\",\"url\":\"https:\\\/\\\/petrecycling.ch\\\/fr\\\/le-cycle-suisse-du-pet\\\/collecte\\\/aluminium\\\/\",\"name\":\"Aluminium - PET-Recycling Schweiz\",\"isPartOf\":{\"@id\":\"https:\\\/\\\/petrecycling.ch\\\/fr\\\/#website\"},\"datePublished\":\"2023-06-07T15:10:32+00:00\",\"dateModified\":\"2023-06-09T12:16:16+00:00\",\"breadcrumb\":{\"@id\":\"https:\\\/\\\/petrecycling.ch\\\/fr\\\/le-cycle-suisse-du-pet\\\/collecte\\\/aluminium\\\/#breadcrumb\"},\"inLanguage\":\"fr-FR\",\"potentialAction\":[{\"@type\":\"ReadAction\",\"target\":[\"https:\\\/\\\/petrecycling.ch\\\/fr\\\/le-cycle-suisse-du-pet\\\/collecte\\\/aluminium\\\/\"]}]},{\"@type\":\"BreadcrumbList\",\"@id\":\"https:\\\/\\\/petrecycling.ch\\\/fr\\\/le-cycle-suisse-du-pet\\\/collecte\\\/aluminium\\\/#breadcrumb\",\"itemListElement\":[{\"@type\":\"ListItem\",\"position\":1,\"name\":\"Startseite\",\"item\":\"https:\\\/\\\/petrecycling.ch\\\/fr\\\/\"},{\"@type\":\"ListItem\",\"position\":2,\"name\":\"Le\u00a0cycle suisse des bouteilles \u00e0 boissons\u00a0en PET\",\"item\":\"https:\\\/\\\/petrecycling.ch\\\/fr\\\/le-cycle-suisse-du-pet\\\/\"},{\"@type\":\"ListItem\",\"position\":3,\"name\":\"Collecte\",\"item\":\"https:\\\/\\\/petrecycling.ch\\\/fr\\\/le-cycle-suisse-du-pet\\\/collecte\\\/\"},{\"@type\":\"ListItem\",\"position\":4,\"name\":\"Aluminium\"}]},{\"@type\":\"WebSite\",\"@id\":\"https:\\\/\\\/petrecycling.ch\\\/fr\\\/#website\",\"url\":\"https:\\\/\\\/petrecycling.ch\\\/fr\\\/\",\"name\":\"PET-Recycling Schweiz\",\"description\":\"Verein PRS PET-Recycling Schweiz a \u00e9t\u00e9 fond\u00e9e en 1990 et s&#039;occupe de la collecte et du recyclage des bouteilles en PET pour boissons.\",\"publisher\":{\"@id\":\"https:\\\/\\\/petrecycling.ch\\\/fr\\\/#organization\"},\"potentialAction\":[{\"@type\":\"SearchAction\",\"target\":{\"@type\":\"EntryPoint\",\"urlTemplate\":\"https:\\\/\\\/petrecycling.ch\\\/fr\\\/?s={search_term_string}\"},\"query-input\":{\"@type\":\"PropertyValueSpecification\",\"valueRequired\":true,\"valueName\":\"search_term_string\"}}],\"inLanguage\":\"fr-FR\"},{\"@type\":\"Organization\",\"@id\":\"https:\\\/\\\/petrecycling.ch\\\/fr\\\/#organization\",\"name\":\"Verein PRS PET-Recycling Schweiz\",\"alternateName\":\"PET-Recycling Schweiz\",\"url\":\"https:\\\/\\\/petrecycling.ch\\\/fr\\\/\",\"logo\":{\"@type\":\"ImageObject\",\"inLanguage\":\"fr-FR\",\"@id\":\"https:\\\/\\\/petrecycling.ch\\\/fr\\\/#\\\/schema\\\/logo\\\/image\\\/\",\"url\":\"https:\\\/\\\/petrecycling.ch\\\/wp-content\\\/uploads\\\/2023\\\/07\\\/PET_large_rgb.webp\",\"contentUrl\":\"https:\\\/\\\/petrecycling.ch\\\/wp-content\\\/uploads\\\/2023\\\/07\\\/PET_large_rgb.webp\",\"width\":1197,\"height\":1197,\"caption\":\"Verein PRS PET-Recycling Schweiz\"},\"image\":{\"@id\":\"https:\\\/\\\/petrecycling.ch\\\/fr\\\/#\\\/schema\\\/logo\\\/image\\\/\"},\"sameAs\":[\"https:\\\/\\\/www.facebook.com\\\/petrecyclingschweiz\\\/\",\"https:\\\/\\\/www.linkedin.com\\\/company\\\/pet-recycling-schweiz\\\/\",\"https:\\\/\\\/www.tiktok.com\\\/@prs_petrecycling.ch\"]}]}<\/script>\n<!-- \/ Yoast SEO plugin. -->","yoast_head_json":{"title":"Aluminium - PET-Recycling Schweiz","robots":{"index":"index","follow":"follow","max-snippet":"max-snippet:-1","max-image-preview":"max-image-preview:large","max-video-preview":"max-video-preview:-1"},"canonical":"https:\/\/petrecycling.ch\/fr\/le-cycle-suisse-du-pet\/collecte\/aluminium\/","og_locale":"fr_FR","og_type":"article","og_title":"Aluminium - PET-Recycling Schweiz","og_url":"https:\/\/petrecycling.ch\/fr\/le-cycle-suisse-du-pet\/collecte\/aluminium\/","og_site_name":"PET-Recycling Schweiz","article_publisher":"https:\/\/www.facebook.com\/petrecyclingschweiz\/","article_modified_time":"2023-06-09T12:16:16+00:00","twitter_card":"summary_large_image","schema":{"@context":"https:\/\/schema.org","@graph":[{"@type":"WebPage","@id":"https:\/\/petrecycling.ch\/fr\/le-cycle-suisse-du-pet\/collecte\/aluminium\/","url":"https:\/\/petrecycling.ch\/fr\/le-cycle-suisse-du-pet\/collecte\/aluminium\/","name":"Aluminium - PET-Recycling Schweiz","isPartOf":{"@id":"https:\/\/petrecycling.ch\/fr\/#website"},"datePublished":"2023-06-07T15:10:32+00:00","dateModified":"2023-06-09T12:16:16+00:00","breadcrumb":{"@id":"https:\/\/petrecycling.ch\/fr\/le-cycle-suisse-du-pet\/collecte\/aluminium\/#breadcrumb"},"inLanguage":"fr-FR","potentialAction":[{"@type":"ReadAction","target":["https:\/\/petrecycling.ch\/fr\/le-cycle-suisse-du-pet\/collecte\/aluminium\/"]}]},{"@type":"BreadcrumbList","@id":"https:\/\/petrecycling.ch\/fr\/le-cycle-suisse-du-pet\/collecte\/aluminium\/#breadcrumb","itemListElement":[{"@type":"ListItem","position":1,"name":"Startseite","item":"https:\/\/petrecycling.ch\/fr\/"},{"@type":"ListItem","position":2,"name":"Le\u00a0cycle suisse des bouteilles \u00e0 boissons\u00a0en PET","item":"https:\/\/petrecycling.ch\/fr\/le-cycle-suisse-du-pet\/"},{"@type":"ListItem","position":3,"name":"Collecte","item":"https:\/\/petrecycling.ch\/fr\/le-cycle-suisse-du-pet\/collecte\/"},{"@type":"ListItem","position":4,"name":"Aluminium"}]},{"@type":"WebSite","@id":"https:\/\/petrecycling.ch\/fr\/#website","url":"https:\/\/petrecycling.ch\/fr\/","name":"PET-Recycling Schweiz","description":"Verein PRS PET-Recycling Schweiz a \u00e9t\u00e9 fond\u00e9e en 1990 et s&#039;occupe de la collecte et du recyclage des bouteilles en PET pour boissons.","publisher":{"@id":"https:\/\/petrecycling.ch\/fr\/#organization"},"potentialAction":[{"@type":"SearchAction","target":{"@type":"EntryPoint","urlTemplate":"https:\/\/petrecycling.ch\/fr\/?s={search_term_string}"},"query-input":{"@type":"PropertyValueSpecification","valueRequired":true,"valueName":"search_term_string"}}],"inLanguage":"fr-FR"},{"@type":"Organization","@id":"https:\/\/petrecycling.ch\/fr\/#organization","name":"Verein PRS PET-Recycling Schweiz","alternateName":"PET-Recycling Schweiz","url":"https:\/\/petrecycling.ch\/fr\/","logo":{"@type":"ImageObject","inLanguage":"fr-FR","@id":"https:\/\/petrecycling.ch\/fr\/#\/schema\/logo\/image\/","url":"https:\/\/petrecycling.ch\/wp-content\/uploads\/2023\/07\/PET_large_rgb.webp","contentUrl":"https:\/\/petrecycling.ch\/wp-content\/uploads\/2023\/07\/PET_large_rgb.webp","width":1197,"height":1197,"caption":"Verein PRS PET-Recycling Schweiz"},"image":{"@id":"https:\/\/petrecycling.ch\/fr\/#\/schema\/logo\/image\/"},"sameAs":["https:\/\/www.facebook.com\/petrecyclingschweiz\/","https:\/\/www.linkedin.com\/company\/pet-recycling-schweiz\/","https:\/\/www.tiktok.com\/@prs_petrecycling.ch"]}]}},"_links":{"self":[{"href":"https:\/\/petrecycling.ch\/fr\/wp-json\/wp\/v2\/pages\/9753","targetHints":{"allow":["GET"]}}],"collection":[{"href":"https:\/\/petrecycling.ch\/fr\/wp-json\/wp\/v2\/pages"}],"about":[{"href":"https:\/\/petrecycling.ch\/fr\/wp-json\/wp\/v2\/types\/page"}],"author":[{"embeddable":true,"href":"https:\/\/petrecycling.ch\/fr\/wp-json\/wp\/v2\/users\/1"}],"replies":[{"embeddable":true,"href":"https:\/\/petrecycling.ch\/fr\/wp-json\/wp\/v2\/comments?post=9753"}],"version-history":[{"count":4,"href":"https:\/\/petrecycling.ch\/fr\/wp-json\/wp\/v2\/pages\/9753\/revisions"}],"predecessor-version":[{"id":10185,"href":"https:\/\/petrecycling.ch\/fr\/wp-json\/wp\/v2\/pages\/9753\/revisions\/10185"}],"up":[{"embeddable":true,"href":"https:\/\/petrecycling.ch\/fr\/wp-json\/wp\/v2\/pages\/7250"}],"wp:attachment":[{"href":"https:\/\/petrecycling.ch\/fr\/wp-json\/wp\/v2\/media?parent=9753"}],"curies":[{"name":"wp","href":"https:\/\/api.w.org\/{rel}","templated":true}]}}