{"id":7331,"date":"2023-01-16T13:50:48","date_gmt":"2023-01-16T12:50:48","guid":{"rendered":"https:\/\/petrecycling.ch\/agb\/"},"modified":"2023-05-25T14:01:21","modified_gmt":"2023-05-25T12:01:21","slug":"ccg","status":"publish","type":"page","link":"https:\/\/petrecycling.ch\/fr\/ccg\/","title":{"rendered":"Conditions commerciales g\u00e9n\u00e9rales"},"content":{"rendered":"\n<div id=\"text-einspaltig-block_69ca7d7279cf5dd7e08d5cded50383d4\" class=\"text-einspaltig \n pb-small bg-white\">\n  <div class=\"container custom-padding-big  pb-0\">\n    <div class=\"row\">\n      <div class=\"offset-xl-1 col-xl-10\">\n                  <h2 class=\"h2 text-secondary hyphens-xs-auto\"><strong>Conditions commerciales g\u00e9n\u00e9rales<\/strong><\/h2>\n                          <h3 class=\"h3\">1. <strong><i>G\u00e9n\u00e9ralit\u00e9s<\/i><\/strong><\/h3>\n                          <div class=\"text wysiwyg wysiwyg-line-break-big fs-body-text\">\n            <p>Les pr\u00e9sentes Conditions commerciales g\u00e9n\u00e9rales (CCG) s\u2019appliquent \u00e0 toutes les offres, livraisons et prestations de l\u2019organisation PRS PET-Recycling Schweiz &#8211; ci-apr\u00e8s d\u00e9sign\u00e9e par PET-Recycling Schweiz. Pour \u00eatre valable, tout accord divergeant des pr\u00e9sentes CCG requiert la forme \u00e9crite.<\/p>\n<p>En passant sa commande, le client d\u00e9clare accepter le contenu des CCG. Il confirme avoir re\u00e7u les CCG ou les avoir lues sur internet. Elles constituent une partie contractuelle int\u00e9grante des prestations.<\/p>\n          <\/div>\n                      <\/div>\n    <\/div>\n\n  <\/div>\n<\/div>\n\n\n<div id=\"text-einspaltig-block_455459cdf3aefa04ef9561b7c159e4f7\" class=\"text-einspaltig \n pb-small bg-white\">\n  <div class=\"container custom-padding-medium  pb-0\">\n    <div class=\"row\">\n      <div class=\"offset-xl-1 col-xl-10\">\n                          <h3 class=\"h3\">2. <strong><i>Offre<\/i><\/strong><\/h3>\n                          <div class=\"text wysiwyg wysiwyg-line-break-big fs-body-text\">\n            <p>La totalit\u00e9 des offres de l\u2019organisation PRS PET-Recycling Schweiz (PRS) s\u2019adresse exclusivement \u00e0 des clients domicili\u00e9s en Suisse ou dans la Principaut\u00e9 du Liechtenstein. Ces offres sont donn\u00e9es sans engagement.<\/p>\n<p>Le contrat entre le client et PET-Recycling Schweiz n\u2019intervient que si la commande du client est accept\u00e9e par PET-Recycling Schweiz. Le client peut passer sa commande par t\u00e9l\u00e9phone, par \u00e9crit ou en ligne. PET-Recycling Schweiz accepte la commande en effectuant la livraison dans les d\u00e9lais ou en faisant parvenir au client une confirmation de commande pour les articles qui ne sont pas disponibles en stock.<\/p>\n          <\/div>\n                      <\/div>\n    <\/div>\n\n  <\/div>\n<\/div>\n\n\n<div id=\"text-einspaltig-block_5875bfa51211f4591db0f2f6cd9649cb\" class=\"text-einspaltig \n pb-small bg-white\">\n  <div class=\"container custom-padding-medium  pb-0\">\n    <div class=\"row\">\n      <div class=\"offset-xl-1 col-xl-10\">\n                          <h3 class=\"h3\">3. <strong><i>Prix<\/i><\/strong><\/h3>\n                          <div class=\"text wysiwyg wysiwyg-line-break-big fs-body-text\">\n            <p>Tous les prix sont libell\u00e9s en francs suisses, hors TVA. Sont valables les listes de prix en vigueur en date de la passation de la commande. Les modifications des listes de prix restent r\u00e9serv\u00e9es.<\/p>\n          <\/div>\n                      <\/div>\n    <\/div>\n\n  <\/div>\n<\/div>\n\n\n<div id=\"text-einspaltig-block_9b72a306ca127e33891b0d72061deb0e\" class=\"text-einspaltig \n pb-small bg-white\">\n  <div class=\"container custom-padding-medium  pb-0\">\n    <div class=\"row\">\n      <div class=\"offset-xl-1 col-xl-10\">\n                          <h3 class=\"h3\">4. <strong><i>Conditions de livraison<\/i><\/strong><\/h3>\n                          <div class=\"text wysiwyg wysiwyg-line-break-big fs-body-text\">\n            <p>Les co\u00fbts de transport et d\u2019emballage sont compris dans les prix.<\/p>\n          <\/div>\n                      <\/div>\n    <\/div>\n\n  <\/div>\n<\/div>\n\n\n<div id=\"text-einspaltig-block_811b1667ae481380375296ceaf547f4a\" class=\"text-einspaltig \n pb-small bg-white\">\n  <div class=\"container custom-padding-medium  pb-0\">\n    <div class=\"row\">\n      <div class=\"offset-xl-1 col-xl-10\">\n                          <h3 class=\"h3\">5. <strong><i>D\u00e9lais de livraison<\/i><\/strong><\/h3>\n                          <div class=\"text wysiwyg wysiwyg-line-break-big fs-body-text\">\n            <p>La livraison ex stock intervient en r\u00e8gle g\u00e9n\u00e9rale dans les trois semaines qui suivent la r\u00e9ception de la commande. En cas de rupture du stock, la livraison intervient dans le d\u00e9lai indiqu\u00e9 dans la confirmation de la commande. En cas de retard de livraison, le client n\u2019a pas droit \u00e0 des pr\u00e9tentions \u00e0 r\u00e9parations. Un retard de livraison ne donne notamment pas le droit au client de se retirer du contrat. Dans le cas de grandes quantit\u00e9s, les d\u00e9lais de livraison sont d\u00e9termin\u00e9s d\u2019un commun accord entre le client et PET-Recycling Schweiz.<\/p>\n          <\/div>\n                      <\/div>\n    <\/div>\n\n  <\/div>\n<\/div>\n\n\n<div id=\"text-einspaltig-block_028269039f109e56ee074ca83b8a7793\" class=\"text-einspaltig \n pb-small bg-white\">\n  <div class=\"container custom-padding-medium  pb-0\">\n    <div class=\"row\">\n      <div class=\"offset-xl-1 col-xl-10\">\n                          <h3 class=\"h3\">6. <strong><i>Transfert des risques au client<\/i><\/strong><\/h3>\n                          <div class=\"text wysiwyg wysiwyg-line-break-big fs-body-text\">\n            <p>Les risques sont transf\u00e9r\u00e9s au client lors de la pr\u00e9paration de la marchandise pour le transport.<\/p>\n          <\/div>\n                      <\/div>\n    <\/div>\n\n  <\/div>\n<\/div>\n\n\n<div id=\"text-einspaltig-block_a02360fc2129ad0cf9aa7799ed92963f\" class=\"text-einspaltig \n pb-small bg-white\">\n  <div class=\"container custom-padding-medium  pb-0\">\n    <div class=\"row\">\n      <div class=\"offset-xl-1 col-xl-10\">\n                          <h3 class=\"h3\">7. <strong><i>Contr\u00f4le et r\u00e9clamation<\/i><\/strong><\/h3>\n                          <div class=\"text wysiwyg wysiwyg-line-break-big fs-body-text\">\n            <p>Le client est tenu de contr\u00f4ler l\u2019exactitude (quantit\u00e9 et conformit\u00e9) des produits livr\u00e9s imm\u00e9diatement apr\u00e8s la r\u00e9ception. D\u2019\u00e9ventuels dommages, vices ou r\u00e9clamations doivent \u00eatre communiqu\u00e9s par \u00e9crit \u00e0 PET-Recycling Schweiz imm\u00e9diatement apr\u00e8s leur d\u00e9couverte, mais au plus tard dans les 14 jours qui suivent la livraison.<\/p>\n          <\/div>\n                      <\/div>\n    <\/div>\n\n  <\/div>\n<\/div>\n\n\n<div id=\"text-einspaltig-block_1fea41a064662dfbcf54be9cdb6bba5e\" class=\"text-einspaltig \n pb-small bg-white\">\n  <div class=\"container custom-padding-medium  pb-0\">\n    <div class=\"row\">\n      <div class=\"offset-xl-1 col-xl-10\">\n                          <h3 class=\"h3\">8. <strong><i>Reprise<\/i><\/strong><\/h3>\n                          <div class=\"text wysiwyg wysiwyg-line-break-big fs-body-text\">\n            <p>Une reprise des marchandises intervient exclusivement en accord avec PET-Recycling Schweiz. Les frais de restitution sont \u00e0 la charge du client (frais de transport, frais de port, etc.).<\/p>\n          <\/div>\n                      <\/div>\n    <\/div>\n\n  <\/div>\n<\/div>\n\n\n<div id=\"text-einspaltig-block_bc8ef2b21e7c7c6d367c810de71e7934\" class=\"text-einspaltig \n pb-small bg-white\">\n  <div class=\"container custom-padding-medium  pb-0\">\n    <div class=\"row\">\n      <div class=\"offset-xl-1 col-xl-10\">\n                          <h3 class=\"h3\">9. <strong><i>Conditions de paiement<\/i><\/strong><\/h3>\n                          <div class=\"text wysiwyg wysiwyg-line-break-big fs-body-text\">\n            <p>Le montant de la facture est payable dans les 30 jours qui suivent la date de la facture. PET-Recycling Schweiz n\u2019accorde aucun escompte.<\/p>\n<p>Si le client est en retard de paiement, des int\u00e9r\u00eats moratoires de 5% seront pris en compte. De plus, des frais de rappel de CHF 20.00 par rappel seront factur\u00e9s.<\/p>\n          <\/div>\n                      <\/div>\n    <\/div>\n\n  <\/div>\n<\/div>\n\n\n<div id=\"text-einspaltig-block_34e09322e548ba7fbaecc343e47bed84\" class=\"text-einspaltig \n pb-small bg-white\">\n  <div class=\"container custom-padding-medium  pb-0\">\n    <div class=\"row\">\n      <div class=\"offset-xl-1 col-xl-10\">\n                          <h3 class=\"h3\">10. <strong><i>R\u00e9serve de propri\u00e9t\u00e9<\/i><\/strong><\/h3>\n                          <div class=\"text wysiwyg wysiwyg-line-break-big fs-body-text\">\n            <p>Jusqu\u2019au paiement int\u00e9gral de toutes les pr\u00e9tentions, la marchandise livr\u00e9e reste la propri\u00e9t\u00e9 de PET-Recycling Schweiz. PET-Recycling Schweiz est en droit de faire inscrire la r\u00e9serve de propri\u00e9t\u00e9 sur le registre correspondant du domicile du client.<\/p>\n          <\/div>\n                      <\/div>\n    <\/div>\n\n  <\/div>\n<\/div>\n\n\n<div id=\"text-einspaltig-block_1152bab88a3416eba5f03a0a6a01a531\" class=\"text-einspaltig \n pb-small bg-white\">\n  <div class=\"container custom-padding-medium  pb-0\">\n    <div class=\"row\">\n      <div class=\"offset-xl-1 col-xl-10\">\n                          <h3 class=\"h3\">11. <strong><i>Garantie<\/i><\/strong><\/h3>\n                          <div class=\"text wysiwyg wysiwyg-line-break-big fs-body-text\">\n            <p>Sont applicables les conditions et les prestations de garantie du fabricant du produit concern\u00e9. Toute autre pr\u00e9tention \u00e0 garantie est express\u00e9ment exclue. Lors de pr\u00e9tentions de garantie entre le client et le fabricant du produit, PET-Recycling Schweiz fait office de m\u00e9diateur \u00e0 ses frais. Si les parties en pr\u00e9sence ne peuvent pas trouver de solution extrajudiciaire en ce qui concerne les pr\u00e9tentions de garantie, PET-Recycling Schweiz d\u00e9fend ces derni\u00e8res contre le fabricant du produit par la voie judiciaire.<\/p>\n          <\/div>\n                      <\/div>\n    <\/div>\n\n  <\/div>\n<\/div>\n\n\n<div id=\"text-einspaltig-block_009c7d24a333e2e01a1f11eefa152293\" class=\"text-einspaltig \n bg-white\">\n  <div class=\"container custom-padding-medium  \">\n    <div class=\"row\">\n      <div class=\"offset-xl-1 col-xl-10\">\n                          <h3 class=\"h3\">12. <strong><i>Droit applicable et for<\/i><\/strong><\/h3>\n                          <div class=\"text wysiwyg wysiwyg-line-break-big fs-body-text\">\n            <p>Les pr\u00e9sentes conditions g\u00e9n\u00e9rales de vente sont r\u00e9gies par le droit suisse. Toute plainte \u00e0 l\u2019encontre de l\u2019organisation PRS PET-Recycling Schweiz ne peut \u00eatre d\u00e9pos\u00e9e qu\u2019\u00e0 son domicile \u00e0 Zurich.<\/p>\n<p>Zurich, 15 octobre 2022<\/p>\n          <\/div>\n                      <\/div>\n    <\/div>\n\n  <\/div>\n<\/div>\n\n\n<div id=\"abstand-block_517757074ba46125d070d4dd6bf2a20d\" class=\"abstand \n bg-white \">\n  <div class=\"custom-spacer custom-spacer-medium\">\n  <\/div>\n<\/div>","protected":false},"excerpt":{"rendered":"","protected":false},"author":1,"featured_media":0,"parent":0,"menu_order":101,"comment_status":"closed","ping_status":"closed","template":"","meta":{"_acf_changed":false,"footnotes":""},"class_list":["post-7331","page","type-page","status-publish","hentry"],"acf":[],"yoast_head":"<!-- This site is optimized with the Yoast SEO plugin v27.4 - https:\/\/yoast.com\/product\/yoast-seo-wordpress\/ -->\n<title>Conditions commerciales g\u00e9n\u00e9rales - PET-Recycling Schweiz<\/title>\n<meta name=\"robots\" content=\"index, follow, max-snippet:-1, max-image-preview:large, max-video-preview:-1\" \/>\n<link rel=\"canonical\" href=\"https:\/\/petrecycling.ch\/fr\/ccg\/\" \/>\n<meta property=\"og:locale\" content=\"fr_FR\" \/>\n<meta property=\"og:type\" content=\"article\" \/>\n<meta property=\"og:title\" content=\"Conditions commerciales g\u00e9n\u00e9rales - PET-Recycling Schweiz\" \/>\n<meta property=\"og:url\" content=\"https:\/\/petrecycling.ch\/fr\/ccg\/\" \/>\n<meta property=\"og:site_name\" content=\"PET-Recycling Schweiz\" \/>\n<meta property=\"article:publisher\" content=\"https:\/\/www.facebook.com\/petrecyclingschweiz\/\" \/>\n<meta property=\"article:modified_time\" content=\"2023-05-25T12:01:21+00:00\" \/>\n<meta name=\"twitter:card\" content=\"summary_large_image\" \/>\n<script type=\"application\/ld+json\" class=\"yoast-schema-graph\">{\"@context\":\"https:\\\/\\\/schema.org\",\"@graph\":[{\"@type\":\"WebPage\",\"@id\":\"https:\\\/\\\/petrecycling.ch\\\/fr\\\/ccg\\\/\",\"url\":\"https:\\\/\\\/petrecycling.ch\\\/fr\\\/ccg\\\/\",\"name\":\"Conditions commerciales g\u00e9n\u00e9rales - PET-Recycling Schweiz\",\"isPartOf\":{\"@id\":\"https:\\\/\\\/petrecycling.ch\\\/fr\\\/#website\"},\"datePublished\":\"2023-01-16T12:50:48+00:00\",\"dateModified\":\"2023-05-25T12:01:21+00:00\",\"breadcrumb\":{\"@id\":\"https:\\\/\\\/petrecycling.ch\\\/fr\\\/ccg\\\/#breadcrumb\"},\"inLanguage\":\"fr-FR\",\"potentialAction\":[{\"@type\":\"ReadAction\",\"target\":[\"https:\\\/\\\/petrecycling.ch\\\/fr\\\/ccg\\\/\"]}]},{\"@type\":\"BreadcrumbList\",\"@id\":\"https:\\\/\\\/petrecycling.ch\\\/fr\\\/ccg\\\/#breadcrumb\",\"itemListElement\":[{\"@type\":\"ListItem\",\"position\":1,\"name\":\"Startseite\",\"item\":\"https:\\\/\\\/petrecycling.ch\\\/fr\\\/\"},{\"@type\":\"ListItem\",\"position\":2,\"name\":\"Conditions commerciales g\u00e9n\u00e9rales\"}]},{\"@type\":\"WebSite\",\"@id\":\"https:\\\/\\\/petrecycling.ch\\\/fr\\\/#website\",\"url\":\"https:\\\/\\\/petrecycling.ch\\\/fr\\\/\",\"name\":\"PET-Recycling Schweiz\",\"description\":\"Verein PRS PET-Recycling Schweiz a \u00e9t\u00e9 fond\u00e9e en 1990 et s&#039;occupe de la collecte et du recyclage des bouteilles en PET pour boissons.\",\"publisher\":{\"@id\":\"https:\\\/\\\/petrecycling.ch\\\/fr\\\/#organization\"},\"potentialAction\":[{\"@type\":\"SearchAction\",\"target\":{\"@type\":\"EntryPoint\",\"urlTemplate\":\"https:\\\/\\\/petrecycling.ch\\\/fr\\\/?s={search_term_string}\"},\"query-input\":{\"@type\":\"PropertyValueSpecification\",\"valueRequired\":true,\"valueName\":\"search_term_string\"}}],\"inLanguage\":\"fr-FR\"},{\"@type\":\"Organization\",\"@id\":\"https:\\\/\\\/petrecycling.ch\\\/fr\\\/#organization\",\"name\":\"Verein PRS PET-Recycling Schweiz\",\"alternateName\":\"PET-Recycling Schweiz\",\"url\":\"https:\\\/\\\/petrecycling.ch\\\/fr\\\/\",\"logo\":{\"@type\":\"ImageObject\",\"inLanguage\":\"fr-FR\",\"@id\":\"https:\\\/\\\/petrecycling.ch\\\/fr\\\/#\\\/schema\\\/logo\\\/image\\\/\",\"url\":\"https:\\\/\\\/petrecycling.ch\\\/wp-content\\\/uploads\\\/2023\\\/07\\\/PET_large_rgb.png\",\"contentUrl\":\"https:\\\/\\\/petrecycling.ch\\\/wp-content\\\/uploads\\\/2023\\\/07\\\/PET_large_rgb.png\",\"width\":1197,\"height\":1197,\"caption\":\"Verein PRS PET-Recycling Schweiz\"},\"image\":{\"@id\":\"https:\\\/\\\/petrecycling.ch\\\/fr\\\/#\\\/schema\\\/logo\\\/image\\\/\"},\"sameAs\":[\"https:\\\/\\\/www.facebook.com\\\/petrecyclingschweiz\\\/\",\"https:\\\/\\\/www.linkedin.com\\\/company\\\/pet-recycling-schweiz\\\/\",\"https:\\\/\\\/www.tiktok.com\\\/@prs_petrecycling.ch\"]}]}<\/script>\n<!-- \/ Yoast SEO plugin. -->","yoast_head_json":{"title":"Conditions commerciales g\u00e9n\u00e9rales - PET-Recycling Schweiz","robots":{"index":"index","follow":"follow","max-snippet":"max-snippet:-1","max-image-preview":"max-image-preview:large","max-video-preview":"max-video-preview:-1"},"canonical":"https:\/\/petrecycling.ch\/fr\/ccg\/","og_locale":"fr_FR","og_type":"article","og_title":"Conditions commerciales g\u00e9n\u00e9rales - PET-Recycling Schweiz","og_url":"https:\/\/petrecycling.ch\/fr\/ccg\/","og_site_name":"PET-Recycling Schweiz","article_publisher":"https:\/\/www.facebook.com\/petrecyclingschweiz\/","article_modified_time":"2023-05-25T12:01:21+00:00","twitter_card":"summary_large_image","schema":{"@context":"https:\/\/schema.org","@graph":[{"@type":"WebPage","@id":"https:\/\/petrecycling.ch\/fr\/ccg\/","url":"https:\/\/petrecycling.ch\/fr\/ccg\/","name":"Conditions commerciales g\u00e9n\u00e9rales - PET-Recycling Schweiz","isPartOf":{"@id":"https:\/\/petrecycling.ch\/fr\/#website"},"datePublished":"2023-01-16T12:50:48+00:00","dateModified":"2023-05-25T12:01:21+00:00","breadcrumb":{"@id":"https:\/\/petrecycling.ch\/fr\/ccg\/#breadcrumb"},"inLanguage":"fr-FR","potentialAction":[{"@type":"ReadAction","target":["https:\/\/petrecycling.ch\/fr\/ccg\/"]}]},{"@type":"BreadcrumbList","@id":"https:\/\/petrecycling.ch\/fr\/ccg\/#breadcrumb","itemListElement":[{"@type":"ListItem","position":1,"name":"Startseite","item":"https:\/\/petrecycling.ch\/fr\/"},{"@type":"ListItem","position":2,"name":"Conditions commerciales g\u00e9n\u00e9rales"}]},{"@type":"WebSite","@id":"https:\/\/petrecycling.ch\/fr\/#website","url":"https:\/\/petrecycling.ch\/fr\/","name":"PET-Recycling Schweiz","description":"Verein PRS PET-Recycling Schweiz a \u00e9t\u00e9 fond\u00e9e en 1990 et s&#039;occupe de la collecte et du recyclage des bouteilles en PET pour boissons.","publisher":{"@id":"https:\/\/petrecycling.ch\/fr\/#organization"},"potentialAction":[{"@type":"SearchAction","target":{"@type":"EntryPoint","urlTemplate":"https:\/\/petrecycling.ch\/fr\/?s={search_term_string}"},"query-input":{"@type":"PropertyValueSpecification","valueRequired":true,"valueName":"search_term_string"}}],"inLanguage":"fr-FR"},{"@type":"Organization","@id":"https:\/\/petrecycling.ch\/fr\/#organization","name":"Verein PRS PET-Recycling Schweiz","alternateName":"PET-Recycling Schweiz","url":"https:\/\/petrecycling.ch\/fr\/","logo":{"@type":"ImageObject","inLanguage":"fr-FR","@id":"https:\/\/petrecycling.ch\/fr\/#\/schema\/logo\/image\/","url":"https:\/\/petrecycling.ch\/wp-content\/uploads\/2023\/07\/PET_large_rgb.png","contentUrl":"https:\/\/petrecycling.ch\/wp-content\/uploads\/2023\/07\/PET_large_rgb.png","width":1197,"height":1197,"caption":"Verein PRS PET-Recycling Schweiz"},"image":{"@id":"https:\/\/petrecycling.ch\/fr\/#\/schema\/logo\/image\/"},"sameAs":["https:\/\/www.facebook.com\/petrecyclingschweiz\/","https:\/\/www.linkedin.com\/company\/pet-recycling-schweiz\/","https:\/\/www.tiktok.com\/@prs_petrecycling.ch"]}]}},"_links":{"self":[{"href":"https:\/\/petrecycling.ch\/fr\/wp-json\/wp\/v2\/pages\/7331","targetHints":{"allow":["GET"]}}],"collection":[{"href":"https:\/\/petrecycling.ch\/fr\/wp-json\/wp\/v2\/pages"}],"about":[{"href":"https:\/\/petrecycling.ch\/fr\/wp-json\/wp\/v2\/types\/page"}],"author":[{"embeddable":true,"href":"https:\/\/petrecycling.ch\/fr\/wp-json\/wp\/v2\/users\/1"}],"replies":[{"embeddable":true,"href":"https:\/\/petrecycling.ch\/fr\/wp-json\/wp\/v2\/comments?post=7331"}],"version-history":[{"count":4,"href":"https:\/\/petrecycling.ch\/fr\/wp-json\/wp\/v2\/pages\/7331\/revisions"}],"predecessor-version":[{"id":8599,"href":"https:\/\/petrecycling.ch\/fr\/wp-json\/wp\/v2\/pages\/7331\/revisions\/8599"}],"wp:attachment":[{"href":"https:\/\/petrecycling.ch\/fr\/wp-json\/wp\/v2\/media?parent=7331"}],"curies":[{"name":"wp","href":"https:\/\/api.w.org\/{rel}","templated":true}]}}