{"id":7328,"date":"2023-01-16T13:50:14","date_gmt":"2023-01-16T12:50:14","guid":{"rendered":"https:\/\/petrecycling.ch\/impressum\/"},"modified":"2023-05-31T12:09:36","modified_gmt":"2023-05-31T10:09:36","slug":"mentions-legales","status":"publish","type":"page","link":"https:\/\/petrecycling.ch\/fr\/mentions-legales\/","title":{"rendered":"Mentions l\u00e9gales"},"content":{"rendered":"\n<div id=\"text-einspaltig-block_8ed3780a229f8960e547c56f38ca8c1f\" class=\"text-einspaltig \n pb-small bg-white\">\n  <div class=\"container custom-padding-big  pb-0\">\n    <div class=\"row\">\n      <div class=\"offset-xl-1 col-xl-10\">\n                  <h2 class=\"h2 text-secondary hyphens-xs-auto\"><strong>Mentions l\u00e9gales:<\/strong><br \/>\r\n<i>\u00c9diteur<\/i> (auteur)<\/h2>\n                                  <div class=\"text wysiwyg wysiwyg-line-break-big fs-body-text\">\n            <p><strong>Responsable du contenu du site web:<\/strong><\/p>\n<p>Verein PRS PET-Recycling Schweiz<br \/>\nHohlstrasse 532<br \/>\n8048 Zurich<\/p>\n<p><strong>T\u00e9l\u00e9phone:<\/strong> <a href=\"tel:+41443441080\">044 344 10 80<\/a><br \/>\n<strong>E-mail:<\/strong> <a href=\"mailto:info@prs.ch\">info@prs.ch<\/a><\/p>\n          <\/div>\n                      <\/div>\n    <\/div>\n\n  <\/div>\n<\/div>\n\n\n<div id=\"text-einspaltig-block_c9a6d25b0060a8dd92e3a15218f48149\" class=\"text-einspaltig \n pb-small bg-white\">\n  <div class=\"container custom-padding-medium  pb-0\">\n    <div class=\"row\">\n      <div class=\"offset-xl-1 col-xl-10\">\n                          <h3 class=\"h3\">Site web<\/h3>\n                          <div class=\"text wysiwyg wysiwyg-line-break-big fs-body-text\">\n            <p><strong>Concept:<\/strong><strong><br \/>\n<\/strong>Susanne K\u00f6nig<br \/>\n<a href=\"https:\/\/susanne-koenig.ch\" target=\"_blank\" rel=\"noopener\">susanne-koenig.ch<\/a><\/p>\n<p><strong>Design:<br \/>\n<\/strong>Rosarot Ideennetz AG<br \/>\nAlbisriederstrasse 253<br \/>\nCH-8047 Zurich<br \/>\n<a href=\"https:\/\/rosarot.ch\/\" target=\"_blank\" rel=\"noopener\">rosarot.ch<\/a><\/p>\n<p><strong>R\u00e9alisation technique:<br \/>\n<\/strong>swipe GmbH<br \/>\nZ\u00fcrcherstrasse 310<br \/>\n8500 Frauenfeld<br \/>\n<a href=\"https:\/\/swipe.ch\/\" target=\"_blank\" rel=\"noopener\">swipe.ch<\/a><\/p>\n          <\/div>\n                      <\/div>\n    <\/div>\n\n  <\/div>\n<\/div>\n\n\n<div id=\"text-einspaltig-block_04c487fe03046b7101e75e14f2b0de05\" class=\"text-einspaltig \n bg-white\">\n  <div class=\"container custom-padding-medium  \">\n    <div class=\"row\">\n      <div class=\"offset-xl-1 col-xl-10\">\n                          <h3 class=\"h3\">Exclusion de responsabilit\u00e9 <strong><i>(informations g\u00e9n\u00e9rales sur le site web)<\/i><\/strong><\/h3>\n                          <div class=\"text wysiwyg wysiwyg-line-break-big fs-body-text\">\n            <p><strong>1. Contenu de l\u2019offre en ligne<br \/>\n<\/strong>L\u2019association PRS PET-Recycling Schweiz, d\u00e9nomm\u00e9e ci-apr\u00e8s \u00abauteur\u00bb, n\u2019assume aucune garantie sur l\u2019actualit\u00e9, l\u2019exactitude, l\u2019exhaustivit\u00e9 ou la qualit\u00e9 des informations mises \u00e0 disposition. Toute demande de r\u00e9paration de pr\u00e9judice contre l\u2019auteur se rapportant \u00e0 des dommages de type mat\u00e9riel ou id\u00e9al ayant \u00e9t\u00e9 caus\u00e9s par l\u2019utilisation ou la non-utilisation des informations pr\u00e9sent\u00e9es et\/ou par l\u2019utilisation d\u2019informations erron\u00e9es ou incompl\u00e8te est exclue, pour autant que, de la part de l\u2019auteur, aucune faute commise de mani\u00e8re d\u00e9lib\u00e9r\u00e9e ou par n\u00e9gligence ne soit prouv\u00e9e.<\/p>\n<p>Toutes les offres sont libres et non contractuelles. L\u2019auteur se r\u00e9serve express\u00e9ment le droit de modifier, de compl\u00e9ter ou de supprimer des parties de pages ou l\u2019offre dans sa totalit\u00e9, sans information sp\u00e9cifique, ou encore d\u2019en suspendre occasionnellement ou d\u00e9finitivement la publication.<\/p>\n<p><strong>2. Renvois et liens<br \/>\n<\/strong>L\u2019auteur n\u2019a aucune influence sur l\u2019organisation actuelle et future ni sur les contenus des pages li\u00e9es. Par cons\u00e9quent, il se dissocie express\u00e9ment de tous les contenus des pages li\u00e9es. Ce constat est valable pour tous les liens contenus dans l\u2019offre Internet de l\u2019auteur comme pour les renvois \u00e0 des entr\u00e9es \u00e9trang\u00e8res dans les livres d\u2019or, forums de discussion et listes de diffusion mis \u00e0 disposition par l\u2019auteur. Pour les contenus ill\u00e9gaux, erron\u00e9s ou incomplets, en particulier pour les dommages r\u00e9sultant de l\u2019utilisation ou de la non-utilisation des informations pr\u00e9sent\u00e9es, est seul responsable le fournisseur de la page Internet et non celui qui renvoie \u00e0 cette page par un lien Internet.<\/p>\n<p><strong>3. Droit d\u2019auteur et droit sur les marques et la propri\u00e9t\u00e9 intellectuelle<br \/>\n<\/strong>L\u2019auteur s\u2019efforce de respecter les droits d\u2019auteur sur les graphiques, documents sonores, s\u00e9quences vid\u00e9o et textes utilis\u00e9s dans toutes les publications; d\u2019utiliser des graphiques, documents sonores, s\u00e9quences vid\u00e9o et textes \u00e9labor\u00e9s par lui-m\u00eame ou de recourir \u00e0 des graphiques, documents sonores, s\u00e9quences vid\u00e9o et textes non prot\u00e9g\u00e9s. Toutes les marques et tous les signes de marques figurant dans l\u2019offre Internet, et le cas \u00e9ch\u00e9ant prot\u00e9g\u00e9s par le droit de tiers, sont soumis sans restriction aux dispositions du droit actuel sur les marques et sur la propri\u00e9t\u00e9 intellectuelle. En raison de sa seule mention, on ne peut en d\u00e9duire qu\u2019un signe de marque n\u2019est pas prot\u00e9g\u00e9 par le droit d\u2019un tiers!<\/p>\n<p>Le copyright pour des articles publi\u00e9s et r\u00e9alis\u00e9s par l\u2019auteur lui-m\u00eame revient de droit \u00e0 l\u2019auteur des pages. Toute reproduction ou utilisation de graphiques, documents sonores, s\u00e9quences vid\u00e9o et textes dans d\u2019autres publications \u00e9lectroniques ou imprim\u00e9es n\u2019est pas autoris\u00e9e sans le consentement express de l\u2019auteur.<\/p>\n          <\/div>\n                      <\/div>\n    <\/div>\n\n  <\/div>\n<\/div>\n\n\n<div id=\"abstand-block_fdd0cbd9f19ed8d64643ac975609b5ce\" class=\"abstand \n bg-white \">\n  <div class=\"custom-spacer custom-spacer-medium\">\n  <\/div>\n<\/div>","protected":false},"excerpt":{"rendered":"","protected":false},"author":1,"featured_media":0,"parent":0,"menu_order":100,"comment_status":"closed","ping_status":"closed","template":"","meta":{"_acf_changed":false,"footnotes":""},"class_list":["post-7328","page","type-page","status-publish","hentry"],"acf":[],"yoast_head":"<!-- This site is optimized with the Yoast SEO plugin v27.4 - https:\/\/yoast.com\/product\/yoast-seo-wordpress\/ -->\n<title>Mentions l\u00e9gales - PET-Recycling Schweiz<\/title>\n<meta name=\"robots\" content=\"index, follow, max-snippet:-1, max-image-preview:large, max-video-preview:-1\" \/>\n<link rel=\"canonical\" href=\"https:\/\/petrecycling.ch\/fr\/mentions-legales\/\" \/>\n<meta property=\"og:locale\" content=\"fr_FR\" \/>\n<meta property=\"og:type\" content=\"article\" \/>\n<meta property=\"og:title\" content=\"Mentions l\u00e9gales - PET-Recycling Schweiz\" \/>\n<meta property=\"og:url\" content=\"https:\/\/petrecycling.ch\/fr\/mentions-legales\/\" \/>\n<meta property=\"og:site_name\" content=\"PET-Recycling Schweiz\" \/>\n<meta property=\"article:publisher\" content=\"https:\/\/www.facebook.com\/petrecyclingschweiz\/\" \/>\n<meta property=\"article:modified_time\" content=\"2023-05-31T10:09:36+00:00\" \/>\n<meta name=\"twitter:card\" content=\"summary_large_image\" \/>\n<script type=\"application\/ld+json\" class=\"yoast-schema-graph\">{\"@context\":\"https:\\\/\\\/schema.org\",\"@graph\":[{\"@type\":\"WebPage\",\"@id\":\"https:\\\/\\\/petrecycling.ch\\\/fr\\\/mentions-legales\\\/\",\"url\":\"https:\\\/\\\/petrecycling.ch\\\/fr\\\/mentions-legales\\\/\",\"name\":\"Mentions l\u00e9gales - PET-Recycling Schweiz\",\"isPartOf\":{\"@id\":\"https:\\\/\\\/petrecycling.ch\\\/fr\\\/#website\"},\"datePublished\":\"2023-01-16T12:50:14+00:00\",\"dateModified\":\"2023-05-31T10:09:36+00:00\",\"breadcrumb\":{\"@id\":\"https:\\\/\\\/petrecycling.ch\\\/fr\\\/mentions-legales\\\/#breadcrumb\"},\"inLanguage\":\"fr-FR\",\"potentialAction\":[{\"@type\":\"ReadAction\",\"target\":[\"https:\\\/\\\/petrecycling.ch\\\/fr\\\/mentions-legales\\\/\"]}]},{\"@type\":\"BreadcrumbList\",\"@id\":\"https:\\\/\\\/petrecycling.ch\\\/fr\\\/mentions-legales\\\/#breadcrumb\",\"itemListElement\":[{\"@type\":\"ListItem\",\"position\":1,\"name\":\"Startseite\",\"item\":\"https:\\\/\\\/petrecycling.ch\\\/fr\\\/\"},{\"@type\":\"ListItem\",\"position\":2,\"name\":\"Mentions l\u00e9gales\"}]},{\"@type\":\"WebSite\",\"@id\":\"https:\\\/\\\/petrecycling.ch\\\/fr\\\/#website\",\"url\":\"https:\\\/\\\/petrecycling.ch\\\/fr\\\/\",\"name\":\"PET-Recycling Schweiz\",\"description\":\"Verein PRS PET-Recycling Schweiz a \u00e9t\u00e9 fond\u00e9e en 1990 et s&#039;occupe de la collecte et du recyclage des bouteilles en PET pour boissons.\",\"publisher\":{\"@id\":\"https:\\\/\\\/petrecycling.ch\\\/fr\\\/#organization\"},\"potentialAction\":[{\"@type\":\"SearchAction\",\"target\":{\"@type\":\"EntryPoint\",\"urlTemplate\":\"https:\\\/\\\/petrecycling.ch\\\/fr\\\/?s={search_term_string}\"},\"query-input\":{\"@type\":\"PropertyValueSpecification\",\"valueRequired\":true,\"valueName\":\"search_term_string\"}}],\"inLanguage\":\"fr-FR\"},{\"@type\":\"Organization\",\"@id\":\"https:\\\/\\\/petrecycling.ch\\\/fr\\\/#organization\",\"name\":\"Verein PRS PET-Recycling Schweiz\",\"alternateName\":\"PET-Recycling Schweiz\",\"url\":\"https:\\\/\\\/petrecycling.ch\\\/fr\\\/\",\"logo\":{\"@type\":\"ImageObject\",\"inLanguage\":\"fr-FR\",\"@id\":\"https:\\\/\\\/petrecycling.ch\\\/fr\\\/#\\\/schema\\\/logo\\\/image\\\/\",\"url\":\"https:\\\/\\\/petrecycling.ch\\\/wp-content\\\/uploads\\\/2023\\\/07\\\/PET_large_rgb.png\",\"contentUrl\":\"https:\\\/\\\/petrecycling.ch\\\/wp-content\\\/uploads\\\/2023\\\/07\\\/PET_large_rgb.png\",\"width\":1197,\"height\":1197,\"caption\":\"Verein PRS PET-Recycling Schweiz\"},\"image\":{\"@id\":\"https:\\\/\\\/petrecycling.ch\\\/fr\\\/#\\\/schema\\\/logo\\\/image\\\/\"},\"sameAs\":[\"https:\\\/\\\/www.facebook.com\\\/petrecyclingschweiz\\\/\",\"https:\\\/\\\/www.linkedin.com\\\/company\\\/pet-recycling-schweiz\\\/\",\"https:\\\/\\\/www.tiktok.com\\\/@prs_petrecycling.ch\"]}]}<\/script>\n<!-- \/ Yoast SEO plugin. -->","yoast_head_json":{"title":"Mentions l\u00e9gales - PET-Recycling Schweiz","robots":{"index":"index","follow":"follow","max-snippet":"max-snippet:-1","max-image-preview":"max-image-preview:large","max-video-preview":"max-video-preview:-1"},"canonical":"https:\/\/petrecycling.ch\/fr\/mentions-legales\/","og_locale":"fr_FR","og_type":"article","og_title":"Mentions l\u00e9gales - PET-Recycling Schweiz","og_url":"https:\/\/petrecycling.ch\/fr\/mentions-legales\/","og_site_name":"PET-Recycling Schweiz","article_publisher":"https:\/\/www.facebook.com\/petrecyclingschweiz\/","article_modified_time":"2023-05-31T10:09:36+00:00","twitter_card":"summary_large_image","schema":{"@context":"https:\/\/schema.org","@graph":[{"@type":"WebPage","@id":"https:\/\/petrecycling.ch\/fr\/mentions-legales\/","url":"https:\/\/petrecycling.ch\/fr\/mentions-legales\/","name":"Mentions l\u00e9gales - PET-Recycling Schweiz","isPartOf":{"@id":"https:\/\/petrecycling.ch\/fr\/#website"},"datePublished":"2023-01-16T12:50:14+00:00","dateModified":"2023-05-31T10:09:36+00:00","breadcrumb":{"@id":"https:\/\/petrecycling.ch\/fr\/mentions-legales\/#breadcrumb"},"inLanguage":"fr-FR","potentialAction":[{"@type":"ReadAction","target":["https:\/\/petrecycling.ch\/fr\/mentions-legales\/"]}]},{"@type":"BreadcrumbList","@id":"https:\/\/petrecycling.ch\/fr\/mentions-legales\/#breadcrumb","itemListElement":[{"@type":"ListItem","position":1,"name":"Startseite","item":"https:\/\/petrecycling.ch\/fr\/"},{"@type":"ListItem","position":2,"name":"Mentions l\u00e9gales"}]},{"@type":"WebSite","@id":"https:\/\/petrecycling.ch\/fr\/#website","url":"https:\/\/petrecycling.ch\/fr\/","name":"PET-Recycling Schweiz","description":"Verein PRS PET-Recycling Schweiz a \u00e9t\u00e9 fond\u00e9e en 1990 et s&#039;occupe de la collecte et du recyclage des bouteilles en PET pour boissons.","publisher":{"@id":"https:\/\/petrecycling.ch\/fr\/#organization"},"potentialAction":[{"@type":"SearchAction","target":{"@type":"EntryPoint","urlTemplate":"https:\/\/petrecycling.ch\/fr\/?s={search_term_string}"},"query-input":{"@type":"PropertyValueSpecification","valueRequired":true,"valueName":"search_term_string"}}],"inLanguage":"fr-FR"},{"@type":"Organization","@id":"https:\/\/petrecycling.ch\/fr\/#organization","name":"Verein PRS PET-Recycling Schweiz","alternateName":"PET-Recycling Schweiz","url":"https:\/\/petrecycling.ch\/fr\/","logo":{"@type":"ImageObject","inLanguage":"fr-FR","@id":"https:\/\/petrecycling.ch\/fr\/#\/schema\/logo\/image\/","url":"https:\/\/petrecycling.ch\/wp-content\/uploads\/2023\/07\/PET_large_rgb.png","contentUrl":"https:\/\/petrecycling.ch\/wp-content\/uploads\/2023\/07\/PET_large_rgb.png","width":1197,"height":1197,"caption":"Verein PRS PET-Recycling Schweiz"},"image":{"@id":"https:\/\/petrecycling.ch\/fr\/#\/schema\/logo\/image\/"},"sameAs":["https:\/\/www.facebook.com\/petrecyclingschweiz\/","https:\/\/www.linkedin.com\/company\/pet-recycling-schweiz\/","https:\/\/www.tiktok.com\/@prs_petrecycling.ch"]}]}},"_links":{"self":[{"href":"https:\/\/petrecycling.ch\/fr\/wp-json\/wp\/v2\/pages\/7328","targetHints":{"allow":["GET"]}}],"collection":[{"href":"https:\/\/petrecycling.ch\/fr\/wp-json\/wp\/v2\/pages"}],"about":[{"href":"https:\/\/petrecycling.ch\/fr\/wp-json\/wp\/v2\/types\/page"}],"author":[{"embeddable":true,"href":"https:\/\/petrecycling.ch\/fr\/wp-json\/wp\/v2\/users\/1"}],"replies":[{"embeddable":true,"href":"https:\/\/petrecycling.ch\/fr\/wp-json\/wp\/v2\/comments?post=7328"}],"version-history":[{"count":9,"href":"https:\/\/petrecycling.ch\/fr\/wp-json\/wp\/v2\/pages\/7328\/revisions"}],"predecessor-version":[{"id":9549,"href":"https:\/\/petrecycling.ch\/fr\/wp-json\/wp\/v2\/pages\/7328\/revisions\/9549"}],"wp:attachment":[{"href":"https:\/\/petrecycling.ch\/fr\/wp-json\/wp\/v2\/media?parent=7328"}],"curies":[{"name":"wp","href":"https:\/\/api.w.org\/{rel}","templated":true}]}}