{"id":7324,"date":"2023-02-27T17:05:02","date_gmt":"2023-02-27T16:05:02","guid":{"rendered":"https:\/\/petrecycling.ch\/suche\/"},"modified":"2023-07-03T15:41:53","modified_gmt":"2023-07-03T13:41:53","slug":"recherche","status":"publish","type":"page","link":"https:\/\/petrecycling.ch\/fr\/recherche\/","title":{"rendered":"Recherche"},"content":{"rendered":"","protected":false},"excerpt":{"rendered":"","protected":false},"author":1,"featured_media":0,"parent":0,"menu_order":98,"comment_status":"closed","ping_status":"closed","template":"search.php","meta":{"_acf_changed":false,"footnotes":""},"class_list":["post-7324","page","type-page","status-publish","hentry"],"acf":[],"yoast_head":"<!-- This site is optimized with the Yoast SEO plugin v27.4 - https:\/\/yoast.com\/product\/yoast-seo-wordpress\/ -->\n<title>Recherche - PET-Recycling Schweiz<\/title>\n<meta name=\"robots\" content=\"noindex, nofollow\" \/>\n<meta property=\"og:locale\" content=\"fr_FR\" \/>\n<meta property=\"og:type\" content=\"article\" \/>\n<meta property=\"og:title\" content=\"Recherche - PET-Recycling Schweiz\" \/>\n<meta property=\"og:url\" content=\"https:\/\/petrecycling.ch\/fr\/recherche\/\" \/>\n<meta property=\"og:site_name\" content=\"PET-Recycling Schweiz\" \/>\n<meta property=\"article:publisher\" content=\"https:\/\/www.facebook.com\/petrecyclingschweiz\/\" \/>\n<meta property=\"article:modified_time\" content=\"2023-07-03T13:41:53+00:00\" \/>\n<meta name=\"twitter:card\" content=\"summary_large_image\" \/>\n<script type=\"application\/ld+json\" class=\"yoast-schema-graph\">{\"@context\":\"https:\\\/\\\/schema.org\",\"@graph\":[{\"@type\":\"WebPage\",\"@id\":\"https:\\\/\\\/petrecycling.ch\\\/fr\\\/recherche\\\/\",\"url\":\"https:\\\/\\\/petrecycling.ch\\\/fr\\\/recherche\\\/\",\"name\":\"Recherche - PET-Recycling Schweiz\",\"isPartOf\":{\"@id\":\"https:\\\/\\\/petrecycling.ch\\\/fr\\\/#website\"},\"datePublished\":\"2023-02-27T16:05:02+00:00\",\"dateModified\":\"2023-07-03T13:41:53+00:00\",\"breadcrumb\":{\"@id\":\"https:\\\/\\\/petrecycling.ch\\\/fr\\\/recherche\\\/#breadcrumb\"},\"inLanguage\":\"fr-FR\",\"potentialAction\":[{\"@type\":\"ReadAction\",\"target\":[\"https:\\\/\\\/petrecycling.ch\\\/fr\\\/recherche\\\/\"]}]},{\"@type\":\"BreadcrumbList\",\"@id\":\"https:\\\/\\\/petrecycling.ch\\\/fr\\\/recherche\\\/#breadcrumb\",\"itemListElement\":[{\"@type\":\"ListItem\",\"position\":1,\"name\":\"Startseite\",\"item\":\"https:\\\/\\\/petrecycling.ch\\\/fr\\\/\"},{\"@type\":\"ListItem\",\"position\":2,\"name\":\"Recherche\"}]},{\"@type\":\"WebSite\",\"@id\":\"https:\\\/\\\/petrecycling.ch\\\/fr\\\/#website\",\"url\":\"https:\\\/\\\/petrecycling.ch\\\/fr\\\/\",\"name\":\"PET-Recycling Schweiz\",\"description\":\"Verein PRS PET-Recycling Schweiz a \u00e9t\u00e9 fond\u00e9e en 1990 et s&#039;occupe de la collecte et du recyclage des bouteilles en PET pour boissons.\",\"publisher\":{\"@id\":\"https:\\\/\\\/petrecycling.ch\\\/fr\\\/#organization\"},\"potentialAction\":[{\"@type\":\"SearchAction\",\"target\":{\"@type\":\"EntryPoint\",\"urlTemplate\":\"https:\\\/\\\/petrecycling.ch\\\/fr\\\/?s={search_term_string}\"},\"query-input\":{\"@type\":\"PropertyValueSpecification\",\"valueRequired\":true,\"valueName\":\"search_term_string\"}}],\"inLanguage\":\"fr-FR\"},{\"@type\":\"Organization\",\"@id\":\"https:\\\/\\\/petrecycling.ch\\\/fr\\\/#organization\",\"name\":\"Verein PRS PET-Recycling Schweiz\",\"alternateName\":\"PET-Recycling Schweiz\",\"url\":\"https:\\\/\\\/petrecycling.ch\\\/fr\\\/\",\"logo\":{\"@type\":\"ImageObject\",\"inLanguage\":\"fr-FR\",\"@id\":\"https:\\\/\\\/petrecycling.ch\\\/fr\\\/#\\\/schema\\\/logo\\\/image\\\/\",\"url\":\"https:\\\/\\\/petrecycling.ch\\\/wp-content\\\/uploads\\\/2023\\\/07\\\/PET_large_rgb.webp\",\"contentUrl\":\"https:\\\/\\\/petrecycling.ch\\\/wp-content\\\/uploads\\\/2023\\\/07\\\/PET_large_rgb.webp\",\"width\":1197,\"height\":1197,\"caption\":\"Verein PRS PET-Recycling Schweiz\"},\"image\":{\"@id\":\"https:\\\/\\\/petrecycling.ch\\\/fr\\\/#\\\/schema\\\/logo\\\/image\\\/\"},\"sameAs\":[\"https:\\\/\\\/www.facebook.com\\\/petrecyclingschweiz\\\/\",\"https:\\\/\\\/www.linkedin.com\\\/company\\\/pet-recycling-schweiz\\\/\",\"https:\\\/\\\/www.tiktok.com\\\/@prs_petrecycling.ch\"]}]}<\/script>\n<!-- \/ Yoast SEO plugin. -->","yoast_head_json":{"title":"Recherche - PET-Recycling Schweiz","robots":{"index":"noindex","follow":"nofollow"},"og_locale":"fr_FR","og_type":"article","og_title":"Recherche - PET-Recycling Schweiz","og_url":"https:\/\/petrecycling.ch\/fr\/recherche\/","og_site_name":"PET-Recycling Schweiz","article_publisher":"https:\/\/www.facebook.com\/petrecyclingschweiz\/","article_modified_time":"2023-07-03T13:41:53+00:00","twitter_card":"summary_large_image","schema":{"@context":"https:\/\/schema.org","@graph":[{"@type":"WebPage","@id":"https:\/\/petrecycling.ch\/fr\/recherche\/","url":"https:\/\/petrecycling.ch\/fr\/recherche\/","name":"Recherche - PET-Recycling Schweiz","isPartOf":{"@id":"https:\/\/petrecycling.ch\/fr\/#website"},"datePublished":"2023-02-27T16:05:02+00:00","dateModified":"2023-07-03T13:41:53+00:00","breadcrumb":{"@id":"https:\/\/petrecycling.ch\/fr\/recherche\/#breadcrumb"},"inLanguage":"fr-FR","potentialAction":[{"@type":"ReadAction","target":["https:\/\/petrecycling.ch\/fr\/recherche\/"]}]},{"@type":"BreadcrumbList","@id":"https:\/\/petrecycling.ch\/fr\/recherche\/#breadcrumb","itemListElement":[{"@type":"ListItem","position":1,"name":"Startseite","item":"https:\/\/petrecycling.ch\/fr\/"},{"@type":"ListItem","position":2,"name":"Recherche"}]},{"@type":"WebSite","@id":"https:\/\/petrecycling.ch\/fr\/#website","url":"https:\/\/petrecycling.ch\/fr\/","name":"PET-Recycling Schweiz","description":"Verein PRS PET-Recycling Schweiz a \u00e9t\u00e9 fond\u00e9e en 1990 et s&#039;occupe de la collecte et du recyclage des bouteilles en PET pour boissons.","publisher":{"@id":"https:\/\/petrecycling.ch\/fr\/#organization"},"potentialAction":[{"@type":"SearchAction","target":{"@type":"EntryPoint","urlTemplate":"https:\/\/petrecycling.ch\/fr\/?s={search_term_string}"},"query-input":{"@type":"PropertyValueSpecification","valueRequired":true,"valueName":"search_term_string"}}],"inLanguage":"fr-FR"},{"@type":"Organization","@id":"https:\/\/petrecycling.ch\/fr\/#organization","name":"Verein PRS PET-Recycling Schweiz","alternateName":"PET-Recycling Schweiz","url":"https:\/\/petrecycling.ch\/fr\/","logo":{"@type":"ImageObject","inLanguage":"fr-FR","@id":"https:\/\/petrecycling.ch\/fr\/#\/schema\/logo\/image\/","url":"https:\/\/petrecycling.ch\/wp-content\/uploads\/2023\/07\/PET_large_rgb.webp","contentUrl":"https:\/\/petrecycling.ch\/wp-content\/uploads\/2023\/07\/PET_large_rgb.webp","width":1197,"height":1197,"caption":"Verein PRS PET-Recycling Schweiz"},"image":{"@id":"https:\/\/petrecycling.ch\/fr\/#\/schema\/logo\/image\/"},"sameAs":["https:\/\/www.facebook.com\/petrecyclingschweiz\/","https:\/\/www.linkedin.com\/company\/pet-recycling-schweiz\/","https:\/\/www.tiktok.com\/@prs_petrecycling.ch"]}]}},"_links":{"self":[{"href":"https:\/\/petrecycling.ch\/fr\/wp-json\/wp\/v2\/pages\/7324","targetHints":{"allow":["GET"]}}],"collection":[{"href":"https:\/\/petrecycling.ch\/fr\/wp-json\/wp\/v2\/pages"}],"about":[{"href":"https:\/\/petrecycling.ch\/fr\/wp-json\/wp\/v2\/types\/page"}],"author":[{"embeddable":true,"href":"https:\/\/petrecycling.ch\/fr\/wp-json\/wp\/v2\/users\/1"}],"replies":[{"embeddable":true,"href":"https:\/\/petrecycling.ch\/fr\/wp-json\/wp\/v2\/comments?post=7324"}],"version-history":[{"count":1,"href":"https:\/\/petrecycling.ch\/fr\/wp-json\/wp\/v2\/pages\/7324\/revisions"}],"predecessor-version":[{"id":7325,"href":"https:\/\/petrecycling.ch\/fr\/wp-json\/wp\/v2\/pages\/7324\/revisions\/7325"}],"wp:attachment":[{"href":"https:\/\/petrecycling.ch\/fr\/wp-json\/wp\/v2\/media?parent=7324"}],"curies":[{"name":"wp","href":"https:\/\/api.w.org\/{rel}","templated":true}]}}