{"id":7297,"date":"2023-02-01T15:30:40","date_gmt":"2023-02-01T14:30:40","guid":{"rendered":"https:\/\/petrecycling.ch\/a-notre-propos\/team\/"},"modified":"2024-11-20T10:00:58","modified_gmt":"2024-11-20T09:00:58","slug":"equipe","status":"publish","type":"page","link":"https:\/\/petrecycling.ch\/fr\/a-notre-propos\/equipe\/","title":{"rendered":"\u00c9quipe"},"content":{"rendered":"\n<div id=\"header-slider-block_b3f2187491aee7ac7da55b523dc284f8\" class=\"header-slider \n\">\n\n      <div class=\"swiper\">\n      <div class=\"swiper-wrapper\">\n                              <div class=\"swiper-slide\">\n              <div class=\"inner-type-bg-image  \" style=\"background: linear-gradient(#868677db 0, #ffffff 40%), url('https:\/\/petrecycling.ch\/wp-content\/uploads\/2024\/11\/IGORA_Team-aspect-ratio-1920-1080-1.jpg');background-blend-mode: multiply;\" >\n                <div class=\"container slide-content-wrapper\">\n                  <div class=\"row align-items-center\">\n                                        <div class=\"text-col col-md-8 col-lg-6 col-xl-5 offset-xl-1 \">\n                                              <h2 class=\"h2 heading-highlight \"><span class=\"highlight highlight-light\"><strong>\u00c9quipe<\/strong><\/span><\/h2>\n                                                                    <div class=\"wysiwyg fs-body-text fw-semi-bold \">\n                          Depuis 2024, PET-Recycling Schweiz ach\u00e8te des prestations aupr\u00e8s de SEREO, le centre de services pour les organisations de recyclage.                        <\/div>\n                                                                    <div class=\"links-wrapper\">\n                          <button class=\"link-btn-scroll-down link-btn-scroll-down-light\" type=\"button\">\n                            <?xml version=\"1.0\"?>\n<svg xmlns=\"http:\/\/www.w3.org\/2000\/svg\" width=\"36.609\" height=\"34.297\" viewBox=\"0 0 36.609 34.297\" class=\"icon pet_icons_rgb_rz_pos_chevrons_down_small-icon \" aria-hidden=\"true\" role=\"presentation\">\n  <g id=\"Gruppe_7591\" data-name=\"Gruppe 7591\" transform=\"translate(-184.514 -616.156)\">\n    <path id=\"Pfad_17818\" data-name=\"Pfad 17818\" d=\"M36.608,0,18.3,11.4,0,0V7.929l18.3,11.4,18.3-11.4Z\" transform=\"translate(184.515 616.156)\" fill=\"#faf500\"\/>\n    <path id=\"Pfad_17819\" data-name=\"Pfad 17819\" d=\"M36.608,0,18.3,11.4,0,0V7.929l18.3,11.4,18.3-11.4Z\" transform=\"translate(184.514 631.125)\" fill=\"#faf500\"\/>\n  <\/g>\n<\/svg>\n                          <\/button>\n                        <\/div>\n                                          <\/div>\n                  <\/div>\n                <\/div>\n              <\/div>\n            <\/div>\n                        <\/div>\n\n\n\n          <\/div>\n  \n<\/div>\n\n\n<div id=\"teaser-text-bild-block_d655ef462cb07412dd3f37806c0d8829\" class=\"teaser-text-bild \n bg-white image-right \">\n  <div class=\"container \">\n    <div class=\"row\">\n      <div class=\"col-lg-6 col-xl-6 offset-xl-1  col-text\">\n                  <h2 class=\"h2 text-secondary\">\n            <strong>Recycling as a Service<\/strong>          <\/h2>\n        \n                                                            <div class=\"content-item text wysiwyg fs-body-text\">\n                  <p>SEREO est l\u2019abr\u00e9viation de \u00abServices f\u00fcr Recycling-Organisationen\u00bb (Services pour les organisations de recyclage) et est le premier centre de services national dans le domaine du recyclage. L\u2019\u00e9quipe compos\u00e9e de plus de 25 sp\u00e9cialistes fournit des prestations sur mesure dans les domaines de la gestion de secr\u00e9tariats, de l\u2019informatique, de la Supply Chain, des ventes, des finances, du marketing et de la communication d\u2019entreprise. PET-Recycling Schweiz se procure des prestations dans tous les domaines disponibles.<\/p>\n                <\/div>\n                          \n                                                    <div class=\"links-wrapper\">\n                                                          <div class=\"link-btn-primary-wrapper\">\n                        <a href=\"https:\/\/www.sereo.ch\/fr\/team\" target=\"_blank\" class=\"link-btn-primary\">\n                          <span>D\u00e9couvrir SEREO<\/span>                        <\/a>\n                      <\/div>\n                                                      <\/div>\n              \n            \n                        <\/div>\n\n              <div class=\"col-lg-5 col-xl-4 offset-lg-1\">\n          <div id=\"lightgallery_teaser-text-bild-block_d655ef462cb07412dd3f37806c0d8829\" class=\"thumb-wrapper\">\n            <a class=\"lb-item\" href=\"https:\/\/petrecycling.ch\/wp-content\/uploads\/2024\/11\/IGORA_Team_SEREO-aspect-ratio-1080-1180-1.jpg\">\n              <img decoding=\"async\" class=\"img-fluid\" src=\"https:\/\/petrecycling.ch\/wp-content\/uploads\/2024\/11\/IGORA_Team_SEREO-aspect-ratio-1080-1180-1.jpg\" alt=\"\">\n            <\/a>\n          <\/div>\n        <\/div>\n          <\/div>\n  <\/div>\n<\/div>\n\n\n<div id=\"teaser-bild-text-block_44316f4f947295dea40895b120d067bd\" class=\"teaser-bild-text \n three-images bg-grey-light \">\n  <div class=\"container\">\n          <div class=\"row\">\n        <div class=\"offset-xl-1 col-xl-10\">\n          <h2 class=\"h2 text-secondary\">\n            Vous voulez en savoir plus<i><strong> sur nous?<\/strong><\/i>          <\/h2>\n        <\/div>\n      <\/div>\n              <div class=\"row\">\n        <div class=\"offset-xl-1 col-xl-10\">\n          <div class=\"teaser-wrapper\">\n            \n                                          <div class=\"teaser-item\">\n                  <div class=\"thumb-wrapper\">\n                    <img decoding=\"async\" class=\"img-fluid\" src=\"https:\/\/petrecycling.ch\/wp-content\/uploads\/2024\/11\/PET-Recycling-Schweiz_Ueber-uns_Team-2-aspect-ratio-628-460-1.jpg\" alt=\"\" loading=\"lazy\">\n                  <\/div>\n                                                                          <div class=\"links\">\n                                                                                                    <a href=\"https:\/\/petrecycling.ch\/fr\/contact\/\" class=\"icon-link link-btn-primary-left\">\n                              <div class=\"icon-wrapper\">\n                                <?xml version=\"1.0\"?>\n<svg xmlns=\"http:\/\/www.w3.org\/2000\/svg\" id=\"Ebene_1\" data-name=\"Ebene 1\" viewBox=\"0 0 127.56 127.56\" class=\"icon pet_icons_rgb_rz_pos_dokumente-icon \" aria-hidden=\"true\" role=\"presentation\"><defs><style>.cls-1{fill:#4a9fff;}<\/style><\/defs><g id=\"Gruppe_8239\" data-name=\"Gruppe 8239\"><g id=\"Gruppe_8238\" data-name=\"Gruppe 8238\"><g id=\"Pfad_17869\" data-name=\"Pfad 17869\"><path d=\"M96.35,110.42H31.21a1.5,1.5,0,0,1-1.5-1.5V20.09a1.5,1.5,0,0,1,1.5-1.5H72.66a1.46,1.46,0,0,1,1.06.44L97.41,42.72a1.5,1.5,0,0,1,.44,1.06v65.14A1.5,1.5,0,0,1,96.35,110.42Zm-63.64-3H94.85v-63L72,21.59H32.71Z\"\/><\/g><g id=\"Pfad_17870\" data-name=\"Pfad 17870\"><path d=\"M96.35,45.28H72.66a1.5,1.5,0,0,1-1.5-1.5V20.09a1.5,1.5,0,0,1,3,0V42.28H96.35a1.5,1.5,0,0,1,0,3Z\"\/><\/g><\/g><g id=\"Linie_186\" data-name=\"Linie 186\"><path class=\"cls-1\" d=\"M81.23,66.82H46.73a2.75,2.75,0,1,1,0-5.5h34.5a2.75,2.75,0,1,1,0,5.5Z\"\/><\/g><g id=\"Linie_187\" data-name=\"Linie 187\"><path class=\"cls-1\" d=\"M81.23,78.9H46.73a2.75,2.75,0,1,1,0-5.5h34.5a2.75,2.75,0,0,1,0,5.5Z\"\/><\/g><g id=\"Linie_188\" data-name=\"Linie 188\"><path class=\"cls-1\" d=\"M70.88,91H46.73a2.75,2.75,0,1,1,0-5.5H70.88a2.75,2.75,0,0,1,0,5.5Z\"\/><\/g><\/g><\/svg>\n                              <\/div>\n                              <div class=\"title-wrapper highlight\">\n                                Contactez-nous                              <\/div>\n                            <\/a>\n                                                                                            <\/div>\n                                  <\/div>\n                                                        <div class=\"teaser-item\">\n                  <div class=\"thumb-wrapper\">\n                    <img decoding=\"async\" class=\"img-fluid\" src=\"https:\/\/petrecycling.ch\/wp-content\/uploads\/2024\/11\/PET-Recycling-Schweiz_Team_mehr-ueber-SEREO-erfahren-aspect-ratio-628-460-1.jpg\" alt=\"\" loading=\"lazy\">\n                  <\/div>\n                                                                          <div class=\"links\">\n                                                                                                    <a href=\"https:\/\/www.sereo.ch\/fr\" class=\"icon-link link-btn-primary-left\">\n                              <div class=\"icon-wrapper\">\n                                <?xml version=\"1.0\"?>\n<svg xmlns=\"http:\/\/www.w3.org\/2000\/svg\" id=\"Ebene_1\" data-name=\"Ebene 1\" viewBox=\"0 0 127.56 127.56\" class=\"icon pet_icons_rgb_rz_pos_kontrolle-icon \" aria-hidden=\"true\" role=\"presentation\"><defs><style>.cls-1{fill:#4a9fff;}<\/style><\/defs><g id=\"Orion_checkbox-confirm-circle\" data-name=\"Orion checkbox-confirm-circle\"><g id=\"layer2\"><path class=\"cls-1\" d=\"M58.8,85.05,39.41,62.44a2.75,2.75,0,1,1,4.18-3.58l15.09,17.6L105.44,18.7a2.75,2.75,0,0,1,4.28,3.46Z\"\/><\/g><g id=\"layer1\"><path d=\"M55.37,111.69a41.14,41.14,0,1,1,15.9-79.12,1.5,1.5,0,1,1-1.16,2.77,38.13,38.13,0,1,0,23,29.37,1.5,1.5,0,1,1,3-.46,41.18,41.18,0,0,1-34.35,47A41.77,41.77,0,0,1,55.37,111.69Z\"\/><\/g><\/g><\/svg>\n                              <\/div>\n                              <div class=\"title-wrapper highlight\">\n                                En savoir plus sur SEREO                              <\/div>\n                            <\/a>\n                                                                                            <\/div>\n                                  <\/div>\n                                                        <div class=\"teaser-item\">\n                  <div class=\"thumb-wrapper\">\n                    <img decoding=\"async\" class=\"img-fluid\" src=\"https:\/\/petrecycling.ch\/wp-content\/uploads\/2024\/11\/PET-Recycling-Schweiz_Mythen-Fakten_Glossar-1-aspect-ratio-628-460-1.jpg\" alt=\"\" loading=\"lazy\">\n                  <\/div>\n                                                                          <div class=\"links\">\n                                                                                                    <a href=\"https:\/\/petrecycling.ch\/fr\/a-notre-propos\/\" class=\"icon-link link-btn-primary-left\">\n                              <div class=\"icon-wrapper\">\n                                <?xml version=\"1.0\"?>\n<svg xmlns=\"http:\/\/www.w3.org\/2000\/svg\" id=\"Ebene_1\" data-name=\"Ebene 1\" viewBox=\"0 0 127.56 127.56\" class=\"icon pet_icons_rgb_rz_pos_dokumente-icon \" aria-hidden=\"true\" role=\"presentation\"><defs><style>.cls-1{fill:#4a9fff;}<\/style><\/defs><g id=\"Gruppe_8239\" data-name=\"Gruppe 8239\"><g id=\"Gruppe_8238\" data-name=\"Gruppe 8238\"><g id=\"Pfad_17869\" data-name=\"Pfad 17869\"><path d=\"M96.35,110.42H31.21a1.5,1.5,0,0,1-1.5-1.5V20.09a1.5,1.5,0,0,1,1.5-1.5H72.66a1.46,1.46,0,0,1,1.06.44L97.41,42.72a1.5,1.5,0,0,1,.44,1.06v65.14A1.5,1.5,0,0,1,96.35,110.42Zm-63.64-3H94.85v-63L72,21.59H32.71Z\"\/><\/g><g id=\"Pfad_17870\" data-name=\"Pfad 17870\"><path d=\"M96.35,45.28H72.66a1.5,1.5,0,0,1-1.5-1.5V20.09a1.5,1.5,0,0,1,3,0V42.28H96.35a1.5,1.5,0,0,1,0,3Z\"\/><\/g><\/g><g id=\"Linie_186\" data-name=\"Linie 186\"><path class=\"cls-1\" d=\"M81.23,66.82H46.73a2.75,2.75,0,1,1,0-5.5h34.5a2.75,2.75,0,1,1,0,5.5Z\"\/><\/g><g id=\"Linie_187\" data-name=\"Linie 187\"><path class=\"cls-1\" d=\"M81.23,78.9H46.73a2.75,2.75,0,1,1,0-5.5h34.5a2.75,2.75,0,0,1,0,5.5Z\"\/><\/g><g id=\"Linie_188\" data-name=\"Linie 188\"><path class=\"cls-1\" d=\"M70.88,91H46.73a2.75,2.75,0,1,1,0-5.5H70.88a2.75,2.75,0,0,1,0,5.5Z\"\/><\/g><\/g><\/svg>\n                              <\/div>\n                              <div class=\"title-wrapper highlight\">\n                                Lire \u00e0 propos de PET-Recycling Schweiz                              <\/div>\n                            <\/a>\n                                                                                            <\/div>\n                                  <\/div>\n                          \n          <\/div>\n        <\/div>\n      <\/div>\n      <\/div>\n<\/div>","protected":false},"excerpt":{"rendered":"","protected":false},"author":1,"featured_media":0,"parent":7290,"menu_order":2,"comment_status":"closed","ping_status":"closed","template":"","meta":{"_acf_changed":false,"footnotes":""},"class_list":["post-7297","page","type-page","status-publish","hentry"],"acf":[],"yoast_head":"<!-- This site is optimized with the Yoast SEO plugin v27.4 - https:\/\/yoast.com\/product\/yoast-seo-wordpress\/ -->\n<title>\u00c9quipe - PET-Recycling Schweiz<\/title>\n<meta name=\"robots\" content=\"index, follow, max-snippet:-1, max-image-preview:large, max-video-preview:-1\" \/>\n<link rel=\"canonical\" href=\"https:\/\/petrecycling.ch\/fr\/a-notre-propos\/equipe\/\" \/>\n<meta property=\"og:locale\" content=\"fr_FR\" \/>\n<meta property=\"og:type\" content=\"article\" \/>\n<meta property=\"og:title\" content=\"\u00c9quipe - PET-Recycling Schweiz\" \/>\n<meta property=\"og:url\" content=\"https:\/\/petrecycling.ch\/fr\/a-notre-propos\/equipe\/\" \/>\n<meta property=\"og:site_name\" content=\"PET-Recycling Schweiz\" \/>\n<meta property=\"article:publisher\" content=\"https:\/\/www.facebook.com\/petrecyclingschweiz\/\" \/>\n<meta property=\"article:modified_time\" content=\"2024-11-20T09:00:58+00:00\" \/>\n<meta name=\"twitter:card\" content=\"summary_large_image\" \/>\n<script type=\"application\/ld+json\" class=\"yoast-schema-graph\">{\"@context\":\"https:\\\/\\\/schema.org\",\"@graph\":[{\"@type\":\"WebPage\",\"@id\":\"https:\\\/\\\/petrecycling.ch\\\/fr\\\/a-notre-propos\\\/equipe\\\/\",\"url\":\"https:\\\/\\\/petrecycling.ch\\\/fr\\\/a-notre-propos\\\/equipe\\\/\",\"name\":\"\u00c9quipe - PET-Recycling Schweiz\",\"isPartOf\":{\"@id\":\"https:\\\/\\\/petrecycling.ch\\\/fr\\\/#website\"},\"datePublished\":\"2023-02-01T14:30:40+00:00\",\"dateModified\":\"2024-11-20T09:00:58+00:00\",\"breadcrumb\":{\"@id\":\"https:\\\/\\\/petrecycling.ch\\\/fr\\\/a-notre-propos\\\/equipe\\\/#breadcrumb\"},\"inLanguage\":\"fr-FR\",\"potentialAction\":[{\"@type\":\"ReadAction\",\"target\":[\"https:\\\/\\\/petrecycling.ch\\\/fr\\\/a-notre-propos\\\/equipe\\\/\"]}]},{\"@type\":\"BreadcrumbList\",\"@id\":\"https:\\\/\\\/petrecycling.ch\\\/fr\\\/a-notre-propos\\\/equipe\\\/#breadcrumb\",\"itemListElement\":[{\"@type\":\"ListItem\",\"position\":1,\"name\":\"Startseite\",\"item\":\"https:\\\/\\\/petrecycling.ch\\\/fr\\\/\"},{\"@type\":\"ListItem\",\"position\":2,\"name\":\"\u00c0 notre propos\",\"item\":\"https:\\\/\\\/petrecycling.ch\\\/fr\\\/a-notre-propos\\\/\"},{\"@type\":\"ListItem\",\"position\":3,\"name\":\"\u00c9quipe\"}]},{\"@type\":\"WebSite\",\"@id\":\"https:\\\/\\\/petrecycling.ch\\\/fr\\\/#website\",\"url\":\"https:\\\/\\\/petrecycling.ch\\\/fr\\\/\",\"name\":\"PET-Recycling Schweiz\",\"description\":\"Verein PRS PET-Recycling Schweiz a \u00e9t\u00e9 fond\u00e9e en 1990 et s&#039;occupe de la collecte et du recyclage des bouteilles en PET pour boissons.\",\"publisher\":{\"@id\":\"https:\\\/\\\/petrecycling.ch\\\/fr\\\/#organization\"},\"potentialAction\":[{\"@type\":\"SearchAction\",\"target\":{\"@type\":\"EntryPoint\",\"urlTemplate\":\"https:\\\/\\\/petrecycling.ch\\\/fr\\\/?s={search_term_string}\"},\"query-input\":{\"@type\":\"PropertyValueSpecification\",\"valueRequired\":true,\"valueName\":\"search_term_string\"}}],\"inLanguage\":\"fr-FR\"},{\"@type\":\"Organization\",\"@id\":\"https:\\\/\\\/petrecycling.ch\\\/fr\\\/#organization\",\"name\":\"Verein PRS PET-Recycling Schweiz\",\"alternateName\":\"PET-Recycling Schweiz\",\"url\":\"https:\\\/\\\/petrecycling.ch\\\/fr\\\/\",\"logo\":{\"@type\":\"ImageObject\",\"inLanguage\":\"fr-FR\",\"@id\":\"https:\\\/\\\/petrecycling.ch\\\/fr\\\/#\\\/schema\\\/logo\\\/image\\\/\",\"url\":\"https:\\\/\\\/petrecycling.ch\\\/wp-content\\\/uploads\\\/2023\\\/07\\\/PET_large_rgb.png\",\"contentUrl\":\"https:\\\/\\\/petrecycling.ch\\\/wp-content\\\/uploads\\\/2023\\\/07\\\/PET_large_rgb.png\",\"width\":1197,\"height\":1197,\"caption\":\"Verein PRS PET-Recycling Schweiz\"},\"image\":{\"@id\":\"https:\\\/\\\/petrecycling.ch\\\/fr\\\/#\\\/schema\\\/logo\\\/image\\\/\"},\"sameAs\":[\"https:\\\/\\\/www.facebook.com\\\/petrecyclingschweiz\\\/\",\"https:\\\/\\\/www.linkedin.com\\\/company\\\/pet-recycling-schweiz\\\/\",\"https:\\\/\\\/www.tiktok.com\\\/@prs_petrecycling.ch\"]}]}<\/script>\n<!-- \/ Yoast SEO plugin. -->","yoast_head_json":{"title":"\u00c9quipe - PET-Recycling Schweiz","robots":{"index":"index","follow":"follow","max-snippet":"max-snippet:-1","max-image-preview":"max-image-preview:large","max-video-preview":"max-video-preview:-1"},"canonical":"https:\/\/petrecycling.ch\/fr\/a-notre-propos\/equipe\/","og_locale":"fr_FR","og_type":"article","og_title":"\u00c9quipe - PET-Recycling Schweiz","og_url":"https:\/\/petrecycling.ch\/fr\/a-notre-propos\/equipe\/","og_site_name":"PET-Recycling Schweiz","article_publisher":"https:\/\/www.facebook.com\/petrecyclingschweiz\/","article_modified_time":"2024-11-20T09:00:58+00:00","twitter_card":"summary_large_image","schema":{"@context":"https:\/\/schema.org","@graph":[{"@type":"WebPage","@id":"https:\/\/petrecycling.ch\/fr\/a-notre-propos\/equipe\/","url":"https:\/\/petrecycling.ch\/fr\/a-notre-propos\/equipe\/","name":"\u00c9quipe - PET-Recycling Schweiz","isPartOf":{"@id":"https:\/\/petrecycling.ch\/fr\/#website"},"datePublished":"2023-02-01T14:30:40+00:00","dateModified":"2024-11-20T09:00:58+00:00","breadcrumb":{"@id":"https:\/\/petrecycling.ch\/fr\/a-notre-propos\/equipe\/#breadcrumb"},"inLanguage":"fr-FR","potentialAction":[{"@type":"ReadAction","target":["https:\/\/petrecycling.ch\/fr\/a-notre-propos\/equipe\/"]}]},{"@type":"BreadcrumbList","@id":"https:\/\/petrecycling.ch\/fr\/a-notre-propos\/equipe\/#breadcrumb","itemListElement":[{"@type":"ListItem","position":1,"name":"Startseite","item":"https:\/\/petrecycling.ch\/fr\/"},{"@type":"ListItem","position":2,"name":"\u00c0 notre propos","item":"https:\/\/petrecycling.ch\/fr\/a-notre-propos\/"},{"@type":"ListItem","position":3,"name":"\u00c9quipe"}]},{"@type":"WebSite","@id":"https:\/\/petrecycling.ch\/fr\/#website","url":"https:\/\/petrecycling.ch\/fr\/","name":"PET-Recycling Schweiz","description":"Verein PRS PET-Recycling Schweiz a \u00e9t\u00e9 fond\u00e9e en 1990 et s&#039;occupe de la collecte et du recyclage des bouteilles en PET pour boissons.","publisher":{"@id":"https:\/\/petrecycling.ch\/fr\/#organization"},"potentialAction":[{"@type":"SearchAction","target":{"@type":"EntryPoint","urlTemplate":"https:\/\/petrecycling.ch\/fr\/?s={search_term_string}"},"query-input":{"@type":"PropertyValueSpecification","valueRequired":true,"valueName":"search_term_string"}}],"inLanguage":"fr-FR"},{"@type":"Organization","@id":"https:\/\/petrecycling.ch\/fr\/#organization","name":"Verein PRS PET-Recycling Schweiz","alternateName":"PET-Recycling Schweiz","url":"https:\/\/petrecycling.ch\/fr\/","logo":{"@type":"ImageObject","inLanguage":"fr-FR","@id":"https:\/\/petrecycling.ch\/fr\/#\/schema\/logo\/image\/","url":"https:\/\/petrecycling.ch\/wp-content\/uploads\/2023\/07\/PET_large_rgb.png","contentUrl":"https:\/\/petrecycling.ch\/wp-content\/uploads\/2023\/07\/PET_large_rgb.png","width":1197,"height":1197,"caption":"Verein PRS PET-Recycling Schweiz"},"image":{"@id":"https:\/\/petrecycling.ch\/fr\/#\/schema\/logo\/image\/"},"sameAs":["https:\/\/www.facebook.com\/petrecyclingschweiz\/","https:\/\/www.linkedin.com\/company\/pet-recycling-schweiz\/","https:\/\/www.tiktok.com\/@prs_petrecycling.ch"]}]}},"_links":{"self":[{"href":"https:\/\/petrecycling.ch\/fr\/wp-json\/wp\/v2\/pages\/7297","targetHints":{"allow":["GET"]}}],"collection":[{"href":"https:\/\/petrecycling.ch\/fr\/wp-json\/wp\/v2\/pages"}],"about":[{"href":"https:\/\/petrecycling.ch\/fr\/wp-json\/wp\/v2\/types\/page"}],"author":[{"embeddable":true,"href":"https:\/\/petrecycling.ch\/fr\/wp-json\/wp\/v2\/users\/1"}],"replies":[{"embeddable":true,"href":"https:\/\/petrecycling.ch\/fr\/wp-json\/wp\/v2\/comments?post=7297"}],"version-history":[{"count":17,"href":"https:\/\/petrecycling.ch\/fr\/wp-json\/wp\/v2\/pages\/7297\/revisions"}],"predecessor-version":[{"id":37189,"href":"https:\/\/petrecycling.ch\/fr\/wp-json\/wp\/v2\/pages\/7297\/revisions\/37189"}],"up":[{"embeddable":true,"href":"https:\/\/petrecycling.ch\/fr\/wp-json\/wp\/v2\/pages\/7290"}],"wp:attachment":[{"href":"https:\/\/petrecycling.ch\/fr\/wp-json\/wp\/v2\/media?parent=7297"}],"curies":[{"name":"wp","href":"https:\/\/api.w.org\/{rel}","templated":true}]}}