{"id":7293,"date":"2023-01-31T17:04:26","date_gmt":"2023-01-31T16:04:26","guid":{"rendered":"https:\/\/petrecycling.ch\/a-notre-propos\/mission-und-leitbild\/"},"modified":"2023-10-19T16:10:11","modified_gmt":"2023-10-19T14:10:11","slug":"mission-et-principe-directeur","status":"publish","type":"page","link":"https:\/\/petrecycling.ch\/fr\/a-notre-propos\/mission-et-principe-directeur\/","title":{"rendered":"Mission et principe directeur"},"content":{"rendered":"\n<div id=\"header-slider-block_8d9c123ef6cca8484b2ef234344f3405\" class=\"header-slider \n\">\n\n      <div class=\"swiper\">\n      <div class=\"swiper-wrapper\">\n                              <div class=\"swiper-slide\">\n              <div class=\"inner-type-bg-image  \" style=\"background: linear-gradient(#868677db 0, #ffffff 40%), url('https:\/\/petrecycling.ch\/wp-content\/uploads\/2023\/07\/PET-Recycling-Schweiz_Ueber-PRS_Mission-Leitbild-aspect-ratio-1920-1080-1.jpg');background-blend-mode: multiply;\" >\n                <div class=\"container slide-content-wrapper\">\n                  <div class=\"row align-items-center\">\n                                        <div class=\"text-col col-md-8 col-lg-6 col-xl-5 offset-xl-1 \">\n                                              <h2 class=\"h2 heading-highlight \"><span class=\"highlight highlight-light\"><strong>Mission et principe directeur<\/strong><\/span><\/h2>\n                                                                                          <div class=\"links-wrapper\">\n                          <button class=\"link-btn-scroll-down link-btn-scroll-down-light\" type=\"button\">\n                            <?xml version=\"1.0\"?>\n<svg xmlns=\"http:\/\/www.w3.org\/2000\/svg\" width=\"36.609\" height=\"34.297\" viewBox=\"0 0 36.609 34.297\" class=\"icon pet_icons_rgb_rz_pos_chevrons_down_small-icon \" aria-hidden=\"true\" role=\"presentation\">\n  <g id=\"Gruppe_7591\" data-name=\"Gruppe 7591\" transform=\"translate(-184.514 -616.156)\">\n    <path id=\"Pfad_17818\" data-name=\"Pfad 17818\" d=\"M36.608,0,18.3,11.4,0,0V7.929l18.3,11.4,18.3-11.4Z\" transform=\"translate(184.515 616.156)\" fill=\"#faf500\"\/>\n    <path id=\"Pfad_17819\" data-name=\"Pfad 17819\" d=\"M36.608,0,18.3,11.4,0,0V7.929l18.3,11.4,18.3-11.4Z\" transform=\"translate(184.514 631.125)\" fill=\"#faf500\"\/>\n  <\/g>\n<\/svg>\n                          <\/button>\n                        <\/div>\n                                          <\/div>\n                  <\/div>\n                <\/div>\n              <\/div>\n            <\/div>\n                        <\/div>\n\n\n\n          <\/div>\n  \n<\/div>\n\n\n<div id=\"idee-et-organisation\" class=\"text-einspaltig \n bg-white\">\n  <div class=\"container custom-padding-big  \">\n    <div class=\"row\">\n      <div class=\"offset-xl-1 col-xl-6\">\n                                  <div class=\"text wysiwyg wysiwyg-line-break-big fs-body-text\">\n            <p>Depuis\u00a01991, PET-Recycling Schweiz apporte une contribution importante \u00e0 la r\u00e9duction de la pollution et \u00e0 la pr\u00e9servation des ressources naturelles. Avec un engagement personnel et une technologie de pointe, nous nous engageons jour apr\u00e8s jour pour le d\u00e9veloppement de l\u2019\u00e9conomie circulaire.<\/p>\n<p>Nous sommes convaincus que les solutions de recyclage ne sont efficaces que si elles sont adapt\u00e9es aux conditions de vie et aux besoins des consommatrices et consommateurs. Nous exploitons le r\u00e9seau de points de collecte le plus dense du monde afin de permettre le recyclage des bouteilles \u00e0 boissons en PET partout et \u00e0 tout moment.<\/p>\n<p>En collaboration avec nos <a href=\"https:\/\/petrecycling.ch\/fr\/a-notre-propos\/membres\/\">membres<\/a> et nos <a href=\"https:\/\/petrecycling.ch\/fr\/a-notre-propos\/partenaires-et-reseau\/\">partenaires<\/a>, nous d\u00e9veloppons de nouveaux proc\u00e9d\u00e9s de recyclage et permettons des investissements dans des infrastructures de pointe. Tout cela n\u2019est possible que parce que le recyclage du PET est organis\u00e9 en tant que solution de branche volontaire.<\/p>\n<p>Les bases l\u00e9gales pour l\u2019action de PET-Recycling Schweiz sont la loi sur la protection de l\u2019environnement ainsi que <a href=\"https:\/\/www.fedlex.admin.ch\/eli\/cc\/2000\/299\/fr\" target=\"_blank\" rel=\"noopener\">l\u2019ordonnance sur les emballages pour boissons<\/a>.<\/p>\n<p>PET-Recycling Schweiz est membre de l\u2019association fa\u00eeti\u00e8re regroupant <a href=\"https:\/\/swissrecycle.ch\">Swiss Recycle<\/a> et l&rsquo;<a href=\"https:\/\/www.igsu.ch\/fr\" target=\"_blank\" rel=\"noopener\">IGSU<\/a> \u2013 le centre de comp\u00e9tences suisse contre le littering.<\/p>\n          <\/div>\n                      <\/div>\n    <\/div>\n\n  <\/div>\n<\/div>","protected":false},"excerpt":{"rendered":"","protected":false},"author":1,"featured_media":0,"parent":7290,"menu_order":0,"comment_status":"closed","ping_status":"closed","template":"","meta":{"_acf_changed":false,"footnotes":""},"class_list":["post-7293","page","type-page","status-publish","hentry"],"acf":[],"yoast_head":"<!-- This site is optimized with the Yoast SEO plugin v27.4 - https:\/\/yoast.com\/product\/yoast-seo-wordpress\/ -->\n<title>Mission et principe directeur - PET-Recycling Schweiz<\/title>\n<meta name=\"robots\" content=\"index, follow, max-snippet:-1, max-image-preview:large, max-video-preview:-1\" \/>\n<link rel=\"canonical\" href=\"https:\/\/petrecycling.ch\/fr\/a-notre-propos\/mission-et-principe-directeur\/\" \/>\n<meta property=\"og:locale\" content=\"fr_FR\" \/>\n<meta property=\"og:type\" content=\"article\" \/>\n<meta property=\"og:title\" content=\"Mission et principe directeur - PET-Recycling Schweiz\" \/>\n<meta property=\"og:url\" content=\"https:\/\/petrecycling.ch\/fr\/a-notre-propos\/mission-et-principe-directeur\/\" \/>\n<meta property=\"og:site_name\" content=\"PET-Recycling Schweiz\" \/>\n<meta property=\"article:publisher\" content=\"https:\/\/www.facebook.com\/petrecyclingschweiz\/\" \/>\n<meta property=\"article:modified_time\" content=\"2023-10-19T14:10:11+00:00\" \/>\n<meta name=\"twitter:card\" content=\"summary_large_image\" \/>\n<script type=\"application\/ld+json\" class=\"yoast-schema-graph\">{\"@context\":\"https:\\\/\\\/schema.org\",\"@graph\":[{\"@type\":\"WebPage\",\"@id\":\"https:\\\/\\\/petrecycling.ch\\\/fr\\\/a-notre-propos\\\/mission-et-principe-directeur\\\/\",\"url\":\"https:\\\/\\\/petrecycling.ch\\\/fr\\\/a-notre-propos\\\/mission-et-principe-directeur\\\/\",\"name\":\"Mission et principe directeur - PET-Recycling Schweiz\",\"isPartOf\":{\"@id\":\"https:\\\/\\\/petrecycling.ch\\\/fr\\\/#website\"},\"datePublished\":\"2023-01-31T16:04:26+00:00\",\"dateModified\":\"2023-10-19T14:10:11+00:00\",\"breadcrumb\":{\"@id\":\"https:\\\/\\\/petrecycling.ch\\\/fr\\\/a-notre-propos\\\/mission-et-principe-directeur\\\/#breadcrumb\"},\"inLanguage\":\"fr-FR\",\"potentialAction\":[{\"@type\":\"ReadAction\",\"target\":[\"https:\\\/\\\/petrecycling.ch\\\/fr\\\/a-notre-propos\\\/mission-et-principe-directeur\\\/\"]}]},{\"@type\":\"BreadcrumbList\",\"@id\":\"https:\\\/\\\/petrecycling.ch\\\/fr\\\/a-notre-propos\\\/mission-et-principe-directeur\\\/#breadcrumb\",\"itemListElement\":[{\"@type\":\"ListItem\",\"position\":1,\"name\":\"Startseite\",\"item\":\"https:\\\/\\\/petrecycling.ch\\\/fr\\\/\"},{\"@type\":\"ListItem\",\"position\":2,\"name\":\"\u00c0 notre propos\",\"item\":\"https:\\\/\\\/petrecycling.ch\\\/fr\\\/a-notre-propos\\\/\"},{\"@type\":\"ListItem\",\"position\":3,\"name\":\"Mission et principe directeur\"}]},{\"@type\":\"WebSite\",\"@id\":\"https:\\\/\\\/petrecycling.ch\\\/fr\\\/#website\",\"url\":\"https:\\\/\\\/petrecycling.ch\\\/fr\\\/\",\"name\":\"PET-Recycling Schweiz\",\"description\":\"Verein PRS PET-Recycling Schweiz a \u00e9t\u00e9 fond\u00e9e en 1990 et s&#039;occupe de la collecte et du recyclage des bouteilles en PET pour boissons.\",\"publisher\":{\"@id\":\"https:\\\/\\\/petrecycling.ch\\\/fr\\\/#organization\"},\"potentialAction\":[{\"@type\":\"SearchAction\",\"target\":{\"@type\":\"EntryPoint\",\"urlTemplate\":\"https:\\\/\\\/petrecycling.ch\\\/fr\\\/?s={search_term_string}\"},\"query-input\":{\"@type\":\"PropertyValueSpecification\",\"valueRequired\":true,\"valueName\":\"search_term_string\"}}],\"inLanguage\":\"fr-FR\"},{\"@type\":\"Organization\",\"@id\":\"https:\\\/\\\/petrecycling.ch\\\/fr\\\/#organization\",\"name\":\"Verein PRS PET-Recycling Schweiz\",\"alternateName\":\"PET-Recycling Schweiz\",\"url\":\"https:\\\/\\\/petrecycling.ch\\\/fr\\\/\",\"logo\":{\"@type\":\"ImageObject\",\"inLanguage\":\"fr-FR\",\"@id\":\"https:\\\/\\\/petrecycling.ch\\\/fr\\\/#\\\/schema\\\/logo\\\/image\\\/\",\"url\":\"https:\\\/\\\/petrecycling.ch\\\/wp-content\\\/uploads\\\/2023\\\/07\\\/PET_large_rgb.png\",\"contentUrl\":\"https:\\\/\\\/petrecycling.ch\\\/wp-content\\\/uploads\\\/2023\\\/07\\\/PET_large_rgb.png\",\"width\":1197,\"height\":1197,\"caption\":\"Verein PRS PET-Recycling Schweiz\"},\"image\":{\"@id\":\"https:\\\/\\\/petrecycling.ch\\\/fr\\\/#\\\/schema\\\/logo\\\/image\\\/\"},\"sameAs\":[\"https:\\\/\\\/www.facebook.com\\\/petrecyclingschweiz\\\/\",\"https:\\\/\\\/www.linkedin.com\\\/company\\\/pet-recycling-schweiz\\\/\",\"https:\\\/\\\/www.tiktok.com\\\/@prs_petrecycling.ch\"]}]}<\/script>\n<!-- \/ Yoast SEO plugin. -->","yoast_head_json":{"title":"Mission et principe directeur - PET-Recycling Schweiz","robots":{"index":"index","follow":"follow","max-snippet":"max-snippet:-1","max-image-preview":"max-image-preview:large","max-video-preview":"max-video-preview:-1"},"canonical":"https:\/\/petrecycling.ch\/fr\/a-notre-propos\/mission-et-principe-directeur\/","og_locale":"fr_FR","og_type":"article","og_title":"Mission et principe directeur - PET-Recycling Schweiz","og_url":"https:\/\/petrecycling.ch\/fr\/a-notre-propos\/mission-et-principe-directeur\/","og_site_name":"PET-Recycling Schweiz","article_publisher":"https:\/\/www.facebook.com\/petrecyclingschweiz\/","article_modified_time":"2023-10-19T14:10:11+00:00","twitter_card":"summary_large_image","schema":{"@context":"https:\/\/schema.org","@graph":[{"@type":"WebPage","@id":"https:\/\/petrecycling.ch\/fr\/a-notre-propos\/mission-et-principe-directeur\/","url":"https:\/\/petrecycling.ch\/fr\/a-notre-propos\/mission-et-principe-directeur\/","name":"Mission et principe directeur - PET-Recycling Schweiz","isPartOf":{"@id":"https:\/\/petrecycling.ch\/fr\/#website"},"datePublished":"2023-01-31T16:04:26+00:00","dateModified":"2023-10-19T14:10:11+00:00","breadcrumb":{"@id":"https:\/\/petrecycling.ch\/fr\/a-notre-propos\/mission-et-principe-directeur\/#breadcrumb"},"inLanguage":"fr-FR","potentialAction":[{"@type":"ReadAction","target":["https:\/\/petrecycling.ch\/fr\/a-notre-propos\/mission-et-principe-directeur\/"]}]},{"@type":"BreadcrumbList","@id":"https:\/\/petrecycling.ch\/fr\/a-notre-propos\/mission-et-principe-directeur\/#breadcrumb","itemListElement":[{"@type":"ListItem","position":1,"name":"Startseite","item":"https:\/\/petrecycling.ch\/fr\/"},{"@type":"ListItem","position":2,"name":"\u00c0 notre propos","item":"https:\/\/petrecycling.ch\/fr\/a-notre-propos\/"},{"@type":"ListItem","position":3,"name":"Mission et principe directeur"}]},{"@type":"WebSite","@id":"https:\/\/petrecycling.ch\/fr\/#website","url":"https:\/\/petrecycling.ch\/fr\/","name":"PET-Recycling Schweiz","description":"Verein PRS PET-Recycling Schweiz a \u00e9t\u00e9 fond\u00e9e en 1990 et s&#039;occupe de la collecte et du recyclage des bouteilles en PET pour boissons.","publisher":{"@id":"https:\/\/petrecycling.ch\/fr\/#organization"},"potentialAction":[{"@type":"SearchAction","target":{"@type":"EntryPoint","urlTemplate":"https:\/\/petrecycling.ch\/fr\/?s={search_term_string}"},"query-input":{"@type":"PropertyValueSpecification","valueRequired":true,"valueName":"search_term_string"}}],"inLanguage":"fr-FR"},{"@type":"Organization","@id":"https:\/\/petrecycling.ch\/fr\/#organization","name":"Verein PRS PET-Recycling Schweiz","alternateName":"PET-Recycling Schweiz","url":"https:\/\/petrecycling.ch\/fr\/","logo":{"@type":"ImageObject","inLanguage":"fr-FR","@id":"https:\/\/petrecycling.ch\/fr\/#\/schema\/logo\/image\/","url":"https:\/\/petrecycling.ch\/wp-content\/uploads\/2023\/07\/PET_large_rgb.png","contentUrl":"https:\/\/petrecycling.ch\/wp-content\/uploads\/2023\/07\/PET_large_rgb.png","width":1197,"height":1197,"caption":"Verein PRS PET-Recycling Schweiz"},"image":{"@id":"https:\/\/petrecycling.ch\/fr\/#\/schema\/logo\/image\/"},"sameAs":["https:\/\/www.facebook.com\/petrecyclingschweiz\/","https:\/\/www.linkedin.com\/company\/pet-recycling-schweiz\/","https:\/\/www.tiktok.com\/@prs_petrecycling.ch"]}]}},"_links":{"self":[{"href":"https:\/\/petrecycling.ch\/fr\/wp-json\/wp\/v2\/pages\/7293","targetHints":{"allow":["GET"]}}],"collection":[{"href":"https:\/\/petrecycling.ch\/fr\/wp-json\/wp\/v2\/pages"}],"about":[{"href":"https:\/\/petrecycling.ch\/fr\/wp-json\/wp\/v2\/types\/page"}],"author":[{"embeddable":true,"href":"https:\/\/petrecycling.ch\/fr\/wp-json\/wp\/v2\/users\/1"}],"replies":[{"embeddable":true,"href":"https:\/\/petrecycling.ch\/fr\/wp-json\/wp\/v2\/comments?post=7293"}],"version-history":[{"count":21,"href":"https:\/\/petrecycling.ch\/fr\/wp-json\/wp\/v2\/pages\/7293\/revisions"}],"predecessor-version":[{"id":21255,"href":"https:\/\/petrecycling.ch\/fr\/wp-json\/wp\/v2\/pages\/7293\/revisions\/21255"}],"up":[{"embeddable":true,"href":"https:\/\/petrecycling.ch\/fr\/wp-json\/wp\/v2\/pages\/7290"}],"wp:attachment":[{"href":"https:\/\/petrecycling.ch\/fr\/wp-json\/wp\/v2\/media?parent=7293"}],"curies":[{"name":"wp","href":"https:\/\/api.w.org\/{rel}","templated":true}]}}