{"id":7288,"date":"2023-02-01T15:04:47","date_gmt":"2023-02-01T14:04:47","guid":{"rendered":"https:\/\/petrecycling.ch\/mythes-et-realites\/glossar\/"},"modified":"2024-04-15T16:56:06","modified_gmt":"2024-04-15T14:56:06","slug":"glossaire","status":"publish","type":"page","link":"https:\/\/petrecycling.ch\/fr\/a-savoir\/glossaire\/","title":{"rendered":"Glossaire"},"content":{"rendered":"\n<div id=\"header-slider-block_b8682079a9c8741de46d5122c629b1c7\" class=\"header-slider \n\">\n\n      <div class=\"swiper\">\n      <div class=\"swiper-wrapper\">\n                              <div class=\"swiper-slide\">\n              <div class=\"inner-type-bg-image  \" style=\"background: linear-gradient(#868677db 0, #ffffff 40%), url('https:\/\/petrecycling.ch\/wp-content\/uploads\/2024\/04\/PET-Recycling-Schweiz_Mythen-Fakten_Glossar-2-aspect-ratio-1920-1080-1.jpg');background-blend-mode: multiply;\" >\n                <div class=\"container slide-content-wrapper\">\n                  <div class=\"row align-items-center\">\n                                        <div class=\"text-col col-md-8 col-lg-6 col-xl-5 offset-xl-1 \">\n                                              <h2 class=\"h2 heading-highlight \"><span class=\"highlight highlight-light\"><strong>PET,<\/strong> <i>autres<\/i> plastiques et mati\u00e8res \u00e9trang\u00e8res<\/span><\/h2>\n                                                                    <div class=\"wysiwyg fs-body-text fw-semi-bold text-white\">\n                          PET, PE, PLA \u2013 dans le monde du plastique, il existe de nombreux acronymes et des d\u00e9signations chimiques souvent incompr\u00e9hensibles. Ce glossaire offre un soutien et explique bri\u00e8vement les termes les plus importants.                        <\/div>\n                                                                    <div class=\"links-wrapper\">\n                          <button class=\"link-btn-scroll-down \" type=\"button\">\n                            <?xml version=\"1.0\"?>\n<svg xmlns=\"http:\/\/www.w3.org\/2000\/svg\" width=\"36.609\" height=\"34.297\" viewBox=\"0 0 36.609 34.297\" class=\"icon pet_icons_rgb_rz_pos_chevrons_down_small-icon \" aria-hidden=\"true\" role=\"presentation\">\n  <g id=\"Gruppe_7591\" data-name=\"Gruppe 7591\" transform=\"translate(-184.514 -616.156)\">\n    <path id=\"Pfad_17818\" data-name=\"Pfad 17818\" d=\"M36.608,0,18.3,11.4,0,0V7.929l18.3,11.4,18.3-11.4Z\" transform=\"translate(184.515 616.156)\" fill=\"#faf500\"\/>\n    <path id=\"Pfad_17819\" data-name=\"Pfad 17819\" d=\"M36.608,0,18.3,11.4,0,0V7.929l18.3,11.4,18.3-11.4Z\" transform=\"translate(184.514 631.125)\" fill=\"#faf500\"\/>\n  <\/g>\n<\/svg>\n                          <\/button>\n                        <\/div>\n                                          <\/div>\n                  <\/div>\n                <\/div>\n              <\/div>\n            <\/div>\n                        <\/div>\n\n\n\n          <\/div>\n  \n<\/div>\n\n\n<div id=\"pet\" class=\"text-einspaltig \n pb-small bg-white\">\n  <div class=\"container custom-padding-big  pb-0\">\n    <div class=\"row\">\n      <div class=\"offset-xl-1 col-xl-10\">\n                          <h3 class=\"h3\"><strong>PET<\/strong><\/h3>\n                          <div class=\"text wysiwyg wysiwyg-line-break-big fs-body-text\">\n            <p><strong>Polyvalent et recyclable<br \/>\n<\/strong>Le polyt\u00e9r\u00e9phtalate d\u2019\u00e9thyl\u00e8ne, appel\u00e9 \u00e9galement PET, est produit \u00e0 100\u00a0pour cent \u00e0 base de p\u00e9trole ou de gaz naturel. Il faut environ 1,9\u00a0kg de p\u00e9trole brut pour obtenir 1\u00a0kg de PET. Les mol\u00e9cules de PET sont compos\u00e9es d\u2019oxyg\u00e8ne (O), d\u2019hydrog\u00e8ne (H) et de carbone (C). Gr\u00e2ce \u00e0 sa structure chimique, sa combustion compl\u00e8te ne lib\u00e8re que de l\u2019eau (H2O), de l\u2019oxyg\u00e8ne (O2) et du dioxyde de carbone (CO2). Le recyclage du PET permet d\u2019\u00e9conomiser 50\u00a0pour cent d\u2019\u00e9nergie par rapport \u00e0 sa production.<\/p>\n          <\/div>\n                      <\/div>\n    <\/div>\n\n  <\/div>\n<\/div>\n\n\n<div id=\"pe\" class=\"text-einspaltig \n pb-small bg-white\">\n  <div class=\"container custom-padding-medium  pb-0\">\n    <div class=\"row\">\n      <div class=\"offset-xl-1 col-xl-10\">\n                          <h3 class=\"h3\"><strong>PE<\/strong><\/h3>\n                          <div class=\"text wysiwyg wysiwyg-line-break-big fs-body-text\">\n            <p><strong>Convient \u00e0 un grand nombre de bouteilles en plastique<br \/>\n<\/strong>Le plastique \u00abpoly\u00e9thyl\u00e8ne\u00bb est utilis\u00e9 pour la fabrication de diverses bouteilles en plastique comme les shampoings, les d\u00e9tergents et les produits de nettoyage, ou les bouteilles de lait blanches en PE. Bien que cette mati\u00e8re plastique soit \u00e9galement d\u00e9riv\u00e9e du p\u00e9trole ou du gaz naturel, le PE se distingue fondamentalement du PET par sa structure chimique. Tandis que le PET fait partie de la famille des polyesters, le PE appartient \u00e0 la famille des polyol\u00e9fines. Le PE non color\u00e9 a un aspect laiteux et trouble et se ramollit \u00e0 des temp\u00e9ratures sup\u00e9rieures \u00e0 80\u00a0degr\u00e9s Celsius.<\/p>\n          <\/div>\n                      <\/div>\n    <\/div>\n\n  <\/div>\n<\/div>\n\n\n<div id=\"pla\" class=\"text-einspaltig \n pb-small bg-white\">\n  <div class=\"container custom-padding-medium  pb-0\">\n    <div class=\"row\">\n      <div class=\"offset-xl-1 col-xl-10\">\n                          <h3 class=\"h3\"><strong>PLA<\/strong><\/h3>\n                          <div class=\"text wysiwyg wysiwyg-line-break-big fs-body-text\">\n            <p><strong>Biod\u00e9gradable<br \/>\n<\/strong>PLA signifie polylactide \/ acide polylactique et est fabriqu\u00e9 \u00e0 partir de mati\u00e8res v\u00e9g\u00e9tales comme le ma\u00efs, ce qui le rend th\u00e9oriquement compostable. Cependant, la biod\u00e9gradabilit\u00e9 et le compostage ne sont possibles que dans des conditions contr\u00f4l\u00e9es. Les bouteilles en PLA ne peuvent pas \u00eatre jet\u00e9es dans le compost et ne sont pas recyclables, elles sont incin\u00e9r\u00e9es.<\/p>\n          <\/div>\n                      <\/div>\n    <\/div>\n\n  <\/div>\n<\/div>\n\n\n<div id=\"plantbottle\" class=\"text-einspaltig \n pb-small bg-white\">\n  <div class=\"container custom-padding-medium  pb-0\">\n    <div class=\"row\">\n      <div class=\"offset-xl-1 col-xl-10\">\n                          <h3 class=\"h3\"><strong>PlantBottle<\/strong><\/h3>\n                          <div class=\"text wysiwyg wysiwyg-line-break-big fs-body-text\">\n            <p><strong>Recyclable malgr\u00e9 la teneur en sucre<br \/>\n<\/strong>La PlantBottle\u2122 de Coca-Cola est aussi l\u00e9g\u00e8re, solide et recyclable qu\u2019une bouteille \u00e0 boissons en PET classique. Toutefois, contrairement au PET, ce type de plastique n\u2019est pas enti\u00e8rement compos\u00e9 de p\u00e9trole ou de gaz naturel. La bouteille est compos\u00e9e de 51 % de PET vierge, 35 % de R-PET et 14 % de mati\u00e8res premi\u00e8res v\u00e9g\u00e9tales \u2013 plus pr\u00e9cis\u00e9ment de jus de canne \u00e0 sucre ou de m\u00e9lasse (sous-produit de la production de sucre).<\/p>\n<p>Cela est possible gr\u00e2ce \u00e0 la production v\u00e9g\u00e9tale de mono\u00e9thyl\u00e8ne glycol (MEG), un composant du PET qui \u00e9tait jusqu\u2019\u00e0 pr\u00e9sent issu du p\u00e9trole. C\u2019est pourquoi la PlantBottle\u2122 peut \u00eatre \u00e9limin\u00e9e comme les autres bouteilles \u00e0 boissons en PET dans le conteneur de collecte du PET habituel.<\/p>\n          <\/div>\n                      <\/div>\n    <\/div>\n\n  <\/div>\n<\/div>\n\n\n<div id=\"substances-etrangeres\" class=\"text-einspaltig \n pb-small bg-white\">\n  <div class=\"container custom-padding-big  pb-0\">\n    <div class=\"row\">\n      <div class=\"offset-xl-1 col-xl-10\">\n                  <h2 class=\"h2 text-secondary hyphens-xs-auto\"><strong>Substances \u00e9trang\u00e8res<\/strong><\/h2>\n                                  <div class=\"text wysiwyg wysiwyg-line-break-big fs-body-text\">\n            <p>Les mati\u00e8res \u00e9trang\u00e8res pr\u00e9sentes dans les denr\u00e9es alimentaires et les eaux potables provoquent souvent des controverses. En sa qualit\u00e9 d&rsquo;organisation de collecte, PET-Recycling Schweiz observe cette th\u00e9matique avec attention. De mani\u00e8re g\u00e9n\u00e9rale, la d\u00e9tectabilit\u00e9 d\u2019une substance ne d\u00e9termine en rien le risque qu\u2019elle pr\u00e9sente pour la sant\u00e9. Concernant le danger potentiel pour les individus, la pr\u00e9sence de substances en concentrations inf\u00e9rieures \u00e0 un microgramme ou nanogramme est toutefois parfaitement n\u00e9gligeable dans la majorit\u00e9 des cas. Ce n&rsquo;est pas parce qu&rsquo;une substance a \u00e9t\u00e9 d\u00e9cel\u00e9e qu&rsquo;elle est forc\u00e9ment nocive pour la sant\u00e9. En effet, c&rsquo;est la quantit\u00e9 qui est d\u00e9terminante! En Suisse, les eaux min\u00e9rales et les denr\u00e9es alimentaires sont soumises \u00e0 des directives l\u00e9gales. Le respect des valeurs limites d\u00e9finies est strictement contr\u00f4l\u00e9 par l\u2019OFSP.<\/p>\n          <\/div>\n                          <div class=\"links-wrapper\">\n                            <div class=\"link-btn-primary-wrapper\">\n                  <a href=\"https:\/\/petrecycling.ch\/fr\/a-notre-propos\/medias-et-communication\/materiel-dinformation\/#substances-etrangeres\" target=\"_self\" class=\"link-btn-primary\">\n                    <span>\n                      Mat\u00e9riel d\u2019information                    <\/span>\n                  <\/a>\n                <\/div>\n                                    <\/div>\n              <\/div>\n    <\/div>\n\n  <\/div>\n<\/div>\n\n\n<div id=\"text-einspaltig-block_bf0d40ca8151f4b9f1194c4da86afb88\" class=\"text-einspaltig \n pb-small bg-white\">\n  <div class=\"container custom-padding-big  pb-0\">\n    <div class=\"row\">\n      <div class=\"offset-xl-1 col-xl-10\">\n                          <h3 class=\"h3\"><strong>Ac\u00e9tald\u00e9hyde (AA)<\/strong><\/h3>\n                          <div class=\"text wysiwyg wysiwyg-line-break-big fs-body-text\">\n            <p>L\u2019ac\u00e9tald\u00e9hyde peut se former dans les bouteilles en PET pendant la fabrication et le stockage. La valeur limite de migration est de 6 mg\/kg en Suisse et en Europe. Les valeurs d\u00e9cel\u00e9es \u00e0 ce jour \u00e9taient nettement inf\u00e9rieures aux directives l\u00e9gales.<\/p>\n          <\/div>\n                      <\/div>\n    <\/div>\n\n  <\/div>\n<\/div>\n\n\n<div id=\"text-einspaltig-block_cfa704bef196f1ada75305c5f0793f49\" class=\"text-einspaltig \n pb-small bg-white\">\n  <div class=\"container custom-padding-medium  pb-0\">\n    <div class=\"row\">\n      <div class=\"offset-xl-1 col-xl-10\">\n                          <h3 class=\"h3\"><strong>Antimoine<\/strong><\/h3>\n                          <div class=\"text wysiwyg wysiwyg-line-break-big fs-body-text\">\n            <p>Le risque d\u2019une consommation de quantit\u00e9s importantes d\u2019eau contenant de l\u2019antimoine est jug\u00e9 minime par l\u2019OFSP, qui en conclut que: \u00abLe risque pour la sant\u00e9 d\u00fb \u00e0 la migration d\u2019antimoine de l\u2019emballage en PET dans l\u2019eau min\u00e9rale est de ce fait n\u00e9gligeable.\u00bb<\/p>\n          <\/div>\n                      <\/div>\n    <\/div>\n\n  <\/div>\n<\/div>\n\n\n<div id=\"text-einspaltig-block_7e4624610cda186adc503143c6a149fd\" class=\"text-einspaltig \n pb-small bg-white\">\n  <div class=\"container custom-padding-medium  pb-0\">\n    <div class=\"row\">\n      <div class=\"offset-xl-1 col-xl-10\">\n                          <h3 class=\"h3\"><strong>Benz\u00e8ne<\/strong><\/h3>\n                          <div class=\"text wysiwyg wysiwyg-line-break-big fs-body-text\">\n            <p>Le benz\u00e8ne est un compos\u00e9 hydrocarbon\u00e9 chimique organique. Il est naturellement pr\u00e9sent dans le p\u00e9trole, le gaz naturel et la houille, et se produit lors du processus de combustion. Normalement, on absorbe le benz\u00e8ne par l&rsquo;air ambiant (\u00e9missions de voitures et de chauffage ainsi que fum\u00e9e du tabac). En raison d&rsquo;une large diffusion, des traces de benz\u00e8ne sont pr\u00e9sentes dans l&rsquo;eau et les aliments. Pour la consommation de boissons toutefois, les risques qui en d\u00e9coulent pour la sant\u00e9 sont consid\u00e9r\u00e9s comme \u00e9tant faibles.<\/p>\n          <\/div>\n                      <\/div>\n    <\/div>\n\n  <\/div>\n<\/div>\n\n\n<div id=\"text-einspaltig-block_7c9f463558b9ed0d1d3e969608100ae8\" class=\"text-einspaltig \n pb-small bg-white\">\n  <div class=\"container custom-padding-medium  pb-0\">\n    <div class=\"row\">\n      <div class=\"offset-xl-1 col-xl-10\">\n                          <h3 class=\"h3\"><strong>Bisph\u00e9nol-A (BPA)<\/strong><\/h3>\n                          <div class=\"text wysiwyg wysiwyg-line-break-big fs-body-text\">\n            <p>Le bisph\u00e9nol-A (BPA) est une substance synth\u00e9tique utilis\u00e9e pour la fabrication de diverses mati\u00e8res synth\u00e9tiques en polycarbonate et r\u00e9sines artificielles. Aucun bisph\u00e9nol-A n\u2019est utilis\u00e9 pour la fabrication des bouteilles en PET.<\/p>\n          <\/div>\n                      <\/div>\n    <\/div>\n\n  <\/div>\n<\/div>\n\n\n<div id=\"text-einspaltig-block_74bd55a00bf5dbdd83a543462fab90a1\" class=\"text-einspaltig \n pb-small bg-white\">\n  <div class=\"container custom-padding-medium  pb-0\">\n    <div class=\"row\">\n      <div class=\"offset-xl-1 col-xl-10\">\n                          <h3 class=\"h3\"><strong>Nanotechnologies<\/strong><\/h3>\n                          <div class=\"text wysiwyg wysiwyg-line-break-big fs-body-text\">\n            <p>Le terme nanotechnologie regroupe une multitude de technologies et de mat\u00e9riaux qui se trouvent tous \u00e0 l&rsquo;\u00e9chelle nanom\u00e9trique (1 nanom\u00e8tre = 1 milliardi\u00e8me de m\u00e8tre). Actuellement, les nanotechnologies sont surtout utilis\u00e9es dans les produits cosm\u00e9tiques, les vernis, les peintures, les emballages pour les denr\u00e9es alimentaires et dans les textiles. A ce jour, toutes les \u00e9tudes relatives aux nanomat\u00e9riaux dans les emballages pour les denr\u00e9es alimentaires et dans les textiles contenant une part de PET ont conclu que l&rsquo;on pouvait largement exclure la p\u00e9n\u00e9tration de nanoparticules dans les denr\u00e9es alimentaires ou les \u00eatres humains.<\/p>\n          <\/div>\n                      <\/div>\n    <\/div>\n\n  <\/div>\n<\/div>\n\n\n<div id=\"text-einspaltig-block_aabe87d254edc282294054cce4a32269\" class=\"text-einspaltig \n pb-small bg-white\">\n  <div class=\"container custom-padding-medium  pb-0\">\n    <div class=\"row\">\n      <div class=\"offset-xl-1 col-xl-10\">\n                          <h3 class=\"h3\"><strong>Perturbateurs endocriniens et activit\u00e9s \u0153strog\u00e9niques<\/strong><\/h3>\n                          <div class=\"text wysiwyg wysiwyg-line-break-big fs-body-text\">\n            <p>Dans le cadre d\u2019une \u00e9tude d\u2019envergure, l\u2019Office f\u00e9d\u00e9ral de la sant\u00e9 publique (OFSP) a montr\u00e9 que les activit\u00e9s \u0153strog\u00e9niques minimales mesur\u00e9es dans les eaux min\u00e9rales vendues en Suisse ne pr\u00e9sentaient pas de risque pour la sant\u00e9. Aucune diff\u00e9rence n\u2019a pu \u00eatre d\u00e9montr\u00e9e entre les eaux min\u00e9rales conditionn\u00e9es en bouteilles en PET ou en verre. La raison est que les substances actives sur le syst\u00e8me endocrinien parviennent dans l&rsquo;eau par d&rsquo;autres canaux. En effet, aucune substance active sur le syst\u00e8me endocrinien, ni de plastifiant ne sont utilis\u00e9s pour la fabrication des bouteilles \u00e0 boissons en PET.<\/p>\n          <\/div>\n                      <\/div>\n    <\/div>\n\n  <\/div>\n<\/div>\n\n\n<div id=\"text-einspaltig-block_fc4da1610f6008e09d7dcf12d9341bba\" class=\"text-einspaltig \n bg-white\">\n  <div class=\"container custom-padding-medium  \">\n    <div class=\"row\">\n      <div class=\"offset-xl-1 col-xl-10\">\n                          <h3 class=\"h3\"><strong>Uranium<\/strong><\/h3>\n                          <div class=\"text wysiwyg wysiwyg-line-break-big fs-body-text\">\n            <p>L&rsquo;uranium est un \u00e9l\u00e9ment naturellement pr\u00e9sent sur Terre et est r\u00e9pandu dans les minerais et les min\u00e9raux ainsi que dans l&rsquo;eau, le sol et l&rsquo;air. L&rsquo;uranium peut parvenir dans les aliments soit par un processus naturel, soit par l&rsquo;action humaine. Etant donn\u00e9 que l&rsquo;uranium est soluble, la teneur en uranium dans l&rsquo;eau est d\u00e9termin\u00e9e par l&rsquo;origine de la substance et n&rsquo;a aucun rapport avec l&#8217;emballage pour les denr\u00e9es alimentaires.<\/p>\n          <\/div>\n                      <\/div>\n    <\/div>\n\n  <\/div>\n<\/div>\n\n\n<div id=\"abstand-block_c003bb8cace15a998df893ccd6529cd3\" class=\"abstand \n bg-white \">\n  <div class=\"custom-spacer custom-spacer-medium\">\n  <\/div>\n<\/div>","protected":false},"excerpt":{"rendered":"","protected":false},"author":1,"featured_media":0,"parent":7278,"menu_order":4,"comment_status":"closed","ping_status":"closed","template":"","meta":{"_acf_changed":false,"footnotes":""},"class_list":["post-7288","page","type-page","status-publish","hentry"],"acf":[],"yoast_head":"<!-- This site is optimized with the Yoast SEO plugin v27.4 - https:\/\/yoast.com\/product\/yoast-seo-wordpress\/ -->\n<title>Glossaire - PET-Recycling Schweiz<\/title>\n<meta name=\"robots\" content=\"index, follow, max-snippet:-1, max-image-preview:large, max-video-preview:-1\" \/>\n<link rel=\"canonical\" href=\"https:\/\/petrecycling.ch\/fr\/a-savoir\/glossaire\/\" \/>\n<meta property=\"og:locale\" content=\"fr_FR\" \/>\n<meta property=\"og:type\" content=\"article\" \/>\n<meta property=\"og:title\" content=\"Glossaire - PET-Recycling Schweiz\" \/>\n<meta property=\"og:url\" content=\"https:\/\/petrecycling.ch\/fr\/a-savoir\/glossaire\/\" \/>\n<meta property=\"og:site_name\" content=\"PET-Recycling Schweiz\" \/>\n<meta property=\"article:publisher\" content=\"https:\/\/www.facebook.com\/petrecyclingschweiz\/\" \/>\n<meta property=\"article:modified_time\" content=\"2024-04-15T14:56:06+00:00\" \/>\n<meta name=\"twitter:card\" content=\"summary_large_image\" \/>\n<script type=\"application\/ld+json\" class=\"yoast-schema-graph\">{\"@context\":\"https:\\\/\\\/schema.org\",\"@graph\":[{\"@type\":\"WebPage\",\"@id\":\"https:\\\/\\\/petrecycling.ch\\\/fr\\\/a-savoir\\\/glossaire\\\/\",\"url\":\"https:\\\/\\\/petrecycling.ch\\\/fr\\\/a-savoir\\\/glossaire\\\/\",\"name\":\"Glossaire - PET-Recycling Schweiz\",\"isPartOf\":{\"@id\":\"https:\\\/\\\/petrecycling.ch\\\/fr\\\/#website\"},\"datePublished\":\"2023-02-01T14:04:47+00:00\",\"dateModified\":\"2024-04-15T14:56:06+00:00\",\"breadcrumb\":{\"@id\":\"https:\\\/\\\/petrecycling.ch\\\/fr\\\/a-savoir\\\/glossaire\\\/#breadcrumb\"},\"inLanguage\":\"fr-FR\",\"potentialAction\":[{\"@type\":\"ReadAction\",\"target\":[\"https:\\\/\\\/petrecycling.ch\\\/fr\\\/a-savoir\\\/glossaire\\\/\"]}]},{\"@type\":\"BreadcrumbList\",\"@id\":\"https:\\\/\\\/petrecycling.ch\\\/fr\\\/a-savoir\\\/glossaire\\\/#breadcrumb\",\"itemListElement\":[{\"@type\":\"ListItem\",\"position\":1,\"name\":\"Startseite\",\"item\":\"https:\\\/\\\/petrecycling.ch\\\/fr\\\/\"},{\"@type\":\"ListItem\",\"position\":2,\"name\":\"Bon \u00e0 savoir\",\"item\":\"https:\\\/\\\/petrecycling.ch\\\/fr\\\/a-savoir\\\/\"},{\"@type\":\"ListItem\",\"position\":3,\"name\":\"Glossaire\"}]},{\"@type\":\"WebSite\",\"@id\":\"https:\\\/\\\/petrecycling.ch\\\/fr\\\/#website\",\"url\":\"https:\\\/\\\/petrecycling.ch\\\/fr\\\/\",\"name\":\"PET-Recycling Schweiz\",\"description\":\"Verein PRS PET-Recycling Schweiz a \u00e9t\u00e9 fond\u00e9e en 1990 et s&#039;occupe de la collecte et du recyclage des bouteilles en PET pour boissons.\",\"publisher\":{\"@id\":\"https:\\\/\\\/petrecycling.ch\\\/fr\\\/#organization\"},\"potentialAction\":[{\"@type\":\"SearchAction\",\"target\":{\"@type\":\"EntryPoint\",\"urlTemplate\":\"https:\\\/\\\/petrecycling.ch\\\/fr\\\/?s={search_term_string}\"},\"query-input\":{\"@type\":\"PropertyValueSpecification\",\"valueRequired\":true,\"valueName\":\"search_term_string\"}}],\"inLanguage\":\"fr-FR\"},{\"@type\":\"Organization\",\"@id\":\"https:\\\/\\\/petrecycling.ch\\\/fr\\\/#organization\",\"name\":\"Verein PRS PET-Recycling Schweiz\",\"alternateName\":\"PET-Recycling Schweiz\",\"url\":\"https:\\\/\\\/petrecycling.ch\\\/fr\\\/\",\"logo\":{\"@type\":\"ImageObject\",\"inLanguage\":\"fr-FR\",\"@id\":\"https:\\\/\\\/petrecycling.ch\\\/fr\\\/#\\\/schema\\\/logo\\\/image\\\/\",\"url\":\"https:\\\/\\\/petrecycling.ch\\\/wp-content\\\/uploads\\\/2023\\\/07\\\/PET_large_rgb.png\",\"contentUrl\":\"https:\\\/\\\/petrecycling.ch\\\/wp-content\\\/uploads\\\/2023\\\/07\\\/PET_large_rgb.png\",\"width\":1197,\"height\":1197,\"caption\":\"Verein PRS PET-Recycling Schweiz\"},\"image\":{\"@id\":\"https:\\\/\\\/petrecycling.ch\\\/fr\\\/#\\\/schema\\\/logo\\\/image\\\/\"},\"sameAs\":[\"https:\\\/\\\/www.facebook.com\\\/petrecyclingschweiz\\\/\",\"https:\\\/\\\/www.linkedin.com\\\/company\\\/pet-recycling-schweiz\\\/\",\"https:\\\/\\\/www.tiktok.com\\\/@prs_petrecycling.ch\"]}]}<\/script>\n<!-- \/ Yoast SEO plugin. -->","yoast_head_json":{"title":"Glossaire - PET-Recycling Schweiz","robots":{"index":"index","follow":"follow","max-snippet":"max-snippet:-1","max-image-preview":"max-image-preview:large","max-video-preview":"max-video-preview:-1"},"canonical":"https:\/\/petrecycling.ch\/fr\/a-savoir\/glossaire\/","og_locale":"fr_FR","og_type":"article","og_title":"Glossaire - PET-Recycling Schweiz","og_url":"https:\/\/petrecycling.ch\/fr\/a-savoir\/glossaire\/","og_site_name":"PET-Recycling Schweiz","article_publisher":"https:\/\/www.facebook.com\/petrecyclingschweiz\/","article_modified_time":"2024-04-15T14:56:06+00:00","twitter_card":"summary_large_image","schema":{"@context":"https:\/\/schema.org","@graph":[{"@type":"WebPage","@id":"https:\/\/petrecycling.ch\/fr\/a-savoir\/glossaire\/","url":"https:\/\/petrecycling.ch\/fr\/a-savoir\/glossaire\/","name":"Glossaire - PET-Recycling Schweiz","isPartOf":{"@id":"https:\/\/petrecycling.ch\/fr\/#website"},"datePublished":"2023-02-01T14:04:47+00:00","dateModified":"2024-04-15T14:56:06+00:00","breadcrumb":{"@id":"https:\/\/petrecycling.ch\/fr\/a-savoir\/glossaire\/#breadcrumb"},"inLanguage":"fr-FR","potentialAction":[{"@type":"ReadAction","target":["https:\/\/petrecycling.ch\/fr\/a-savoir\/glossaire\/"]}]},{"@type":"BreadcrumbList","@id":"https:\/\/petrecycling.ch\/fr\/a-savoir\/glossaire\/#breadcrumb","itemListElement":[{"@type":"ListItem","position":1,"name":"Startseite","item":"https:\/\/petrecycling.ch\/fr\/"},{"@type":"ListItem","position":2,"name":"Bon \u00e0 savoir","item":"https:\/\/petrecycling.ch\/fr\/a-savoir\/"},{"@type":"ListItem","position":3,"name":"Glossaire"}]},{"@type":"WebSite","@id":"https:\/\/petrecycling.ch\/fr\/#website","url":"https:\/\/petrecycling.ch\/fr\/","name":"PET-Recycling Schweiz","description":"Verein PRS PET-Recycling Schweiz a \u00e9t\u00e9 fond\u00e9e en 1990 et s&#039;occupe de la collecte et du recyclage des bouteilles en PET pour boissons.","publisher":{"@id":"https:\/\/petrecycling.ch\/fr\/#organization"},"potentialAction":[{"@type":"SearchAction","target":{"@type":"EntryPoint","urlTemplate":"https:\/\/petrecycling.ch\/fr\/?s={search_term_string}"},"query-input":{"@type":"PropertyValueSpecification","valueRequired":true,"valueName":"search_term_string"}}],"inLanguage":"fr-FR"},{"@type":"Organization","@id":"https:\/\/petrecycling.ch\/fr\/#organization","name":"Verein PRS PET-Recycling Schweiz","alternateName":"PET-Recycling Schweiz","url":"https:\/\/petrecycling.ch\/fr\/","logo":{"@type":"ImageObject","inLanguage":"fr-FR","@id":"https:\/\/petrecycling.ch\/fr\/#\/schema\/logo\/image\/","url":"https:\/\/petrecycling.ch\/wp-content\/uploads\/2023\/07\/PET_large_rgb.png","contentUrl":"https:\/\/petrecycling.ch\/wp-content\/uploads\/2023\/07\/PET_large_rgb.png","width":1197,"height":1197,"caption":"Verein PRS PET-Recycling Schweiz"},"image":{"@id":"https:\/\/petrecycling.ch\/fr\/#\/schema\/logo\/image\/"},"sameAs":["https:\/\/www.facebook.com\/petrecyclingschweiz\/","https:\/\/www.linkedin.com\/company\/pet-recycling-schweiz\/","https:\/\/www.tiktok.com\/@prs_petrecycling.ch"]}]}},"_links":{"self":[{"href":"https:\/\/petrecycling.ch\/fr\/wp-json\/wp\/v2\/pages\/7288","targetHints":{"allow":["GET"]}}],"collection":[{"href":"https:\/\/petrecycling.ch\/fr\/wp-json\/wp\/v2\/pages"}],"about":[{"href":"https:\/\/petrecycling.ch\/fr\/wp-json\/wp\/v2\/types\/page"}],"author":[{"embeddable":true,"href":"https:\/\/petrecycling.ch\/fr\/wp-json\/wp\/v2\/users\/1"}],"replies":[{"embeddable":true,"href":"https:\/\/petrecycling.ch\/fr\/wp-json\/wp\/v2\/comments?post=7288"}],"version-history":[{"count":9,"href":"https:\/\/petrecycling.ch\/fr\/wp-json\/wp\/v2\/pages\/7288\/revisions"}],"predecessor-version":[{"id":29189,"href":"https:\/\/petrecycling.ch\/fr\/wp-json\/wp\/v2\/pages\/7288\/revisions\/29189"}],"up":[{"embeddable":true,"href":"https:\/\/petrecycling.ch\/fr\/wp-json\/wp\/v2\/pages\/7278"}],"wp:attachment":[{"href":"https:\/\/petrecycling.ch\/fr\/wp-json\/wp\/v2\/media?parent=7288"}],"curies":[{"name":"wp","href":"https:\/\/api.w.org\/{rel}","templated":true}]}}