{"id":7282,"date":"2023-01-31T16:50:27","date_gmt":"2023-01-31T15:50:27","guid":{"rendered":"https:\/\/petrecycling.ch\/mythes-et-realites\/faq\/"},"modified":"2025-02-28T14:21:21","modified_gmt":"2025-02-28T13:21:21","slug":"faq","status":"publish","type":"page","link":"https:\/\/petrecycling.ch\/fr\/a-savoir\/faq\/","title":{"rendered":"FAQ"},"content":{"rendered":"\n<div id=\"header-slider-block_bbc1d01d773d2ea0959776339f2fd35c\" class=\"header-slider \n\">\n\n      <div class=\"swiper\">\n      <div class=\"swiper-wrapper\">\n                              <div class=\"swiper-slide\">\n              <div class=\"inner-type-bg-image  \" style=\"background: linear-gradient(#868677db 0, #ffffff 40%), url('https:\/\/petrecycling.ch\/wp-content\/uploads\/2024\/04\/PET-Recycling-Schweiz_Ueber-PRS_Mission-Leitbild-aspect-ratio-1920-1080-1.jpg');background-blend-mode: multiply;\" >\n                <div class=\"container slide-content-wrapper\">\n                  <div class=\"row align-items-center\">\n                                        <div class=\"text-col col-md-8 col-lg-6 col-xl-5 offset-xl-1 \">\n                                              <h2 class=\"h2 heading-highlight \"><span class=\"highlight highlight-light\"><strong>Questions fr\u00e9quentes<\/strong> <i>sur<\/i> le PET, le plastique et le recyclage<\/span><\/h2>\n                                                                                          <div class=\"links-wrapper\">\n                          <button class=\"link-btn-scroll-down link-btn-scroll-down-light\" type=\"button\">\n                            <?xml version=\"1.0\"?>\n<svg xmlns=\"http:\/\/www.w3.org\/2000\/svg\" width=\"36.609\" height=\"34.297\" viewBox=\"0 0 36.609 34.297\" class=\"icon pet_icons_rgb_rz_pos_chevrons_down_small-icon \" aria-hidden=\"true\" role=\"presentation\">\n  <g id=\"Gruppe_7591\" data-name=\"Gruppe 7591\" transform=\"translate(-184.514 -616.156)\">\n    <path id=\"Pfad_17818\" data-name=\"Pfad 17818\" d=\"M36.608,0,18.3,11.4,0,0V7.929l18.3,11.4,18.3-11.4Z\" transform=\"translate(184.515 616.156)\" fill=\"#faf500\"\/>\n    <path id=\"Pfad_17819\" data-name=\"Pfad 17819\" d=\"M36.608,0,18.3,11.4,0,0V7.929l18.3,11.4,18.3-11.4Z\" transform=\"translate(184.514 631.125)\" fill=\"#faf500\"\/>\n  <\/g>\n<\/svg>\n                          <\/button>\n                        <\/div>\n                                          <\/div>\n                  <\/div>\n                <\/div>\n              <\/div>\n            <\/div>\n                        <\/div>\n\n\n\n          <\/div>\n  \n<\/div>\n\n\n<div id=\"akkordion-block_6a6bcbf43314329a6f237a133858653f\" class=\"akkordion \n bg-white custom-padding-big  \">\n  <div class=\"container\">\n    <div class=\"row\">\n      <div class=\"offset-xl-1 col-xl-10\">\n\n        \n        \n                  <div class=\"accordion accordion-flush custom\" id=\"accordion-akkordion-block_6a6bcbf43314329a6f237a133858653f\">\n\n                                          <div class=\"accordion-item\">\n                  <h4 class=\"accordion-header\" id=\"flush-heading-akkordion-block_6a6bcbf43314329a6f237a133858653f-1\">\n                    <button class=\"accordion-button collapsed\" type=\"button\" data-bs-toggle=\"collapse\" data-bs-target=\"#flush-akkordion-block_6a6bcbf43314329a6f237a133858653f-1\" aria-expanded=\"false\" aria-controls=\"flush-akkordion-block_6a6bcbf43314329a6f237a133858653f-1\">\n                      <div class=\"accordion-title\">\n                        Comment \u00e9liminer les bouteilles de lait, de cr\u00e8me et de yogourt \u00e0 boire?                      <\/div>\n                    <\/button>\n                  <\/h4>\n                  <div id=\"flush-akkordion-block_6a6bcbf43314329a6f237a133858653f-1\" class=\"accordion-collapse collapse\" aria-labelledby=\"flush-heading-akkordion-block_6a6bcbf43314329a6f237a133858653f-1\" data-bs-parent=\"#accordion-akkordion-block_6a6bcbf43314329a6f237a133858653f\">\n                    <div class=\"accordion-body\">\n                      <div class=\"text wysiwyg fs-body-text\">\n                        <p style=\"font-weight: 400;\">L\u2019industrie laiti\u00e8re passe progressivement du PE (poly\u00e9thyl\u00e8ne) au PET. Pendant cette phase de transition, les deux mat\u00e9riaux sont en circulation. Il existe donc des produits laitiers conditionn\u00e9s dans des bouteilles en plastique (PE) et dans des bouteilles en PET.<\/p>\n<p style=\"font-weight: 400;\">Toutes les bouteilles portant le logo officiel de PET-Recycling Schweiz doivent \u00eatre d\u00e9pos\u00e9es dans la collecte s\u00e9par\u00e9e des bouteilles \u00e0 boissons en PET.<\/p>\n<p><span style=\"font-weight: 400;\">Les bouteilles en PE (poly\u00e9thyl\u00e8ne) ou ne portant pas d\u2019indication de recyclage ne doivent pas \u00eatre d\u00e9pos\u00e9es dans la collecte du PET. Les r\u00e9sidus de lait et le point de fusion plus bas du PE posent des probl\u00e8mes lors du recyclage du PET. D\u00e9posez ces bouteilles dans la collecte s\u00e9par\u00e9e des bouteilles en plastique chez la plupart des grands d\u00e9taillants.<\/span><\/p>\n<p><a href=\"https:\/\/recycling-map.ch\/fr\/\" target=\"_blank\" rel=\"noopener\">Recycling Map<\/a><\/p>\n                      <\/div>\n                    <\/div>\n                  <\/div>\n                <\/div>\n                                                        <div class=\"accordion-item\">\n                  <h4 class=\"accordion-header\" id=\"flush-heading-akkordion-block_6a6bcbf43314329a6f237a133858653f-2\">\n                    <button class=\"accordion-button collapsed\" type=\"button\" data-bs-toggle=\"collapse\" data-bs-target=\"#flush-akkordion-block_6a6bcbf43314329a6f237a133858653f-2\" aria-expanded=\"false\" aria-controls=\"flush-akkordion-block_6a6bcbf43314329a6f237a133858653f-2\">\n                      <div class=\"accordion-title\">\n                        Comment \u00e9liminer les gobelets pour boissons, glaces, yogourts, etc.?                      <\/div>\n                    <\/button>\n                  <\/h4>\n                  <div id=\"flush-akkordion-block_6a6bcbf43314329a6f237a133858653f-2\" class=\"accordion-collapse collapse\" aria-labelledby=\"flush-heading-akkordion-block_6a6bcbf43314329a6f237a133858653f-2\" data-bs-parent=\"#accordion-akkordion-block_6a6bcbf43314329a6f237a133858653f\">\n                    <div class=\"accordion-body\">\n                      <div class=\"text wysiwyg fs-body-text\">\n                        <p>De nombreux gobelets sont en PP ou en PS. Le point de fusion plus bas du PP\/PS pose des probl\u00e8mes lors du recyclage du PET. M\u00eame si les gobelets sont en PET, ils ne peuvent pas \u00eatre recycl\u00e9s avec les bouteilles \u00e0 boissons en PET pour des raisons techniques (barri\u00e8res, additifs, etc.). Jeter les gobelets dans la collecte RecyPac.<\/p>\n<p><a href=\"https:\/\/recycling-map.ch\/fr\/\" target=\"_blank\" rel=\"noopener\">Recycling Map<\/a><\/p>\n                      <\/div>\n                    <\/div>\n                  <\/div>\n                <\/div>\n                                                        <div class=\"accordion-item\">\n                  <h4 class=\"accordion-header\" id=\"flush-heading-akkordion-block_6a6bcbf43314329a6f237a133858653f-3\">\n                    <button class=\"accordion-button collapsed\" type=\"button\" data-bs-toggle=\"collapse\" data-bs-target=\"#flush-akkordion-block_6a6bcbf43314329a6f237a133858653f-3\" aria-expanded=\"false\" aria-controls=\"flush-akkordion-block_6a6bcbf43314329a6f237a133858653f-3\">\n                      <div class=\"accordion-title\">\n                        Comment \u00e9liminer les bouteilles de lessive et de d\u00e9tergent?                      <\/div>\n                    <\/button>\n                  <\/h4>\n                  <div id=\"flush-akkordion-block_6a6bcbf43314329a6f237a133858653f-3\" class=\"accordion-collapse collapse\" aria-labelledby=\"flush-heading-akkordion-block_6a6bcbf43314329a6f237a133858653f-3\" data-bs-parent=\"#accordion-akkordion-block_6a6bcbf43314329a6f237a133858653f\">\n                    <div class=\"accordion-body\">\n                      <div class=\"text wysiwyg fs-body-text\">\n                        <p>Ces bouteilles sont g\u00e9n\u00e9ralement en PE-HD. De plus, le contenu de ces bouteilles rend le mat\u00e9riau impropre \u00e0 la consommation alimentaire. Jeter les gobelets dans la collecte RecyPac chez la plupart des d\u00e9taillants.<\/p>\n<p><a href=\"https:\/\/recycling-map.ch\/fr\/\" target=\"_blank\" rel=\"noopener\">Recycling Map<\/a><\/p>\n                      <\/div>\n                    <\/div>\n                  <\/div>\n                <\/div>\n                                                        <div class=\"accordion-item\">\n                  <h4 class=\"accordion-header\" id=\"flush-heading-akkordion-block_6a6bcbf43314329a6f237a133858653f-4\">\n                    <button class=\"accordion-button collapsed\" type=\"button\" data-bs-toggle=\"collapse\" data-bs-target=\"#flush-akkordion-block_6a6bcbf43314329a6f237a133858653f-4\" aria-expanded=\"false\" aria-controls=\"flush-akkordion-block_6a6bcbf43314329a6f237a133858653f-4\">\n                      <div class=\"accordion-title\">\n                        Comment \u00e9liminer les bouteilles de shampooings et les flacons de produits cosm\u00e9tiques?                      <\/div>\n                    <\/button>\n                  <\/h4>\n                  <div id=\"flush-akkordion-block_6a6bcbf43314329a6f237a133858653f-4\" class=\"accordion-collapse collapse\" aria-labelledby=\"flush-heading-akkordion-block_6a6bcbf43314329a6f237a133858653f-4\" data-bs-parent=\"#accordion-akkordion-block_6a6bcbf43314329a6f237a133858653f\">\n                    <div class=\"accordion-body\">\n                      <div class=\"text wysiwyg fs-body-text\">\n                        <p>Ces bouteilles sont g\u00e9n\u00e9ralement en PE-HD. De plus, le contenu de ces bouteilles rend le mat\u00e9riau impropre \u00e0 la consommation alimentaire. Jeter les gobelets dans la collecte RecyPac chez la plupart des d\u00e9taillants.<\/p>\n<p><a href=\"https:\/\/recycling-map.ch\/fr\/\" target=\"_blank\" rel=\"noopener\">Recycling Map<\/a><\/p>\n                      <\/div>\n                    <\/div>\n                  <\/div>\n                <\/div>\n                                                        <div class=\"accordion-item\">\n                  <h4 class=\"accordion-header\" id=\"flush-heading-akkordion-block_6a6bcbf43314329a6f237a133858653f-5\">\n                    <button class=\"accordion-button collapsed\" type=\"button\" data-bs-toggle=\"collapse\" data-bs-target=\"#flush-akkordion-block_6a6bcbf43314329a6f237a133858653f-5\" aria-expanded=\"false\" aria-controls=\"flush-akkordion-block_6a6bcbf43314329a6f237a133858653f-5\">\n                      <div class=\"accordion-title\">\n                        Comment \u00e9liminer les blisters (coques en plastique) pour la viande, les salades, l\u00e9gumes, fruits, etc.?                      <\/div>\n                    <\/button>\n                  <\/h4>\n                  <div id=\"flush-akkordion-block_6a6bcbf43314329a6f237a133858653f-5\" class=\"accordion-collapse collapse\" aria-labelledby=\"flush-heading-akkordion-block_6a6bcbf43314329a6f237a133858653f-5\" data-bs-parent=\"#accordion-akkordion-block_6a6bcbf43314329a6f237a133858653f\">\n                    <div class=\"accordion-body\">\n                      <div class=\"text wysiwyg fs-body-text\">\n                        <p>Bien que ces emballages soient souvent en PET, ils ne peuvent pas faire l\u2019objet d\u2019un recyclage du PET en raison de barri\u00e8res ou d\u2019additifs souvent ind\u00e9tectables. Jeter les gobelets dans la collecte RecyPac.<\/p>\n<p><a href=\"https:\/\/recycling-map.ch\/fr\/\" target=\"_blank\" rel=\"noopener\">Recycling Map<\/a><\/p>\n                      <\/div>\n                    <\/div>\n                  <\/div>\n                <\/div>\n                                                        <div class=\"accordion-item\">\n                  <h4 class=\"accordion-header\" id=\"flush-heading-akkordion-block_6a6bcbf43314329a6f237a133858653f-6\">\n                    <button class=\"accordion-button collapsed\" type=\"button\" data-bs-toggle=\"collapse\" data-bs-target=\"#flush-akkordion-block_6a6bcbf43314329a6f237a133858653f-6\" aria-expanded=\"false\" aria-controls=\"flush-akkordion-block_6a6bcbf43314329a6f237a133858653f-6\">\n                      <div class=\"accordion-title\">\n                        Comment se d\u00e9barrasser des emballages r\u00e9tractables?                      <\/div>\n                    <\/button>\n                  <\/h4>\n                  <div id=\"flush-akkordion-block_6a6bcbf43314329a6f237a133858653f-6\" class=\"accordion-collapse collapse\" aria-labelledby=\"flush-heading-akkordion-block_6a6bcbf43314329a6f237a133858653f-6\" data-bs-parent=\"#accordion-akkordion-block_6a6bcbf43314329a6f237a133858653f\">\n                    <div class=\"accordion-body\">\n                      <div class=\"text wysiwyg fs-body-text\">\n                        <p>Les emballages r\u00e9tractables sont des emballages en film PE qui enveloppent la marchandise de mani\u00e8re stable. Ils sont utilis\u00e9s pour les produits alimentaires tels que les fruits et l\u00e9gumes, les conditionnement pour six bouteilles (6 packs) ou les produits regroup\u00e9s dans des barquettes, les magazines, etc. Jeter les gobelets dans la collecte RecyPac.<\/p>\n<p><a href=\"https:\/\/recycling-map.ch\/fr\/\" target=\"_blank\" rel=\"noopener\">Recycling Map<\/a><\/p>\n                      <\/div>\n                    <\/div>\n                  <\/div>\n                <\/div>\n                                                        <div class=\"accordion-item\">\n                  <h4 class=\"accordion-header\" id=\"flush-heading-akkordion-block_6a6bcbf43314329a6f237a133858653f-7\">\n                    <button class=\"accordion-button collapsed\" type=\"button\" data-bs-toggle=\"collapse\" data-bs-target=\"#flush-akkordion-block_6a6bcbf43314329a6f237a133858653f-7\" aria-expanded=\"false\" aria-controls=\"flush-akkordion-block_6a6bcbf43314329a6f237a133858653f-7\">\n                      <div class=\"accordion-title\">\n                        Comment \u00e9liminer les bouteilles pour le vinaigre, l\u2019huile et les sauces \u00e0 salade?                      <\/div>\n                    <\/button>\n                  <\/h4>\n                  <div id=\"flush-akkordion-block_6a6bcbf43314329a6f237a133858653f-7\" class=\"accordion-collapse collapse\" aria-labelledby=\"flush-heading-akkordion-block_6a6bcbf43314329a6f237a133858653f-7\" data-bs-parent=\"#accordion-akkordion-block_6a6bcbf43314329a6f237a133858653f\">\n                    <div class=\"accordion-body\">\n                      <div class=\"text wysiwyg fs-body-text\">\n                        <p>Bien que la plupart de ces bouteilles soient en PET, elles ne doivent pas \u00eatre jet\u00e9es dans la collecte de PET. Les r\u00e9sidus d\u2019huile et de vinaigre ont en effet des effets n\u00e9fastes sur le lavage et le traitement des mat\u00e9riaux. Jeter les gobelets dans la collecte RecyPac chez la plupart des grands d\u00e9taillants.<\/p>\n<p><a href=\"https:\/\/recycling-map.ch\/fr\/\" target=\"_blank\" rel=\"noopener\">Recycling Map<\/a><\/p>\n                      <\/div>\n                    <\/div>\n                  <\/div>\n                <\/div>\n                                                        <div class=\"accordion-item\">\n                  <h4 class=\"accordion-header\" id=\"flush-heading-akkordion-block_6a6bcbf43314329a6f237a133858653f-8\">\n                    <button class=\"accordion-button collapsed\" type=\"button\" data-bs-toggle=\"collapse\" data-bs-target=\"#flush-akkordion-block_6a6bcbf43314329a6f237a133858653f-8\" aria-expanded=\"false\" aria-controls=\"flush-akkordion-block_6a6bcbf43314329a6f237a133858653f-8\">\n                      <div class=\"accordion-title\">\n                        Comment le PET a-t-il \u00e9t\u00e9 invent\u00e9?                      <\/div>\n                    <\/button>\n                  <\/h4>\n                  <div id=\"flush-akkordion-block_6a6bcbf43314329a6f237a133858653f-8\" class=\"accordion-collapse collapse\" aria-labelledby=\"flush-heading-akkordion-block_6a6bcbf43314329a6f237a133858653f-8\" data-bs-parent=\"#accordion-akkordion-block_6a6bcbf43314329a6f237a133858653f\">\n                    <div class=\"accordion-body\">\n                      <div class=\"text wysiwyg fs-body-text\">\n                        <p>Suite \u00e0 des goulets d\u2019\u00e9tranglement dans la production pendant la Seconde guerre mondiale, l\u2019arm\u00e9e am\u00e9ricaine a d\u00fb trouver un produit de substitution pour la soie japonaise et le nylon. Le d\u00e9veloppement du polyester a fourni une mati\u00e8re utilisable de diverses mani\u00e8res. Depuis les ann\u00e9es 1970, il est possible de r\u00e9aliser des emballages transparents, au go\u00fbt neutre et surtout incassables. Ces caract\u00e9ristiques expliquent le succ\u00e8s inou\u00ef que cette mati\u00e8re a connu en quelques ann\u00e9es.<\/p>\n                      <\/div>\n                    <\/div>\n                  <\/div>\n                <\/div>\n                                                        <div class=\"accordion-item\">\n                  <h4 class=\"accordion-header\" id=\"flush-heading-akkordion-block_6a6bcbf43314329a6f237a133858653f-9\">\n                    <button class=\"accordion-button collapsed\" type=\"button\" data-bs-toggle=\"collapse\" data-bs-target=\"#flush-akkordion-block_6a6bcbf43314329a6f237a133858653f-9\" aria-expanded=\"false\" aria-controls=\"flush-akkordion-block_6a6bcbf43314329a6f237a133858653f-9\">\n                      <div class=\"accordion-title\">\n                        Quelle est la diff\u00e9rence entre le PET et le R-PET?                      <\/div>\n                    <\/button>\n                  <\/h4>\n                  <div id=\"flush-akkordion-block_6a6bcbf43314329a6f237a133858653f-9\" class=\"accordion-collapse collapse\" aria-labelledby=\"flush-heading-akkordion-block_6a6bcbf43314329a6f237a133858653f-9\" data-bs-parent=\"#accordion-akkordion-block_6a6bcbf43314329a6f237a133858653f\">\n                    <div class=\"accordion-body\">\n                      <div class=\"text wysiwyg fs-body-text\">\n                        <p>Le PET est un plastique compos\u00e9 de carbone, d\u2019oxyg\u00e8ne et d\u2019hydrog\u00e8ne. Il est l\u00e9ger, incassable et peut \u00eatre facilement referm\u00e9. De plus, le PET r\u00e9pond aux exigences les plus strictes en mati\u00e8re d\u2019hygi\u00e8ne alimentaire et peut \u00eatre recycl\u00e9 \u00e0 100\u00a0% \u2013 il est donc parfaitement adapt\u00e9 aux emballages pour boissons.<\/p>\n<p>Le R-PET est fabriqu\u00e9 \u00e0 partir de PET existant, il s\u2019agit donc de PET recycl\u00e9. Le R-PET est aussi un peu plus fonc\u00e9 que le PET vierge. Ces diff\u00e9rences n\u2019ont toutefois aucune influence sur le go\u00fbt ou la qualit\u00e9 des boissons.<\/p>\n<p><a href=\"https:\/\/petrecycling.ch\/fr\/le-cycle-suisse-du-pet\/recuperation-du-r-pet\/\">Production de R-PET<\/a><\/p>\n                      <\/div>\n                    <\/div>\n                  <\/div>\n                <\/div>\n                                    <\/div>\n        \n              <\/div>\n    <\/div>\n  <\/div>\n<\/div>","protected":false},"excerpt":{"rendered":"","protected":false},"author":1,"featured_media":0,"parent":7278,"menu_order":1,"comment_status":"closed","ping_status":"closed","template":"","meta":{"_acf_changed":false,"footnotes":""},"class_list":["post-7282","page","type-page","status-publish","hentry"],"acf":[],"yoast_head":"<!-- This site is optimized with the Yoast SEO plugin v27.3 - https:\/\/yoast.com\/product\/yoast-seo-wordpress\/ -->\n<title>FAQ - PET-Recycling Schweiz<\/title>\n<meta name=\"robots\" content=\"index, follow, max-snippet:-1, max-image-preview:large, max-video-preview:-1\" \/>\n<link rel=\"canonical\" href=\"https:\/\/petrecycling.ch\/fr\/a-savoir\/faq\/\" \/>\n<meta property=\"og:locale\" content=\"fr_FR\" \/>\n<meta property=\"og:type\" content=\"article\" \/>\n<meta property=\"og:title\" content=\"FAQ - PET-Recycling Schweiz\" \/>\n<meta property=\"og:url\" content=\"https:\/\/petrecycling.ch\/fr\/a-savoir\/faq\/\" \/>\n<meta property=\"og:site_name\" content=\"PET-Recycling Schweiz\" \/>\n<meta property=\"article:publisher\" content=\"https:\/\/www.facebook.com\/petrecyclingschweiz\/\" \/>\n<meta property=\"article:modified_time\" content=\"2025-02-28T13:21:21+00:00\" \/>\n<meta name=\"twitter:card\" content=\"summary_large_image\" \/>\n<script type=\"application\/ld+json\" class=\"yoast-schema-graph\">{\"@context\":\"https:\\\/\\\/schema.org\",\"@graph\":[{\"@type\":\"WebPage\",\"@id\":\"https:\\\/\\\/petrecycling.ch\\\/fr\\\/a-savoir\\\/faq\\\/\",\"url\":\"https:\\\/\\\/petrecycling.ch\\\/fr\\\/a-savoir\\\/faq\\\/\",\"name\":\"FAQ - PET-Recycling Schweiz\",\"isPartOf\":{\"@id\":\"https:\\\/\\\/petrecycling.ch\\\/fr\\\/#website\"},\"datePublished\":\"2023-01-31T15:50:27+00:00\",\"dateModified\":\"2025-02-28T13:21:21+00:00\",\"breadcrumb\":{\"@id\":\"https:\\\/\\\/petrecycling.ch\\\/fr\\\/a-savoir\\\/faq\\\/#breadcrumb\"},\"inLanguage\":\"fr-FR\",\"potentialAction\":[{\"@type\":\"ReadAction\",\"target\":[\"https:\\\/\\\/petrecycling.ch\\\/fr\\\/a-savoir\\\/faq\\\/\"]}]},{\"@type\":\"BreadcrumbList\",\"@id\":\"https:\\\/\\\/petrecycling.ch\\\/fr\\\/a-savoir\\\/faq\\\/#breadcrumb\",\"itemListElement\":[{\"@type\":\"ListItem\",\"position\":1,\"name\":\"Startseite\",\"item\":\"https:\\\/\\\/petrecycling.ch\\\/fr\\\/\"},{\"@type\":\"ListItem\",\"position\":2,\"name\":\"Bon \u00e0 savoir\",\"item\":\"https:\\\/\\\/petrecycling.ch\\\/fr\\\/a-savoir\\\/\"},{\"@type\":\"ListItem\",\"position\":3,\"name\":\"FAQ\"}]},{\"@type\":\"WebSite\",\"@id\":\"https:\\\/\\\/petrecycling.ch\\\/fr\\\/#website\",\"url\":\"https:\\\/\\\/petrecycling.ch\\\/fr\\\/\",\"name\":\"PET-Recycling Schweiz\",\"description\":\"Verein PRS PET-Recycling Schweiz a \u00e9t\u00e9 fond\u00e9e en 1990 et s&#039;occupe de la collecte et du recyclage des bouteilles en PET pour boissons.\",\"publisher\":{\"@id\":\"https:\\\/\\\/petrecycling.ch\\\/fr\\\/#organization\"},\"potentialAction\":[{\"@type\":\"SearchAction\",\"target\":{\"@type\":\"EntryPoint\",\"urlTemplate\":\"https:\\\/\\\/petrecycling.ch\\\/fr\\\/?s={search_term_string}\"},\"query-input\":{\"@type\":\"PropertyValueSpecification\",\"valueRequired\":true,\"valueName\":\"search_term_string\"}}],\"inLanguage\":\"fr-FR\"},{\"@type\":\"Organization\",\"@id\":\"https:\\\/\\\/petrecycling.ch\\\/fr\\\/#organization\",\"name\":\"Verein PRS PET-Recycling Schweiz\",\"alternateName\":\"PET-Recycling Schweiz\",\"url\":\"https:\\\/\\\/petrecycling.ch\\\/fr\\\/\",\"logo\":{\"@type\":\"ImageObject\",\"inLanguage\":\"fr-FR\",\"@id\":\"https:\\\/\\\/petrecycling.ch\\\/fr\\\/#\\\/schema\\\/logo\\\/image\\\/\",\"url\":\"https:\\\/\\\/petrecycling.ch\\\/wp-content\\\/uploads\\\/2023\\\/07\\\/PET_large_rgb.png\",\"contentUrl\":\"https:\\\/\\\/petrecycling.ch\\\/wp-content\\\/uploads\\\/2023\\\/07\\\/PET_large_rgb.png\",\"width\":1197,\"height\":1197,\"caption\":\"Verein PRS PET-Recycling Schweiz\"},\"image\":{\"@id\":\"https:\\\/\\\/petrecycling.ch\\\/fr\\\/#\\\/schema\\\/logo\\\/image\\\/\"},\"sameAs\":[\"https:\\\/\\\/www.facebook.com\\\/petrecyclingschweiz\\\/\",\"https:\\\/\\\/www.linkedin.com\\\/company\\\/pet-recycling-schweiz\\\/\",\"https:\\\/\\\/www.tiktok.com\\\/@prs_petrecycling.ch\"]}]}<\/script>\n<!-- \/ Yoast SEO plugin. -->","yoast_head_json":{"title":"FAQ - PET-Recycling Schweiz","robots":{"index":"index","follow":"follow","max-snippet":"max-snippet:-1","max-image-preview":"max-image-preview:large","max-video-preview":"max-video-preview:-1"},"canonical":"https:\/\/petrecycling.ch\/fr\/a-savoir\/faq\/","og_locale":"fr_FR","og_type":"article","og_title":"FAQ - PET-Recycling Schweiz","og_url":"https:\/\/petrecycling.ch\/fr\/a-savoir\/faq\/","og_site_name":"PET-Recycling Schweiz","article_publisher":"https:\/\/www.facebook.com\/petrecyclingschweiz\/","article_modified_time":"2025-02-28T13:21:21+00:00","twitter_card":"summary_large_image","schema":{"@context":"https:\/\/schema.org","@graph":[{"@type":"WebPage","@id":"https:\/\/petrecycling.ch\/fr\/a-savoir\/faq\/","url":"https:\/\/petrecycling.ch\/fr\/a-savoir\/faq\/","name":"FAQ - PET-Recycling Schweiz","isPartOf":{"@id":"https:\/\/petrecycling.ch\/fr\/#website"},"datePublished":"2023-01-31T15:50:27+00:00","dateModified":"2025-02-28T13:21:21+00:00","breadcrumb":{"@id":"https:\/\/petrecycling.ch\/fr\/a-savoir\/faq\/#breadcrumb"},"inLanguage":"fr-FR","potentialAction":[{"@type":"ReadAction","target":["https:\/\/petrecycling.ch\/fr\/a-savoir\/faq\/"]}]},{"@type":"BreadcrumbList","@id":"https:\/\/petrecycling.ch\/fr\/a-savoir\/faq\/#breadcrumb","itemListElement":[{"@type":"ListItem","position":1,"name":"Startseite","item":"https:\/\/petrecycling.ch\/fr\/"},{"@type":"ListItem","position":2,"name":"Bon \u00e0 savoir","item":"https:\/\/petrecycling.ch\/fr\/a-savoir\/"},{"@type":"ListItem","position":3,"name":"FAQ"}]},{"@type":"WebSite","@id":"https:\/\/petrecycling.ch\/fr\/#website","url":"https:\/\/petrecycling.ch\/fr\/","name":"PET-Recycling Schweiz","description":"Verein PRS PET-Recycling Schweiz a \u00e9t\u00e9 fond\u00e9e en 1990 et s&#039;occupe de la collecte et du recyclage des bouteilles en PET pour boissons.","publisher":{"@id":"https:\/\/petrecycling.ch\/fr\/#organization"},"potentialAction":[{"@type":"SearchAction","target":{"@type":"EntryPoint","urlTemplate":"https:\/\/petrecycling.ch\/fr\/?s={search_term_string}"},"query-input":{"@type":"PropertyValueSpecification","valueRequired":true,"valueName":"search_term_string"}}],"inLanguage":"fr-FR"},{"@type":"Organization","@id":"https:\/\/petrecycling.ch\/fr\/#organization","name":"Verein PRS PET-Recycling Schweiz","alternateName":"PET-Recycling Schweiz","url":"https:\/\/petrecycling.ch\/fr\/","logo":{"@type":"ImageObject","inLanguage":"fr-FR","@id":"https:\/\/petrecycling.ch\/fr\/#\/schema\/logo\/image\/","url":"https:\/\/petrecycling.ch\/wp-content\/uploads\/2023\/07\/PET_large_rgb.png","contentUrl":"https:\/\/petrecycling.ch\/wp-content\/uploads\/2023\/07\/PET_large_rgb.png","width":1197,"height":1197,"caption":"Verein PRS PET-Recycling Schweiz"},"image":{"@id":"https:\/\/petrecycling.ch\/fr\/#\/schema\/logo\/image\/"},"sameAs":["https:\/\/www.facebook.com\/petrecyclingschweiz\/","https:\/\/www.linkedin.com\/company\/pet-recycling-schweiz\/","https:\/\/www.tiktok.com\/@prs_petrecycling.ch"]}]}},"_links":{"self":[{"href":"https:\/\/petrecycling.ch\/fr\/wp-json\/wp\/v2\/pages\/7282","targetHints":{"allow":["GET"]}}],"collection":[{"href":"https:\/\/petrecycling.ch\/fr\/wp-json\/wp\/v2\/pages"}],"about":[{"href":"https:\/\/petrecycling.ch\/fr\/wp-json\/wp\/v2\/types\/page"}],"author":[{"embeddable":true,"href":"https:\/\/petrecycling.ch\/fr\/wp-json\/wp\/v2\/users\/1"}],"replies":[{"embeddable":true,"href":"https:\/\/petrecycling.ch\/fr\/wp-json\/wp\/v2\/comments?post=7282"}],"version-history":[{"count":14,"href":"https:\/\/petrecycling.ch\/fr\/wp-json\/wp\/v2\/pages\/7282\/revisions"}],"predecessor-version":[{"id":39927,"href":"https:\/\/petrecycling.ch\/fr\/wp-json\/wp\/v2\/pages\/7282\/revisions\/39927"}],"up":[{"embeddable":true,"href":"https:\/\/petrecycling.ch\/fr\/wp-json\/wp\/v2\/pages\/7278"}],"wp:attachment":[{"href":"https:\/\/petrecycling.ch\/fr\/wp-json\/wp\/v2\/media?parent=7282"}],"curies":[{"name":"wp","href":"https:\/\/api.w.org\/{rel}","templated":true}]}}