{"id":7280,"date":"2023-02-01T15:03:48","date_gmt":"2023-02-01T14:03:48","guid":{"rendered":"https:\/\/petrecycling.ch\/mythes-et-realites\/was-ist-pet\/"},"modified":"2023-06-28T21:03:33","modified_gmt":"2023-06-28T19:03:33","slug":"quest-ce-que-le-pet","status":"publish","type":"page","link":"https:\/\/petrecycling.ch\/fr\/a-savoir\/quest-ce-que-le-pet\/","title":{"rendered":"Qu\u2019est-ce que le PET?"},"content":{"rendered":"\n<div id=\"header-slider-block_f28d16b33c1f6563f5b566b3d0f15f9f\" class=\"header-slider \n\">\n\n      <div class=\"swiper\">\n      <div class=\"swiper-wrapper\">\n                              <div class=\"swiper-slide\">\n              <div class=\"inner-type-bg-image  inner-type-bg-image-dark\" style=\"background: linear-gradient(#868677db 0, #ffffff 40%), url('https:\/\/petrecycling.ch\/wp-content\/uploads\/2023\/02\/PET-Recycling-Schweiz_Mythen-Fakten_Was-ist-PET-aspect-ratio-1920-1080.jpg');background-blend-mode: multiply;\" >\n                <div class=\"container slide-content-wrapper\">\n                  <div class=\"row align-items-center\">\n                                        <div class=\"text-col col-md-8 col-lg-6 col-xl-5 offset-xl-1 \">\n                                              <h2 class=\"h2 heading-highlight \"><span class=\"highlight highlight-light\"><strong>PET<\/strong> \u2013 <i>l\u2019une des<\/i><br> mati\u00e8res plastiques<br> les plus utilis\u00e9es<\/span><\/h2>\n                                                                                          <div class=\"links-wrapper\">\n                          <button class=\"link-btn-scroll-down \" type=\"button\">\n                            <?xml version=\"1.0\"?>\n<svg xmlns=\"http:\/\/www.w3.org\/2000\/svg\" width=\"36.609\" height=\"34.297\" viewBox=\"0 0 36.609 34.297\" class=\"icon pet_icons_rgb_rz_pos_chevrons_down_small-icon \" aria-hidden=\"true\" role=\"presentation\">\n  <g id=\"Gruppe_7591\" data-name=\"Gruppe 7591\" transform=\"translate(-184.514 -616.156)\">\n    <path id=\"Pfad_17818\" data-name=\"Pfad 17818\" d=\"M36.608,0,18.3,11.4,0,0V7.929l18.3,11.4,18.3-11.4Z\" transform=\"translate(184.515 616.156)\" fill=\"#faf500\"\/>\n    <path id=\"Pfad_17819\" data-name=\"Pfad 17819\" d=\"M36.608,0,18.3,11.4,0,0V7.929l18.3,11.4,18.3-11.4Z\" transform=\"translate(184.514 631.125)\" fill=\"#faf500\"\/>\n  <\/g>\n<\/svg>\n                          <\/button>\n                        <\/div>\n                                          <\/div>\n                  <\/div>\n                <\/div>\n              <\/div>\n            <\/div>\n                        <\/div>\n\n\n\n          <\/div>\n  \n<\/div>\n\n\n<div id=\"teaser-text-bild-block_f8ae461ee7e6c56e993628f8e7f8db83\" class=\"teaser-text-bild \n bg-white image-right  has-overhang \">\n  <div class=\"container \">\n    <div class=\"row\">\n      <div class=\"col-lg-6 col-xl-6 offset-xl-1  col-text\">\n                  <h2 class=\"h2 text-secondary\">\n            <strong>Pourquoi<\/strong> <i>le PET<\/i> est-il si populaire?          <\/h2>\n        \n                                                            <div class=\"content-item text wysiwyg fs-body-text\">\n                  <p>Les emballages en PET r\u00e9pondent aux exigences les plus strictes en mati\u00e8re d\u2019hygi\u00e8ne dans les secteurs alimentaire, cosm\u00e9tique et m\u00e9dical. Les bouteilles \u00e0 boissons en PET sont incassables, l\u00e9g\u00e8res, hygi\u00e9niques et refermables.<\/p>\n                <\/div>\n                          \n                        <\/div>\n\n              <div class=\"col-lg-5 col-xl-4 offset-lg-1\">\n          <div id=\"lightgallery_teaser-text-bild-block_f8ae461ee7e6c56e993628f8e7f8db83\" class=\"thumb-wrapper\">\n            <a class=\"lb-item\" href=\"https:\/\/petrecycling.ch\/wp-content\/uploads\/2023\/02\/PET-Recycling-Schweiz_Mythen-Fakten_Was-ist-PET_Wichtig-aspect-ratio-1080-1180.jpg\">\n              <img decoding=\"async\" class=\"img-fluid\" src=\"https:\/\/petrecycling.ch\/wp-content\/uploads\/2023\/02\/PET-Recycling-Schweiz_Mythen-Fakten_Was-ist-PET_Wichtig-aspect-ratio-1080-1180.jpg\" alt=\"\">\n            <\/a>\n          <\/div>\n        <\/div>\n          <\/div>\n  <\/div>\n<\/div>\n\n\n<div id=\"arrows-block_4aa38e0007799b3cc6c45c3b3666b7ff\" class=\"arrows \n \">\n  <div class=\"container\">\n    <div class=\"arrows-wrapper rellax top-right mobile-top-right\" data-rellax-speed=\"-2\" data-rellax-percentage=\"0.5\">\n      <?xml version=\"1.0\"?>\n<svg xmlns=\"http:\/\/www.w3.org\/2000\/svg\" width=\"210.202\" height=\"284.399\" viewBox=\"0 0 210.202 284.399\" class=\"icon arrows_down-icon \" aria-hidden=\"true\" role=\"presentation\">\n  <g id=\"Gruppe_7633\" data-name=\"Gruppe 7633\" transform=\"translate(-1269.798 -1863.546)\">\n    <g id=\"Gruppe_7521\" data-name=\"Gruppe 7521\" transform=\"translate(868.48 -178.269)\" opacity=\"0.8\" style=\"isolation: isolate\">\n      <path id=\"Pfad_17796\" data-name=\"Pfad 17796\" d=\"M210.2,0,105.1,65.449,0,0V45.528l105.1,65.449L210.2,45.528Z\" transform=\"translate(401.319 2041.815)\" fill=\"#fff\"\/>\n      <path id=\"Pfad_17795\" data-name=\"Pfad 17795\" d=\"M210.2,0,105.1,65.449,0,0V45.528l105.1,65.449L210.2,45.528Z\" transform=\"translate(401.317 2127.758)\" fill=\"#fff\"\/>\n      <path id=\"Pfad_17797\" data-name=\"Pfad 17797\" d=\"M210.2,0,105.1,65.449,0,0V45.528l105.1,65.449L210.2,45.528Z\" transform=\"translate(401.317 2215.237)\" fill=\"#fff\" style=\"mix-blend-mode: multiply;isolation: isolate\"\/>\n    <\/g>\n    <g id=\"Gruppe_7527\" data-name=\"Gruppe 7527\" transform=\"translate(868.48 -178.269)\" style=\"mix-blend-mode: multiply;isolation: isolate\">\n      <path id=\"Pfad_17796-2\" data-name=\"Pfad 17796\" d=\"M210.2,0,105.1,65.449,0,0V45.528l105.1,65.449L210.2,45.528Z\" transform=\"translate(401.319 2041.815)\" fill=\"#faf500\"\/>\n      <path id=\"Pfad_17795-2\" data-name=\"Pfad 17795\" d=\"M210.2,0,105.1,65.449,0,0V45.528l105.1,65.449L210.2,45.528Z\" transform=\"translate(401.317 2127.758)\" fill=\"#faf500\"\/>\n      <path id=\"Pfad_17797-2\" data-name=\"Pfad 17797\" d=\"M210.2,0,105.1,65.449,0,0V45.528l105.1,65.449L210.2,45.528Z\" transform=\"translate(401.317 2215.237)\" fill=\"#faf500\" style=\"mix-blend-mode: multiply;isolation: isolate\"\/>\n    <\/g>\n  <\/g>\n<\/svg>\n    <\/div>\n  <\/div>\n<\/div>\n\n\n<div id=\"teaser-text-bild-block_67d7880d8eba12cb37c30e060303d9a6\" class=\"teaser-text-bild \n bg-grey-light image-left \">\n  <div class=\"container \">\n    <div class=\"row\">\n      <div class=\"col-lg-6 col-xl-6 offset-lg-1 order-2  col-text\">\n                  <h2 class=\"h2 text-secondary\">\n            <strong>Quel<\/strong> <i>est le degr\u00e9 de durabilit\u00e9<\/i> du PET?          <\/h2>\n        \n                                                            <div class=\"content-item text wysiwyg fs-body-text\">\n                  <p>Le PET est recyclable jusqu\u2019\u00e0 100 pour cent, sans que ses propri\u00e9t\u00e9s ne soient alt\u00e9r\u00e9es, ce qui permet de le r\u00e9utiliser maintes fois en vue de fabriquer des produits de qualit\u00e9 sup\u00e9rieure.<\/p>\n                <\/div>\n                          \n                                                    <div class=\"links-wrapper\">\n                                                          <div class=\"link-btn-primary-wrapper\">\n                        <a href=\"https:\/\/petrecycling.ch\/fr\/climat-et-protection-de-lenvironnement\/\" target=\"_self\" class=\"link-btn-primary\">\n                          <span>Climat et protection<\/span><br \/>\r\n<span>de l\u2019environnement<\/span>                        <\/a>\n                      <\/div>\n                                                      <\/div>\n              \n            \n                        <\/div>\n\n              <div class=\"col-lg-5 col-xl-4 order-1\">\n          <div id=\"lightgallery_teaser-text-bild-block_67d7880d8eba12cb37c30e060303d9a6\" class=\"thumb-wrapper\">\n            <a class=\"lb-item\" href=\"https:\/\/petrecycling.ch\/wp-content\/uploads\/2023\/02\/PET-Recycling-Schweiz_Mythen-Fakten_Was-ist-PET_Nachhaltig-aspect-ratio-1080-1180.jpg\">\n              <img decoding=\"async\" class=\"img-fluid\" src=\"https:\/\/petrecycling.ch\/wp-content\/uploads\/2023\/02\/PET-Recycling-Schweiz_Mythen-Fakten_Was-ist-PET_Nachhaltig-aspect-ratio-1080-1180.jpg\" alt=\"\">\n            <\/a>\n          <\/div>\n        <\/div>\n          <\/div>\n  <\/div>\n<\/div>\n\n\n<div id=\"teaser-bild-text-block_12069285c1c19e5aacd7714c17939167\" class=\"teaser-bild-text \n three-images bg-white \">\n  <div class=\"container\">\n              <div class=\"row\">\n        <div class=\"offset-xl-1 col-xl-10\">\n          <div class=\"teaser-wrapper\">\n            \n                                          <div class=\"teaser-item\">\n                  <div class=\"thumb-wrapper\">\n                    <img decoding=\"async\" class=\"img-fluid\" src=\"https:\/\/petrecycling.ch\/wp-content\/uploads\/2023\/02\/PET-Recycling-Schweiz_Mythen-Fakten_Was-ist-PET_R-PET-aspect-ratio-628-460.jpg\" alt=\"\" loading=\"lazy\">\n                  <\/div>\n                                      <h3 class=\"h3\">Qu\u2019est-ce que<br \/>\r\nle <strong><i>R-PET?<\/i><\/strong><\/h3>\n                                                        <div class=\"text wysiwyg fs-body-text\">\n                      <p>La diff\u00e9rence r\u00e9side dans le \u00abR\u00bb: R-PET est l\u2019abr\u00e9viation de polyt\u00e9r\u00e9phtalate d\u2019\u00e9thyl\u00e8ne (PET) recycl\u00e9. Il est fabriqu\u00e9 \u00e0 partir de PET usag\u00e9. Pour ce faire, les emballages PET vides sont collect\u00e9s, tri\u00e9s, r\u00e9duits en paillettes et nettoy\u00e9s.<\/p>\n                    <\/div>\n                                                        <div class=\"links\">\n                                                                                                    <div class=\"link-btn-primary-wrapper\">\n                              <a href=\"https:\/\/petrecycling.ch\/fr\/le-cycle-suisse-du-pet\/recuperation-du-r-pet\/\" class=\"link-btn-primary\">\n                                <span>D\u00e9couvrir la production<\/span><br \/>\r\n<span>de R-PET<\/span>                              <\/a>\n                            <\/div>\n                                                                                            <\/div>\n                                  <\/div>\n                                                        <div class=\"teaser-item\">\n                  <div class=\"thumb-wrapper\">\n                    <img decoding=\"async\" class=\"img-fluid\" src=\"https:\/\/petrecycling.ch\/wp-content\/uploads\/2023\/02\/PET-Recycling-Schweiz_Mythen-Fakten_Was-ist-PET_PET-Logo-1-aspect-ratio-628-460.jpg\" alt=\"\" loading=\"lazy\">\n                  <\/div>\n                                      <h3 class=\"h3\">Destin\u00e9 \u00e0 la<br \/>\r\n<strong><i>collecte du PET<\/i><\/strong><\/h3>\n                                                        <div class=\"text wysiwyg fs-body-text\">\n                      <p>Il s\u2019agit du logo officiel de PET-Recycling Schweiz. Il identifie les bouteilles \u00e0 boissons en PET et garantit qu\u2019elles peuvent \u00eatre recycl\u00e9es dans le syst\u00e8me de recyclage suisse.<\/p>\n                    <\/div>\n                                                        <div class=\"links\">\n                                                                                                    <div class=\"link-btn-primary-wrapper\">\n                              <a href=\"https:\/\/petrecycling.ch\/fr\/le-cycle-suisse-du-pet\/collecte\/\" class=\"link-btn-primary\">\n                                <span>Comment fonctionne<\/span><br \/>\r\n<span>la collecte du PET<\/span>                              <\/a>\n                            <\/div>\n                                                                                            <\/div>\n                                  <\/div>\n                                                        <div class=\"teaser-item\">\n                  <div class=\"thumb-wrapper\">\n                    <img decoding=\"async\" class=\"img-fluid\" src=\"https:\/\/petrecycling.ch\/wp-content\/uploads\/2023\/02\/PET-Recycling-Schweiz_Mythen-Fakten_Was-ist-PET_Verpackung-PET-aspect-ratio-628-460.jpg\" alt=\"\" loading=\"lazy\">\n                  <\/div>\n                                      <h3 class=\"h3\">Emballage en<br \/>\r\n<strong><i>PET<\/i><\/strong><\/h3>\n                                                        <div class=\"text wysiwyg fs-body-text\">\n                      <p>Le symbole du triangle indique uniquement les propri\u00e9t\u00e9s du mat\u00e9riau de l\u2019emballage et ne dit rien sur sa recyclabilit\u00e9.<\/p>\n                    <\/div>\n                                                        <div class=\"links\">\n                                                                                                    <div class=\"link-btn-primary-wrapper\">\n                              <a href=\"https:\/\/petrecycling.ch\/fr\/mythes-et-realites\/glossaire\/\" class=\"link-btn-primary\">\n                                <span>Autres mati\u00e8res<\/span><br \/>\r\n<span>plastiques<\/span>                              <\/a>\n                            <\/div>\n                                                                                            <\/div>\n                                  <\/div>\n                          \n          <\/div>\n        <\/div>\n      <\/div>\n      <\/div>\n<\/div>","protected":false},"excerpt":{"rendered":"","protected":false},"author":1,"featured_media":0,"parent":7278,"menu_order":0,"comment_status":"closed","ping_status":"closed","template":"","meta":{"_acf_changed":false,"footnotes":""},"class_list":["post-7280","page","type-page","status-publish","hentry"],"acf":[],"yoast_head":"<!-- This site is optimized with the Yoast SEO plugin v27.3 - https:\/\/yoast.com\/product\/yoast-seo-wordpress\/ -->\n<title>Qu\u2019est-ce que le PET? - PET-Recycling Schweiz<\/title>\n<meta name=\"robots\" content=\"index, follow, max-snippet:-1, max-image-preview:large, max-video-preview:-1\" \/>\n<link rel=\"canonical\" href=\"https:\/\/petrecycling.ch\/fr\/a-savoir\/quest-ce-que-le-pet\/\" \/>\n<meta property=\"og:locale\" content=\"fr_FR\" \/>\n<meta property=\"og:type\" content=\"article\" \/>\n<meta property=\"og:title\" content=\"Qu\u2019est-ce que le PET? - PET-Recycling Schweiz\" \/>\n<meta property=\"og:url\" content=\"https:\/\/petrecycling.ch\/fr\/a-savoir\/quest-ce-que-le-pet\/\" \/>\n<meta property=\"og:site_name\" content=\"PET-Recycling Schweiz\" \/>\n<meta property=\"article:publisher\" content=\"https:\/\/www.facebook.com\/petrecyclingschweiz\/\" \/>\n<meta property=\"article:modified_time\" content=\"2023-06-28T19:03:33+00:00\" \/>\n<meta name=\"twitter:card\" content=\"summary_large_image\" \/>\n<script type=\"application\/ld+json\" class=\"yoast-schema-graph\">{\"@context\":\"https:\\\/\\\/schema.org\",\"@graph\":[{\"@type\":\"WebPage\",\"@id\":\"https:\\\/\\\/petrecycling.ch\\\/fr\\\/a-savoir\\\/quest-ce-que-le-pet\\\/\",\"url\":\"https:\\\/\\\/petrecycling.ch\\\/fr\\\/a-savoir\\\/quest-ce-que-le-pet\\\/\",\"name\":\"Qu\u2019est-ce que le PET? - PET-Recycling Schweiz\",\"isPartOf\":{\"@id\":\"https:\\\/\\\/petrecycling.ch\\\/fr\\\/#website\"},\"datePublished\":\"2023-02-01T14:03:48+00:00\",\"dateModified\":\"2023-06-28T19:03:33+00:00\",\"breadcrumb\":{\"@id\":\"https:\\\/\\\/petrecycling.ch\\\/fr\\\/a-savoir\\\/quest-ce-que-le-pet\\\/#breadcrumb\"},\"inLanguage\":\"fr-FR\",\"potentialAction\":[{\"@type\":\"ReadAction\",\"target\":[\"https:\\\/\\\/petrecycling.ch\\\/fr\\\/a-savoir\\\/quest-ce-que-le-pet\\\/\"]}]},{\"@type\":\"BreadcrumbList\",\"@id\":\"https:\\\/\\\/petrecycling.ch\\\/fr\\\/a-savoir\\\/quest-ce-que-le-pet\\\/#breadcrumb\",\"itemListElement\":[{\"@type\":\"ListItem\",\"position\":1,\"name\":\"Startseite\",\"item\":\"https:\\\/\\\/petrecycling.ch\\\/fr\\\/\"},{\"@type\":\"ListItem\",\"position\":2,\"name\":\"Bon \u00e0 savoir\",\"item\":\"https:\\\/\\\/petrecycling.ch\\\/fr\\\/a-savoir\\\/\"},{\"@type\":\"ListItem\",\"position\":3,\"name\":\"Qu\u2019est-ce que le PET?\"}]},{\"@type\":\"WebSite\",\"@id\":\"https:\\\/\\\/petrecycling.ch\\\/fr\\\/#website\",\"url\":\"https:\\\/\\\/petrecycling.ch\\\/fr\\\/\",\"name\":\"PET-Recycling Schweiz\",\"description\":\"Verein PRS PET-Recycling Schweiz a \u00e9t\u00e9 fond\u00e9e en 1990 et s&#039;occupe de la collecte et du recyclage des bouteilles en PET pour boissons.\",\"publisher\":{\"@id\":\"https:\\\/\\\/petrecycling.ch\\\/fr\\\/#organization\"},\"potentialAction\":[{\"@type\":\"SearchAction\",\"target\":{\"@type\":\"EntryPoint\",\"urlTemplate\":\"https:\\\/\\\/petrecycling.ch\\\/fr\\\/?s={search_term_string}\"},\"query-input\":{\"@type\":\"PropertyValueSpecification\",\"valueRequired\":true,\"valueName\":\"search_term_string\"}}],\"inLanguage\":\"fr-FR\"},{\"@type\":\"Organization\",\"@id\":\"https:\\\/\\\/petrecycling.ch\\\/fr\\\/#organization\",\"name\":\"Verein PRS PET-Recycling Schweiz\",\"alternateName\":\"PET-Recycling Schweiz\",\"url\":\"https:\\\/\\\/petrecycling.ch\\\/fr\\\/\",\"logo\":{\"@type\":\"ImageObject\",\"inLanguage\":\"fr-FR\",\"@id\":\"https:\\\/\\\/petrecycling.ch\\\/fr\\\/#\\\/schema\\\/logo\\\/image\\\/\",\"url\":\"https:\\\/\\\/petrecycling.ch\\\/wp-content\\\/uploads\\\/2023\\\/07\\\/PET_large_rgb.png\",\"contentUrl\":\"https:\\\/\\\/petrecycling.ch\\\/wp-content\\\/uploads\\\/2023\\\/07\\\/PET_large_rgb.png\",\"width\":1197,\"height\":1197,\"caption\":\"Verein PRS PET-Recycling Schweiz\"},\"image\":{\"@id\":\"https:\\\/\\\/petrecycling.ch\\\/fr\\\/#\\\/schema\\\/logo\\\/image\\\/\"},\"sameAs\":[\"https:\\\/\\\/www.facebook.com\\\/petrecyclingschweiz\\\/\",\"https:\\\/\\\/www.linkedin.com\\\/company\\\/pet-recycling-schweiz\\\/\",\"https:\\\/\\\/www.tiktok.com\\\/@prs_petrecycling.ch\"]}]}<\/script>\n<!-- \/ Yoast SEO plugin. -->","yoast_head_json":{"title":"Qu\u2019est-ce que le PET? - PET-Recycling Schweiz","robots":{"index":"index","follow":"follow","max-snippet":"max-snippet:-1","max-image-preview":"max-image-preview:large","max-video-preview":"max-video-preview:-1"},"canonical":"https:\/\/petrecycling.ch\/fr\/a-savoir\/quest-ce-que-le-pet\/","og_locale":"fr_FR","og_type":"article","og_title":"Qu\u2019est-ce que le PET? - PET-Recycling Schweiz","og_url":"https:\/\/petrecycling.ch\/fr\/a-savoir\/quest-ce-que-le-pet\/","og_site_name":"PET-Recycling Schweiz","article_publisher":"https:\/\/www.facebook.com\/petrecyclingschweiz\/","article_modified_time":"2023-06-28T19:03:33+00:00","twitter_card":"summary_large_image","schema":{"@context":"https:\/\/schema.org","@graph":[{"@type":"WebPage","@id":"https:\/\/petrecycling.ch\/fr\/a-savoir\/quest-ce-que-le-pet\/","url":"https:\/\/petrecycling.ch\/fr\/a-savoir\/quest-ce-que-le-pet\/","name":"Qu\u2019est-ce que le PET? - PET-Recycling Schweiz","isPartOf":{"@id":"https:\/\/petrecycling.ch\/fr\/#website"},"datePublished":"2023-02-01T14:03:48+00:00","dateModified":"2023-06-28T19:03:33+00:00","breadcrumb":{"@id":"https:\/\/petrecycling.ch\/fr\/a-savoir\/quest-ce-que-le-pet\/#breadcrumb"},"inLanguage":"fr-FR","potentialAction":[{"@type":"ReadAction","target":["https:\/\/petrecycling.ch\/fr\/a-savoir\/quest-ce-que-le-pet\/"]}]},{"@type":"BreadcrumbList","@id":"https:\/\/petrecycling.ch\/fr\/a-savoir\/quest-ce-que-le-pet\/#breadcrumb","itemListElement":[{"@type":"ListItem","position":1,"name":"Startseite","item":"https:\/\/petrecycling.ch\/fr\/"},{"@type":"ListItem","position":2,"name":"Bon \u00e0 savoir","item":"https:\/\/petrecycling.ch\/fr\/a-savoir\/"},{"@type":"ListItem","position":3,"name":"Qu\u2019est-ce que le PET?"}]},{"@type":"WebSite","@id":"https:\/\/petrecycling.ch\/fr\/#website","url":"https:\/\/petrecycling.ch\/fr\/","name":"PET-Recycling Schweiz","description":"Verein PRS PET-Recycling Schweiz a \u00e9t\u00e9 fond\u00e9e en 1990 et s&#039;occupe de la collecte et du recyclage des bouteilles en PET pour boissons.","publisher":{"@id":"https:\/\/petrecycling.ch\/fr\/#organization"},"potentialAction":[{"@type":"SearchAction","target":{"@type":"EntryPoint","urlTemplate":"https:\/\/petrecycling.ch\/fr\/?s={search_term_string}"},"query-input":{"@type":"PropertyValueSpecification","valueRequired":true,"valueName":"search_term_string"}}],"inLanguage":"fr-FR"},{"@type":"Organization","@id":"https:\/\/petrecycling.ch\/fr\/#organization","name":"Verein PRS PET-Recycling Schweiz","alternateName":"PET-Recycling Schweiz","url":"https:\/\/petrecycling.ch\/fr\/","logo":{"@type":"ImageObject","inLanguage":"fr-FR","@id":"https:\/\/petrecycling.ch\/fr\/#\/schema\/logo\/image\/","url":"https:\/\/petrecycling.ch\/wp-content\/uploads\/2023\/07\/PET_large_rgb.png","contentUrl":"https:\/\/petrecycling.ch\/wp-content\/uploads\/2023\/07\/PET_large_rgb.png","width":1197,"height":1197,"caption":"Verein PRS PET-Recycling Schweiz"},"image":{"@id":"https:\/\/petrecycling.ch\/fr\/#\/schema\/logo\/image\/"},"sameAs":["https:\/\/www.facebook.com\/petrecyclingschweiz\/","https:\/\/www.linkedin.com\/company\/pet-recycling-schweiz\/","https:\/\/www.tiktok.com\/@prs_petrecycling.ch"]}]}},"_links":{"self":[{"href":"https:\/\/petrecycling.ch\/fr\/wp-json\/wp\/v2\/pages\/7280","targetHints":{"allow":["GET"]}}],"collection":[{"href":"https:\/\/petrecycling.ch\/fr\/wp-json\/wp\/v2\/pages"}],"about":[{"href":"https:\/\/petrecycling.ch\/fr\/wp-json\/wp\/v2\/types\/page"}],"author":[{"embeddable":true,"href":"https:\/\/petrecycling.ch\/fr\/wp-json\/wp\/v2\/users\/1"}],"replies":[{"embeddable":true,"href":"https:\/\/petrecycling.ch\/fr\/wp-json\/wp\/v2\/comments?post=7280"}],"version-history":[{"count":19,"href":"https:\/\/petrecycling.ch\/fr\/wp-json\/wp\/v2\/pages\/7280\/revisions"}],"predecessor-version":[{"id":11032,"href":"https:\/\/petrecycling.ch\/fr\/wp-json\/wp\/v2\/pages\/7280\/revisions\/11032"}],"up":[{"embeddable":true,"href":"https:\/\/petrecycling.ch\/fr\/wp-json\/wp\/v2\/pages\/7278"}],"wp:attachment":[{"href":"https:\/\/petrecycling.ch\/fr\/wp-json\/wp\/v2\/media?parent=7280"}],"curies":[{"name":"wp","href":"https:\/\/api.w.org\/{rel}","templated":true}]}}