{"id":41485,"date":"2025-05-23T13:40:31","date_gmt":"2025-05-23T11:40:31","guid":{"rendered":"https:\/\/petrecycling.ch\/?page_id=41485"},"modified":"2025-06-06T09:50:51","modified_gmt":"2025-06-06T07:50:51","slug":"enquete-de-lecteurs","status":"publish","type":"page","link":"https:\/\/petrecycling.ch\/fr\/enquete-de-lecteurs\/","title":{"rendered":"Enqu\u00eate aupr\u00e8s des lecteurs"},"content":{"rendered":"\n<div id=\"text-einspaltig-block_dfe07015cab582b5b2f87171d4b31265\" class=\"text-einspaltig \n pt-small pb-small bg-white\">\n  <div class=\"container custom-padding-big pt-0 pb-0\">\n    <div class=\"row\">\n      <div class=\"offset-xl-1 col-xl-10\">\n                  <h2 class=\"h2 text-secondary hyphens-xs-auto\"><strong>Enqu\u00eate<\/strong><\/h2>\n                          <h3 class=\"h3\">Enqu\u00eate aupr\u00e8s des lecteurs de PETflash<\/h3>\n                          <div class=\"text wysiwyg wysiwyg-line-break-big fs-body-text\">\n            <p>Nous vous remercions de votre participation \u00e0 l&rsquo;enqu\u00eate sur le magazine PETflash ! R\u00e9pondre aux questions ne vous prendra que trois minutes. Votre participation est anonyme. Vos r\u00e9ponses ne seront utilis\u00e9es qu&rsquo;\u00e0 des fins internes, notamment pour la conception et le d\u00e9veloppement du magazine. <strong>Cliquez ici pour acc\u00e9der \u00e0 l&rsquo;enqu\u00eate:<\/strong> https:\/\/de.surveymonkey.com\/r\/FNLX8J7<\/p>\n<p>Nous tirons au sort 3 sacs \u00e0 dos pour ordinateur portable de 7clouds parmi tous les participantes et participants.<\/p>\n<p><img loading=\"lazy\" decoding=\"async\" class=\"size-medium wp-image-42302\" src=\"https:\/\/petrecycling.ch\/wp-content\/uploads\/2025\/05\/Rucksack_7clouds-300x200.png\" alt=\"\" width=\"300\" height=\"200\" srcset=\"https:\/\/petrecycling.ch\/wp-content\/uploads\/2025\/05\/Rucksack_7clouds-300x200.png 300w, https:\/\/petrecycling.ch\/wp-content\/uploads\/2025\/05\/Rucksack_7clouds-1024x683.png 1024w, https:\/\/petrecycling.ch\/wp-content\/uploads\/2025\/05\/Rucksack_7clouds-768x512.png 768w, https:\/\/petrecycling.ch\/wp-content\/uploads\/2025\/05\/Rucksack_7clouds-1536x1024.png 1536w, https:\/\/petrecycling.ch\/wp-content\/uploads\/2025\/05\/Rucksack_7clouds.png 1740w\" sizes=\"auto, (max-width: 300px) 100vw, 300px\" \/><\/p>\n          <\/div>\n                      <\/div>\n    <\/div>\n\n  <\/div>\n<\/div>\n\n\n<div id=\"content-bild-block_5436392224b2bfe2e4ebc9afaf71e488\" class=\"content-bild \n pt-small pb-small bg- bg-white\" style=\"--sw-item-bg-color:#fff;\"\">\n  <\/div>\n\n\n<div id=\"text-einspaltig-block_7fa793c0786e8b3b369de3af355c2eac\" class=\"text-einspaltig \n pt-small pb-small bg-white\">\n  <div class=\"container custom-padding-big pt-0 pb-0\">\n    <div class=\"row\">\n      <div class=\"offset-xl-1 col-xl-10\">\n                          <h3 class=\"h3\"><strong>Conditions de participation<\/strong><\/h3>\n                          <div class=\"text wysiwyg wysiwyg-line-break-big fs-body-text\">\n            <p>Les gagnantes et gagnants seront inform\u00e9s par e-mail. Il n\u2019y aura pas de paiement en esp\u00e8ces des prix. Les donn\u00e9es des participant(e)s sont exploit\u00e9es uniquement pour le traitement du tirage au sort arriv\u00e9 \u00e0 son terme. <strong>La date limite de participation est fix\u00e9e au 31 juillet 2025. <\/strong><\/p>\n          <\/div>\n                      <\/div>\n    <\/div>\n\n  <\/div>\n<\/div>\n\n\n<div id=\"formular-block_c3c77f777a262ff1616b54ee1d391d26\" class=\"formular \n bg-white small custom-padding-small pb-0\">\n  <div class=\"container\">\n    <div class=\"row\">\n      <div class=\"offset-xl-1 col-xl-10\">\n\n        \n      <\/div>\n    <\/div>\n  <\/div>\n<\/div>\n\n\n<div id=\"abstand-block_22ce9ba3cbe51f2d9dbdf8666f73f19c\" class=\"abstand \n bg-white \">\n  <div class=\"custom-spacer custom-spacer-big\">\n  <\/div>\n<\/div>","protected":false},"excerpt":{"rendered":"","protected":false},"author":16,"featured_media":0,"parent":0,"menu_order":6,"comment_status":"closed","ping_status":"closed","template":"","meta":{"_acf_changed":false,"footnotes":""},"class_list":["post-41485","page","type-page","status-publish","hentry"],"acf":[],"yoast_head":"<!-- This site is optimized with the Yoast SEO plugin v27.4 - https:\/\/yoast.com\/product\/yoast-seo-wordpress\/ -->\n<title>Enqu\u00eate aupr\u00e8s des lecteurs - PET-Recycling Schweiz<\/title>\n<meta name=\"robots\" content=\"index, follow, max-snippet:-1, max-image-preview:large, max-video-preview:-1\" \/>\n<link rel=\"canonical\" href=\"https:\/\/petrecycling.ch\/fr\/enquete-de-lecteurs\/\" \/>\n<meta property=\"og:locale\" content=\"fr_FR\" \/>\n<meta property=\"og:type\" content=\"article\" \/>\n<meta property=\"og:title\" content=\"Enqu\u00eate aupr\u00e8s des lecteurs - PET-Recycling Schweiz\" \/>\n<meta property=\"og:url\" content=\"https:\/\/petrecycling.ch\/fr\/enquete-de-lecteurs\/\" \/>\n<meta property=\"og:site_name\" content=\"PET-Recycling Schweiz\" \/>\n<meta property=\"article:publisher\" content=\"https:\/\/www.facebook.com\/petrecyclingschweiz\/\" \/>\n<meta property=\"article:modified_time\" content=\"2025-06-06T07:50:51+00:00\" \/>\n<meta name=\"twitter:card\" content=\"summary_large_image\" \/>\n<script type=\"application\/ld+json\" class=\"yoast-schema-graph\">{\"@context\":\"https:\\\/\\\/schema.org\",\"@graph\":[{\"@type\":\"WebPage\",\"@id\":\"https:\\\/\\\/petrecycling.ch\\\/fr\\\/enquete-de-lecteurs\\\/\",\"url\":\"https:\\\/\\\/petrecycling.ch\\\/fr\\\/enquete-de-lecteurs\\\/\",\"name\":\"Enqu\u00eate aupr\u00e8s des lecteurs - PET-Recycling Schweiz\",\"isPartOf\":{\"@id\":\"https:\\\/\\\/petrecycling.ch\\\/fr\\\/#website\"},\"datePublished\":\"2025-05-23T11:40:31+00:00\",\"dateModified\":\"2025-06-06T07:50:51+00:00\",\"breadcrumb\":{\"@id\":\"https:\\\/\\\/petrecycling.ch\\\/fr\\\/enquete-de-lecteurs\\\/#breadcrumb\"},\"inLanguage\":\"fr-FR\",\"potentialAction\":[{\"@type\":\"ReadAction\",\"target\":[\"https:\\\/\\\/petrecycling.ch\\\/fr\\\/enquete-de-lecteurs\\\/\"]}]},{\"@type\":\"BreadcrumbList\",\"@id\":\"https:\\\/\\\/petrecycling.ch\\\/fr\\\/enquete-de-lecteurs\\\/#breadcrumb\",\"itemListElement\":[{\"@type\":\"ListItem\",\"position\":1,\"name\":\"Startseite\",\"item\":\"https:\\\/\\\/petrecycling.ch\\\/fr\\\/\"},{\"@type\":\"ListItem\",\"position\":2,\"name\":\"Enqu\u00eate aupr\u00e8s des lecteurs\"}]},{\"@type\":\"WebSite\",\"@id\":\"https:\\\/\\\/petrecycling.ch\\\/fr\\\/#website\",\"url\":\"https:\\\/\\\/petrecycling.ch\\\/fr\\\/\",\"name\":\"PET-Recycling Schweiz\",\"description\":\"Verein PRS PET-Recycling Schweiz a \u00e9t\u00e9 fond\u00e9e en 1990 et s&#039;occupe de la collecte et du recyclage des bouteilles en PET pour boissons.\",\"publisher\":{\"@id\":\"https:\\\/\\\/petrecycling.ch\\\/fr\\\/#organization\"},\"potentialAction\":[{\"@type\":\"SearchAction\",\"target\":{\"@type\":\"EntryPoint\",\"urlTemplate\":\"https:\\\/\\\/petrecycling.ch\\\/fr\\\/?s={search_term_string}\"},\"query-input\":{\"@type\":\"PropertyValueSpecification\",\"valueRequired\":true,\"valueName\":\"search_term_string\"}}],\"inLanguage\":\"fr-FR\"},{\"@type\":\"Organization\",\"@id\":\"https:\\\/\\\/petrecycling.ch\\\/fr\\\/#organization\",\"name\":\"Verein PRS PET-Recycling Schweiz\",\"alternateName\":\"PET-Recycling Schweiz\",\"url\":\"https:\\\/\\\/petrecycling.ch\\\/fr\\\/\",\"logo\":{\"@type\":\"ImageObject\",\"inLanguage\":\"fr-FR\",\"@id\":\"https:\\\/\\\/petrecycling.ch\\\/fr\\\/#\\\/schema\\\/logo\\\/image\\\/\",\"url\":\"https:\\\/\\\/petrecycling.ch\\\/wp-content\\\/uploads\\\/2023\\\/07\\\/PET_large_rgb.png\",\"contentUrl\":\"https:\\\/\\\/petrecycling.ch\\\/wp-content\\\/uploads\\\/2023\\\/07\\\/PET_large_rgb.png\",\"width\":1197,\"height\":1197,\"caption\":\"Verein PRS PET-Recycling Schweiz\"},\"image\":{\"@id\":\"https:\\\/\\\/petrecycling.ch\\\/fr\\\/#\\\/schema\\\/logo\\\/image\\\/\"},\"sameAs\":[\"https:\\\/\\\/www.facebook.com\\\/petrecyclingschweiz\\\/\",\"https:\\\/\\\/www.linkedin.com\\\/company\\\/pet-recycling-schweiz\\\/\",\"https:\\\/\\\/www.tiktok.com\\\/@prs_petrecycling.ch\"]}]}<\/script>\n<!-- \/ Yoast SEO plugin. -->","yoast_head_json":{"title":"Enqu\u00eate aupr\u00e8s des lecteurs - PET-Recycling Schweiz","robots":{"index":"index","follow":"follow","max-snippet":"max-snippet:-1","max-image-preview":"max-image-preview:large","max-video-preview":"max-video-preview:-1"},"canonical":"https:\/\/petrecycling.ch\/fr\/enquete-de-lecteurs\/","og_locale":"fr_FR","og_type":"article","og_title":"Enqu\u00eate aupr\u00e8s des lecteurs - PET-Recycling Schweiz","og_url":"https:\/\/petrecycling.ch\/fr\/enquete-de-lecteurs\/","og_site_name":"PET-Recycling Schweiz","article_publisher":"https:\/\/www.facebook.com\/petrecyclingschweiz\/","article_modified_time":"2025-06-06T07:50:51+00:00","twitter_card":"summary_large_image","schema":{"@context":"https:\/\/schema.org","@graph":[{"@type":"WebPage","@id":"https:\/\/petrecycling.ch\/fr\/enquete-de-lecteurs\/","url":"https:\/\/petrecycling.ch\/fr\/enquete-de-lecteurs\/","name":"Enqu\u00eate aupr\u00e8s des lecteurs - PET-Recycling Schweiz","isPartOf":{"@id":"https:\/\/petrecycling.ch\/fr\/#website"},"datePublished":"2025-05-23T11:40:31+00:00","dateModified":"2025-06-06T07:50:51+00:00","breadcrumb":{"@id":"https:\/\/petrecycling.ch\/fr\/enquete-de-lecteurs\/#breadcrumb"},"inLanguage":"fr-FR","potentialAction":[{"@type":"ReadAction","target":["https:\/\/petrecycling.ch\/fr\/enquete-de-lecteurs\/"]}]},{"@type":"BreadcrumbList","@id":"https:\/\/petrecycling.ch\/fr\/enquete-de-lecteurs\/#breadcrumb","itemListElement":[{"@type":"ListItem","position":1,"name":"Startseite","item":"https:\/\/petrecycling.ch\/fr\/"},{"@type":"ListItem","position":2,"name":"Enqu\u00eate aupr\u00e8s des lecteurs"}]},{"@type":"WebSite","@id":"https:\/\/petrecycling.ch\/fr\/#website","url":"https:\/\/petrecycling.ch\/fr\/","name":"PET-Recycling Schweiz","description":"Verein PRS PET-Recycling Schweiz a \u00e9t\u00e9 fond\u00e9e en 1990 et s&#039;occupe de la collecte et du recyclage des bouteilles en PET pour boissons.","publisher":{"@id":"https:\/\/petrecycling.ch\/fr\/#organization"},"potentialAction":[{"@type":"SearchAction","target":{"@type":"EntryPoint","urlTemplate":"https:\/\/petrecycling.ch\/fr\/?s={search_term_string}"},"query-input":{"@type":"PropertyValueSpecification","valueRequired":true,"valueName":"search_term_string"}}],"inLanguage":"fr-FR"},{"@type":"Organization","@id":"https:\/\/petrecycling.ch\/fr\/#organization","name":"Verein PRS PET-Recycling Schweiz","alternateName":"PET-Recycling Schweiz","url":"https:\/\/petrecycling.ch\/fr\/","logo":{"@type":"ImageObject","inLanguage":"fr-FR","@id":"https:\/\/petrecycling.ch\/fr\/#\/schema\/logo\/image\/","url":"https:\/\/petrecycling.ch\/wp-content\/uploads\/2023\/07\/PET_large_rgb.png","contentUrl":"https:\/\/petrecycling.ch\/wp-content\/uploads\/2023\/07\/PET_large_rgb.png","width":1197,"height":1197,"caption":"Verein PRS PET-Recycling Schweiz"},"image":{"@id":"https:\/\/petrecycling.ch\/fr\/#\/schema\/logo\/image\/"},"sameAs":["https:\/\/www.facebook.com\/petrecyclingschweiz\/","https:\/\/www.linkedin.com\/company\/pet-recycling-schweiz\/","https:\/\/www.tiktok.com\/@prs_petrecycling.ch"]}]}},"_links":{"self":[{"href":"https:\/\/petrecycling.ch\/fr\/wp-json\/wp\/v2\/pages\/41485","targetHints":{"allow":["GET"]}}],"collection":[{"href":"https:\/\/petrecycling.ch\/fr\/wp-json\/wp\/v2\/pages"}],"about":[{"href":"https:\/\/petrecycling.ch\/fr\/wp-json\/wp\/v2\/types\/page"}],"author":[{"embeddable":true,"href":"https:\/\/petrecycling.ch\/fr\/wp-json\/wp\/v2\/users\/16"}],"replies":[{"embeddable":true,"href":"https:\/\/petrecycling.ch\/fr\/wp-json\/wp\/v2\/comments?post=41485"}],"version-history":[{"count":15,"href":"https:\/\/petrecycling.ch\/fr\/wp-json\/wp\/v2\/pages\/41485\/revisions"}],"predecessor-version":[{"id":42577,"href":"https:\/\/petrecycling.ch\/fr\/wp-json\/wp\/v2\/pages\/41485\/revisions\/42577"}],"wp:attachment":[{"href":"https:\/\/petrecycling.ch\/fr\/wp-json\/wp\/v2\/media?parent=41485"}],"curies":[{"name":"wp","href":"https:\/\/api.w.org\/{rel}","templated":true}]}}