{"id":10950,"date":"2023-04-18T09:46:47","date_gmt":"2023-04-18T07:46:47","guid":{"rendered":"https:\/\/petrecycling.ch\/wettbewerb-petflash\/"},"modified":"2024-07-01T09:41:03","modified_gmt":"2024-07-01T07:41:03","slug":"concours-petflash","status":"publish","type":"page","link":"https:\/\/petrecycling.ch\/fr\/concours-petflash\/","title":{"rendered":"Concours PETflash"},"content":{"rendered":"\n<div id=\"text-einspaltig-block_ae30b474901974d1fa6ac1cc4a3ef4a6\" class=\"text-einspaltig \n pt-small pb-small bg-white\">\n  <div class=\"container custom-padding-big pt-0 pb-0\">\n    <div class=\"row\">\n      <div class=\"offset-xl-1 col-xl-10\">\n                  <h2 class=\"h2 text-secondary hyphens-xs-auto\"><strong>Concours<\/strong> PETflash<\/h2>\n                          <h3 class=\"h3\"><strong>Beachtour 2024: <\/strong>nous tirons au sort 2 billets VIP!<\/h3>\n                          <div class=\"text wysiwyg wysiwyg-line-break-big fs-body-text\">\n            <p><strong>Le concours est termin\u00e9! Le gagnant a \u00e9t\u00e9 tir\u00e9 au sort et contact\u00e9.<\/strong><\/p>\n<p>Cette ann\u00e9e, Volvic est le sponsor principal du Beachtour, le tournois de beach-volley le plus fr\u00e9quent\u00e9 de Suisse. Gagnez 2 billets VIP pour acc\u00e9der \u00e0 la zone VIP exclusive, d\u2019une valeur de CHF 80.\u2013, pour les tournois de Saint-Gall, B\u00e2le, Lucerne ou Berne. Selon la devise \u00abRafra\u00eechis ton \u00e9t\u00e9 \u2013 de mani\u00e8re naturelle et savoureuse\u00bb, une boisson rafra\u00eechissante gratuite de leur choix attend les gagnant\u00b7e\u00b7s au bar VIP.<\/p>\n          <\/div>\n                          <div class=\"links-wrapper\">\n                            <div class=\"link-btn-primary-wrapper\">\n                  <a href=\"https:\/\/www.volvic.ch\/ch-fr\/engagement\/beachtour.html\" target=\"_blank\" class=\"link-btn-primary\">\n                    <span>\n                      En savoir plus sur le Beachtour 2024                    <\/span>\n                  <\/a>\n                <\/div>\n                                    <\/div>\n              <\/div>\n    <\/div>\n\n  <\/div>\n<\/div>\n\n\n<div id=\"content-bild-block_ad5b01e900b115c5270b2724cef22672\" class=\"content-bild \n pt-small pb-small bg- bg-white\" style=\"--sw-item-bg-color:#fff;\"\">\n      <div class=\"container-wrapper\">\n      <div class=\"container  pt-0 pb-0\">\n                <div class=\"row bild-row\">\n          <div class=\"offset-xl-1 col-xl-10\">\n                          <div class=\"\">\n                <img decoding=\"async\" class=\"img-fluid\" src=\"https:\/\/petrecycling.ch\/wp-content\/uploads\/2024\/04\/volvic-ch-beach-tour-volleyball.jpeg\" alt=\"\" loading=\"lazy\">\n              <\/div>\n                      <\/div>\n        <\/div>\n      <\/div>\n    <\/div>\n  <\/div>\n\n\n<div id=\"text-einspaltig-block_48b92972bb908b95500deec265174c05\" class=\"text-einspaltig \n pt-small pb-small bg-white\">\n  <div class=\"container custom-padding-big pt-0 pb-0\">\n    <div class=\"row\">\n      <div class=\"offset-xl-1 col-xl-10\">\n                          <h3 class=\"h3\"><strong>Conditions de participation<\/strong><\/h3>\n                          <div class=\"text wysiwyg wysiwyg-line-break-big fs-body-text\">\n            <p>Toutes les personnes domicili\u00e9es en Suisse sont autoris\u00e9es \u00e0 participer. Les gagnants seront inform\u00e9s par e-mail. PET-Recycling Schweiz se r\u00e9serve le droit de publier les noms des gagnants. <strong>Les prix ne seront pas vers\u00e9s en esp\u00e8ces. L\u2019action se termine jusqu&rsquo;au 30 juin 2024.<\/strong><\/p>\n          <\/div>\n                      <\/div>\n    <\/div>\n\n  <\/div>\n<\/div>\n\n\n<div id=\"formular-block_1d2dc7a164564f816238e808b445f735\" class=\"formular \n bg-white small custom-padding-small pb-0\">\n  <div class=\"container\">\n    <div class=\"row\">\n      <div class=\"offset-xl-1 col-xl-10\">\n\n                  <div class=\"custom-form-wrapper custom-form-with-animated-labels\">\n            \n<div class=\"wpcf7 no-js\" id=\"wpcf7-f10958-o1\" lang=\"fr-FR\" dir=\"ltr\" data-wpcf7-id=\"10958\">\n<div class=\"screen-reader-response\"><p role=\"status\" aria-live=\"polite\" aria-atomic=\"true\"><\/p> <ul><\/ul><\/div>\n<form action=\"\/fr\/wp-json\/wp\/v2\/pages\/10950#wpcf7-f10958-o1\" method=\"post\" class=\"wpcf7-form init\" aria-label=\"Formulaire de contact\" novalidate=\"novalidate\" data-status=\"init\">\n<fieldset class=\"hidden-fields-container\"><input type=\"hidden\" name=\"_wpcf7\" value=\"10958\" \/><input type=\"hidden\" name=\"_wpcf7_version\" value=\"6.1.5\" \/><input type=\"hidden\" name=\"_wpcf7_locale\" value=\"fr_FR\" \/><input type=\"hidden\" name=\"_wpcf7_unit_tag\" value=\"wpcf7-f10958-o1\" \/><input type=\"hidden\" name=\"_wpcf7_container_post\" value=\"0\" \/><input type=\"hidden\" name=\"_wpcf7_posted_data_hash\" value=\"\" \/><input type=\"hidden\" name=\"_wpcf7cf_hidden_group_fields\" value=\"[]\" \/><input type=\"hidden\" name=\"_wpcf7cf_hidden_groups\" value=\"[]\" \/><input type=\"hidden\" name=\"_wpcf7cf_visible_groups\" value=\"[]\" \/><input type=\"hidden\" name=\"_wpcf7cf_repeaters\" value=\"[]\" \/><input type=\"hidden\" name=\"_wpcf7cf_steps\" value=\"{}\" \/><input type=\"hidden\" name=\"_wpcf7cf_options\" value=\"{&quot;form_id&quot;:10958,&quot;conditions&quot;:[],&quot;settings&quot;:{&quot;animation&quot;:&quot;yes&quot;,&quot;animation_intime&quot;:200,&quot;animation_outtime&quot;:200,&quot;conditions_ui&quot;:&quot;normal&quot;,&quot;notice_dismissed&quot;:false,&quot;notice_dismissed_rollback-cf7-5.8&quot;:true,&quot;notice_dismissed_rollback-cf7-5.8.3&quot;:true,&quot;notice_dismissed_rollback-cf7-5.8.6&quot;:true,&quot;notice_dismissed_rollback-cf7-5.9.2&quot;:true,&quot;notice_dismissed_rollback-cf7-5.9.5&quot;:true}}\" \/><input type=\"hidden\" name=\"_wpcf7_recaptcha_response\" value=\"\" \/>\n<\/fieldset>\n<p><input type=\"hidden\" name=\"formular-url\" value=\"https:\/\/petrecycling.ch\/fr\/concours-petflash\/\"\/><input type=\"hidden\" name=\"beitrags-name\" value=\"Concours PETflash\"\/><input type=\"hidden\" name=\"response-modal-titel\" value=\"&lt;i&gt;&lt;strong&gt;Merci&lt;\/strong&gt;&lt;\/i&gt;\"\/>\n<\/p>\n<div class=\"row\">\n\t<div class=\"col-md-6 mb-4 pb-2\">\n\t\t<div class=\"form-wrapper form-select-wrapper\">\n\t\t\t<p><span class=\"wpcf7-form-control-wrap\" data-name=\"anrede\"><select class=\"wpcf7-form-control wpcf7-select wpcf7-validates-as-required form-select\" id=\"anrede\" aria-required=\"true\" aria-invalid=\"false\" name=\"anrede\"><option value=\"\"><\/option><option value=\"Madame\">Madame<\/option><option value=\"Monsieur\">Monsieur<\/option><\/select><\/span><label for=\"anrede\">Civilit\u00e9 *<\/label>\n\t\t\t<\/p>\n\t\t<\/div>\n\t<\/div>\n<\/div>\n<div class=\"row\">\n\t<div class=\"col-md-6 mb-4 pb-2\">\n\t\t<div class=\"form-wrapper\">\n\t\t\t<p><span class=\"wpcf7-form-control-wrap\" data-name=\"vorname\"><input size=\"40\" maxlength=\"400\" class=\"wpcf7-form-control wpcf7-text wpcf7-validates-as-required form-control\" id=\"vorname\" aria-required=\"true\" aria-invalid=\"false\" value=\"\" type=\"text\" name=\"vorname\" \/><\/span><label for=\"vorname\">Pr\u00e9nom *<\/label>\n\t\t\t<\/p>\n\t\t<\/div>\n\t<\/div>\n\t<div class=\"col-md-6 mb-4 pb-2\">\n\t\t<div class=\"form-wrapper\">\n\t\t\t<p><span class=\"wpcf7-form-control-wrap\" data-name=\"nachname\"><input size=\"40\" maxlength=\"400\" class=\"wpcf7-form-control wpcf7-text wpcf7-validates-as-required form-control\" id=\"nachname\" aria-required=\"true\" aria-invalid=\"false\" value=\"\" type=\"text\" name=\"nachname\" \/><\/span><label for=\"nachname\">Nom de famille *<\/label>\n\t\t\t<\/p>\n\t\t<\/div>\n\t<\/div>\n<\/div>\n<div class=\"row\">\n\t<div class=\"col-md-6 mb-4 pb-2\">\n\t\t<div class=\"form-wrapper\">\n\t\t\t<p><span class=\"wpcf7-form-control-wrap\" data-name=\"firma\"><input size=\"40\" maxlength=\"400\" class=\"wpcf7-form-control wpcf7-text form-control\" id=\"firma\" aria-invalid=\"false\" value=\"\" type=\"text\" name=\"firma\" \/><\/span><label for=\"firma\">Enterprise<\/label>\n\t\t\t<\/p>\n\t\t<\/div>\n\t<\/div>\n\t<div class=\"col-md-6 mb-4 pb-2\">\n\t\t<div class=\"form-wrapper\">\n\t\t\t<p><span class=\"wpcf7-form-control-wrap\" data-name=\"strasse\"><input size=\"40\" maxlength=\"400\" class=\"wpcf7-form-control wpcf7-text wpcf7-validates-as-required form-control\" id=\"strasse\" aria-required=\"true\" aria-invalid=\"false\" value=\"\" type=\"text\" name=\"strasse\" \/><\/span><label for=\"strasse\">Rue\/no *<\/label>\n\t\t\t<\/p>\n\t\t<\/div>\n\t<\/div>\n<\/div>\n<div class=\"row\">\n\t<div class=\"col-md-6 mb-4 pb-2\">\n\t\t<div class=\"form-wrapper\">\n\t\t\t<p><span class=\"wpcf7-form-control-wrap\" data-name=\"plz\"><input size=\"40\" maxlength=\"400\" class=\"wpcf7-form-control wpcf7-text wpcf7-validates-as-required form-control\" id=\"plz\" aria-required=\"true\" aria-invalid=\"false\" value=\"\" type=\"text\" name=\"plz\" \/><\/span><label for=\"plz\">Case postale *<\/label>\n\t\t\t<\/p>\n\t\t<\/div>\n\t<\/div>\n\t<div class=\"col-md-6 mb-4 pb-2\">\n\t\t<div class=\"form-wrapper\">\n\t\t\t<p><span class=\"wpcf7-form-control-wrap\" data-name=\"ort\"><input size=\"40\" maxlength=\"400\" class=\"wpcf7-form-control wpcf7-text wpcf7-validates-as-required form-control\" id=\"ort\" aria-required=\"true\" aria-invalid=\"false\" value=\"\" type=\"text\" name=\"ort\" \/><\/span><label for=\"ort\">Ville *<\/label>\n\t\t\t<\/p>\n\t\t<\/div>\n\t<\/div>\n<\/div>\n<div class=\"row\">\n\t<div class=\"col-md-6 mb-4 pb-2\">\n\t\t<div class=\"form-wrapper\">\n\t\t\t<p><span class=\"wpcf7-form-control-wrap\" data-name=\"email\"><input size=\"40\" maxlength=\"400\" class=\"wpcf7-form-control wpcf7-email wpcf7-validates-as-required wpcf7-text wpcf7-validates-as-email form-control\" id=\"email\" aria-required=\"true\" aria-invalid=\"false\" value=\"\" type=\"email\" name=\"email\" \/><\/span><label for=\"email\">E-Mail *<\/label>\n\t\t\t<\/p>\n\t\t<\/div>\n\t<\/div>\n\t<div class=\"col-md-6 mb-4 pb-2\">\n\t\t<div class=\"form-wrapper\">\n\t\t\t<p><span class=\"wpcf7-form-control-wrap\" data-name=\"telefon\"><input size=\"40\" maxlength=\"400\" class=\"wpcf7-form-control wpcf7-text form-control\" id=\"telefon\" aria-invalid=\"false\" value=\"\" type=\"text\" name=\"telefon\" \/><\/span><label for=\"telefon\">Num\u00e9ro de t\u00e9l\u00e9phone<\/label>\n\t\t\t<\/p>\n\t\t<\/div>\n\t<\/div>\n<\/div>\n<div class=\"row\">\n\t<div class=\"col-12 mb-4 pb-2\">\n\t\t<div class=\"label\">\n\t\t\t<p><label for=\"frage-1\">Pourquoi voudrais-tu gagner ces 2 billets VIP pour le Beachtour 2024?<\/label>\n\t\t\t<\/p>\n\t\t<\/div>\n\t\t<div class=\"form-wrapper\">\n\t\t\t<p><span class=\"wpcf7-form-control-wrap\" data-name=\"frage-1\"><textarea cols=\"40\" rows=\"10\" maxlength=\"2000\" class=\"wpcf7-form-control wpcf7-textarea wpcf7-validates-as-required form-control\" id=\"frage-1\" aria-required=\"true\" aria-invalid=\"false\" name=\"frage-1\"><\/textarea><\/span>\n\t\t\t<\/p>\n\t\t<\/div>\n\t<\/div>\n<\/div>\n<div class=\"row\">\n\t<div class=\"col-12\">\n\t\t<div class=\"label\">\n\t\t\t<p><label for=\"frage-2\">O\u00f9 voudrais-tu assister au Beachtour? St-Gall, B\u00e2le, Lucerne ou Berne?<\/label>\n\t\t\t<\/p>\n\t\t<\/div>\n\t\t<div class=\"form-wrapper\">\n\t\t\t<p><span class=\"wpcf7-form-control-wrap\" data-name=\"frage-2\"><textarea cols=\"40\" rows=\"10\" maxlength=\"2000\" class=\"wpcf7-form-control wpcf7-textarea wpcf7-validates-as-required form-control\" id=\"frage-2\" aria-required=\"true\" aria-invalid=\"false\" name=\"frage-2\"><\/textarea><\/span>\n\t\t\t<\/p>\n\t\t<\/div>\n\t<\/div>\n<\/div>\n<div class=\"row mb-4\">\n\t<div class=\"col-12\">\n\t\t<p><small>Ce site est prot\u00e9g\u00e9 par reCAPTCHA et les <a href=\"https:\/\/policies.google.com\/terms\" target=\"_blank\">r\u00e8gles de confidentialit\u00e9 de Google<\/a> s&rsquo;appliquent.<\/small>\n\t\t<\/p>\n\t<\/div>\n<\/div>\n<div class=\"row\">\n\t<div class=\"col-12\">\n\t\t<p><span class=\"wpcf7-form-control-wrap\" data-name=\"zustimmung-teilnahmebedingungen\"><span class=\"wpcf7-form-control wpcf7-acceptance\"><span class=\"wpcf7-list-item\"><label><input type=\"checkbox\" name=\"zustimmung-teilnahmebedingungen\" value=\"1\" aria-invalid=\"false\" \/><span class=\"wpcf7-list-item-label\">J&rsquo;ai lu et j&rsquo;accepte les conditions de participation ci-dessus.<\/span><\/label><\/span><\/span><\/span>\n\t\t<\/p>\n\t<\/div>\n<\/div>\n<div class=\"row mb-5\">\n\t<div class=\"col-12\">\n\t\t<p><span class=\"wpcf7-form-control-wrap\" data-name=\"zustimmung-datenschutz\"><span class=\"wpcf7-form-control wpcf7-acceptance\"><span class=\"wpcf7-list-item\"><label><input type=\"checkbox\" name=\"zustimmung-datenschutz\" value=\"1\" aria-invalid=\"false\" \/><span class=\"wpcf7-list-item-label\">J&rsquo;ai lu et j&rsquo;accepte la <a href=\"\/fr\/declaration-de-confidentialite\/\">protection des donn\u00e9es<\/a>.<\/span><\/label><\/span><\/span><\/span>\n\t\t<\/p>\n\t<\/div>\n<\/div>\n<div class=\"row\">\n\t<div class=\"col-12\">\n\t\t<div class=\"submit-wrapper\">\n\t\t\t<p><input class=\"wpcf7-form-control wpcf7-submit has-spinner\" type=\"submit\" value=\"Participez\" \/>\n\t\t\t<\/p>\n\t\t<\/div>\n\t<\/div>\n<\/div><div class=\"wpcf7-response-output\" aria-hidden=\"true\"><\/div>\n<\/form>\n<\/div>\n          <\/div>\n        \n      <\/div>\n    <\/div>\n  <\/div>\n<\/div>\n\n\n<div id=\"abstand-block_241e953571f8a98182a886fe4d5da9eb\" class=\"abstand \n bg-white \">\n  <div class=\"custom-spacer custom-spacer-big\">\n  <\/div>\n<\/div>","protected":false},"excerpt":{"rendered":"","protected":false},"author":1,"featured_media":0,"parent":0,"menu_order":6,"comment_status":"closed","ping_status":"closed","template":"","meta":{"_acf_changed":false,"footnotes":""},"class_list":["post-10950","page","type-page","status-publish","hentry"],"acf":[],"yoast_head":"<!-- This site is optimized with the Yoast SEO plugin v27.4 - https:\/\/yoast.com\/product\/yoast-seo-wordpress\/ -->\n<title>Concours PETflash - PET-Recycling Schweiz<\/title>\n<meta name=\"robots\" content=\"index, follow, max-snippet:-1, max-image-preview:large, max-video-preview:-1\" \/>\n<link rel=\"canonical\" href=\"https:\/\/petrecycling.ch\/fr\/concours-petflash\/\" \/>\n<meta property=\"og:locale\" content=\"fr_FR\" \/>\n<meta property=\"og:type\" content=\"article\" \/>\n<meta property=\"og:title\" content=\"Concours PETflash - PET-Recycling Schweiz\" \/>\n<meta property=\"og:url\" content=\"https:\/\/petrecycling.ch\/fr\/concours-petflash\/\" \/>\n<meta property=\"og:site_name\" content=\"PET-Recycling Schweiz\" \/>\n<meta property=\"article:publisher\" content=\"https:\/\/www.facebook.com\/petrecyclingschweiz\/\" \/>\n<meta property=\"article:modified_time\" content=\"2024-07-01T07:41:03+00:00\" \/>\n<meta name=\"twitter:card\" content=\"summary_large_image\" \/>\n<script type=\"application\/ld+json\" class=\"yoast-schema-graph\">{\"@context\":\"https:\\\/\\\/schema.org\",\"@graph\":[{\"@type\":\"WebPage\",\"@id\":\"https:\\\/\\\/petrecycling.ch\\\/fr\\\/concours-petflash\\\/\",\"url\":\"https:\\\/\\\/petrecycling.ch\\\/fr\\\/concours-petflash\\\/\",\"name\":\"Concours PETflash - PET-Recycling Schweiz\",\"isPartOf\":{\"@id\":\"https:\\\/\\\/petrecycling.ch\\\/fr\\\/#website\"},\"datePublished\":\"2023-04-18T07:46:47+00:00\",\"dateModified\":\"2024-07-01T07:41:03+00:00\",\"breadcrumb\":{\"@id\":\"https:\\\/\\\/petrecycling.ch\\\/fr\\\/concours-petflash\\\/#breadcrumb\"},\"inLanguage\":\"fr-FR\",\"potentialAction\":[{\"@type\":\"ReadAction\",\"target\":[\"https:\\\/\\\/petrecycling.ch\\\/fr\\\/concours-petflash\\\/\"]}]},{\"@type\":\"BreadcrumbList\",\"@id\":\"https:\\\/\\\/petrecycling.ch\\\/fr\\\/concours-petflash\\\/#breadcrumb\",\"itemListElement\":[{\"@type\":\"ListItem\",\"position\":1,\"name\":\"Startseite\",\"item\":\"https:\\\/\\\/petrecycling.ch\\\/fr\\\/\"},{\"@type\":\"ListItem\",\"position\":2,\"name\":\"Concours PETflash\"}]},{\"@type\":\"WebSite\",\"@id\":\"https:\\\/\\\/petrecycling.ch\\\/fr\\\/#website\",\"url\":\"https:\\\/\\\/petrecycling.ch\\\/fr\\\/\",\"name\":\"PET-Recycling Schweiz\",\"description\":\"Verein PRS PET-Recycling Schweiz a \u00e9t\u00e9 fond\u00e9e en 1990 et s&#039;occupe de la collecte et du recyclage des bouteilles en PET pour boissons.\",\"publisher\":{\"@id\":\"https:\\\/\\\/petrecycling.ch\\\/fr\\\/#organization\"},\"potentialAction\":[{\"@type\":\"SearchAction\",\"target\":{\"@type\":\"EntryPoint\",\"urlTemplate\":\"https:\\\/\\\/petrecycling.ch\\\/fr\\\/?s={search_term_string}\"},\"query-input\":{\"@type\":\"PropertyValueSpecification\",\"valueRequired\":true,\"valueName\":\"search_term_string\"}}],\"inLanguage\":\"fr-FR\"},{\"@type\":\"Organization\",\"@id\":\"https:\\\/\\\/petrecycling.ch\\\/fr\\\/#organization\",\"name\":\"Verein PRS PET-Recycling Schweiz\",\"alternateName\":\"PET-Recycling Schweiz\",\"url\":\"https:\\\/\\\/petrecycling.ch\\\/fr\\\/\",\"logo\":{\"@type\":\"ImageObject\",\"inLanguage\":\"fr-FR\",\"@id\":\"https:\\\/\\\/petrecycling.ch\\\/fr\\\/#\\\/schema\\\/logo\\\/image\\\/\",\"url\":\"https:\\\/\\\/petrecycling.ch\\\/wp-content\\\/uploads\\\/2023\\\/07\\\/PET_large_rgb.png\",\"contentUrl\":\"https:\\\/\\\/petrecycling.ch\\\/wp-content\\\/uploads\\\/2023\\\/07\\\/PET_large_rgb.png\",\"width\":1197,\"height\":1197,\"caption\":\"Verein PRS PET-Recycling Schweiz\"},\"image\":{\"@id\":\"https:\\\/\\\/petrecycling.ch\\\/fr\\\/#\\\/schema\\\/logo\\\/image\\\/\"},\"sameAs\":[\"https:\\\/\\\/www.facebook.com\\\/petrecyclingschweiz\\\/\",\"https:\\\/\\\/www.linkedin.com\\\/company\\\/pet-recycling-schweiz\\\/\",\"https:\\\/\\\/www.tiktok.com\\\/@prs_petrecycling.ch\"]}]}<\/script>\n<!-- \/ Yoast SEO plugin. -->","yoast_head_json":{"title":"Concours PETflash - PET-Recycling Schweiz","robots":{"index":"index","follow":"follow","max-snippet":"max-snippet:-1","max-image-preview":"max-image-preview:large","max-video-preview":"max-video-preview:-1"},"canonical":"https:\/\/petrecycling.ch\/fr\/concours-petflash\/","og_locale":"fr_FR","og_type":"article","og_title":"Concours PETflash - PET-Recycling Schweiz","og_url":"https:\/\/petrecycling.ch\/fr\/concours-petflash\/","og_site_name":"PET-Recycling Schweiz","article_publisher":"https:\/\/www.facebook.com\/petrecyclingschweiz\/","article_modified_time":"2024-07-01T07:41:03+00:00","twitter_card":"summary_large_image","schema":{"@context":"https:\/\/schema.org","@graph":[{"@type":"WebPage","@id":"https:\/\/petrecycling.ch\/fr\/concours-petflash\/","url":"https:\/\/petrecycling.ch\/fr\/concours-petflash\/","name":"Concours PETflash - PET-Recycling Schweiz","isPartOf":{"@id":"https:\/\/petrecycling.ch\/fr\/#website"},"datePublished":"2023-04-18T07:46:47+00:00","dateModified":"2024-07-01T07:41:03+00:00","breadcrumb":{"@id":"https:\/\/petrecycling.ch\/fr\/concours-petflash\/#breadcrumb"},"inLanguage":"fr-FR","potentialAction":[{"@type":"ReadAction","target":["https:\/\/petrecycling.ch\/fr\/concours-petflash\/"]}]},{"@type":"BreadcrumbList","@id":"https:\/\/petrecycling.ch\/fr\/concours-petflash\/#breadcrumb","itemListElement":[{"@type":"ListItem","position":1,"name":"Startseite","item":"https:\/\/petrecycling.ch\/fr\/"},{"@type":"ListItem","position":2,"name":"Concours PETflash"}]},{"@type":"WebSite","@id":"https:\/\/petrecycling.ch\/fr\/#website","url":"https:\/\/petrecycling.ch\/fr\/","name":"PET-Recycling Schweiz","description":"Verein PRS PET-Recycling Schweiz a \u00e9t\u00e9 fond\u00e9e en 1990 et s&#039;occupe de la collecte et du recyclage des bouteilles en PET pour boissons.","publisher":{"@id":"https:\/\/petrecycling.ch\/fr\/#organization"},"potentialAction":[{"@type":"SearchAction","target":{"@type":"EntryPoint","urlTemplate":"https:\/\/petrecycling.ch\/fr\/?s={search_term_string}"},"query-input":{"@type":"PropertyValueSpecification","valueRequired":true,"valueName":"search_term_string"}}],"inLanguage":"fr-FR"},{"@type":"Organization","@id":"https:\/\/petrecycling.ch\/fr\/#organization","name":"Verein PRS PET-Recycling Schweiz","alternateName":"PET-Recycling Schweiz","url":"https:\/\/petrecycling.ch\/fr\/","logo":{"@type":"ImageObject","inLanguage":"fr-FR","@id":"https:\/\/petrecycling.ch\/fr\/#\/schema\/logo\/image\/","url":"https:\/\/petrecycling.ch\/wp-content\/uploads\/2023\/07\/PET_large_rgb.png","contentUrl":"https:\/\/petrecycling.ch\/wp-content\/uploads\/2023\/07\/PET_large_rgb.png","width":1197,"height":1197,"caption":"Verein PRS PET-Recycling Schweiz"},"image":{"@id":"https:\/\/petrecycling.ch\/fr\/#\/schema\/logo\/image\/"},"sameAs":["https:\/\/www.facebook.com\/petrecyclingschweiz\/","https:\/\/www.linkedin.com\/company\/pet-recycling-schweiz\/","https:\/\/www.tiktok.com\/@prs_petrecycling.ch"]}]}},"_links":{"self":[{"href":"https:\/\/petrecycling.ch\/fr\/wp-json\/wp\/v2\/pages\/10950","targetHints":{"allow":["GET"]}}],"collection":[{"href":"https:\/\/petrecycling.ch\/fr\/wp-json\/wp\/v2\/pages"}],"about":[{"href":"https:\/\/petrecycling.ch\/fr\/wp-json\/wp\/v2\/types\/page"}],"author":[{"embeddable":true,"href":"https:\/\/petrecycling.ch\/fr\/wp-json\/wp\/v2\/users\/1"}],"replies":[{"embeddable":true,"href":"https:\/\/petrecycling.ch\/fr\/wp-json\/wp\/v2\/comments?post=10950"}],"version-history":[{"count":12,"href":"https:\/\/petrecycling.ch\/fr\/wp-json\/wp\/v2\/pages\/10950\/revisions"}],"predecessor-version":[{"id":32690,"href":"https:\/\/petrecycling.ch\/fr\/wp-json\/wp\/v2\/pages\/10950\/revisions\/32690"}],"wp:attachment":[{"href":"https:\/\/petrecycling.ch\/fr\/wp-json\/wp\/v2\/media?parent=10950"}],"curies":[{"name":"wp","href":"https:\/\/api.w.org\/{rel}","templated":true}]}}