{"id":10342,"date":"2023-06-12T10:06:06","date_gmt":"2023-06-12T08:06:06","guid":{"rendered":"https:\/\/petrecycling.ch\/?page_id=10342"},"modified":"2025-04-08T16:04:33","modified_gmt":"2025-04-08T14:04:33","slug":"a-la-maison","status":"publish","type":"page","link":"https:\/\/petrecycling.ch\/fr\/a-notre-propos\/points-de-collecte\/a-la-maison\/","title":{"rendered":"Collecte \u00e0 la maison"},"content":{"rendered":"\n<div id=\"collecte-a-la-maison\" class=\"teaser-text-bild \n bg-white image-right  has-overhang \">\n  <div class=\"container \">\n    <div class=\"row\">\n      <div class=\"col-lg-6 col-xl-6 offset-xl-1  col-text\">\n                  <h2 class=\"h2 text-secondary\">\n            <strong>Collecte<\/strong> <i>\u00e0 la<\/i> maison          <\/h2>\n        \n                                                            <div class=\"content-item text wysiwyg fs-body-text\">\n                  <p>Si le <a href=\"https:\/\/petrecycling.ch\/fr\/mythes-et-realites\/realites\/\">taux de collecte<\/a> est aussi \u00e9lev\u00e9 \u00e0 l\u2019heure actuelle, c\u2019est uniquement gr\u00e2ce \u00e0 l\u2019engagement fantastique de la population suisse en la mati\u00e8re. La collecte et l\u2019\u00e9limination correcte ont lieu \u00e0 domicile comme \u00e0 l\u2019ext\u00e9rieur. Dans les deux cas, la r\u00e8gle d\u2019or est la suivante: \u00abl\u2019air dehors, le bouchon dessus.\u00bb En les pressant, les bouteilles ont trois fois plus de place, que ce soit dans le sac de r\u00e9cup\u00e9ration, le conteneur ou le v\u00e9hicule de collecte . Cela permet d\u2019\u00e9conomiser des trajets et de m\u00e9nager l\u2019environnement.<\/p>\n                <\/div>\n                          \n                        <\/div>\n\n              <div class=\"col-lg-5 col-xl-4 offset-lg-1\">\n          <div id=\"lightgallery_collecte-a-la-maison\" class=\"thumb-wrapper\">\n            <a class=\"lb-item\" href=\"https:\/\/petrecycling.ch\/wp-content\/uploads\/2023\/02\/PET-Recycling-Schweiz_Ueber-PRS_Sammelstellen_Organisation_Zuhause-aspect-ratio-1080-1180.jpg\">\n              <img decoding=\"async\" class=\"img-fluid\" src=\"https:\/\/petrecycling.ch\/wp-content\/uploads\/2023\/02\/PET-Recycling-Schweiz_Ueber-PRS_Sammelstellen_Organisation_Zuhause-aspect-ratio-1080-1180.jpg\" alt=\"\">\n            <\/a>\n          <\/div>\n        <\/div>\n          <\/div>\n  <\/div>\n<\/div>\n\n\n<div id=\"arrows-block_b1044bbc84fdf17a8c5e6484026d34c1\" class=\"arrows \n \">\n  <div class=\"container\">\n    <div class=\"arrows-wrapper rellax top-left mobile-top-left\" data-rellax-speed=\"-2\" data-rellax-percentage=\"0.5\">\n      <?xml version=\"1.0\"?>\n<svg xmlns=\"http:\/\/www.w3.org\/2000\/svg\" width=\"210.202\" height=\"284.399\" viewBox=\"0 0 210.202 284.399\" class=\"icon arrows_down-icon \" aria-hidden=\"true\" role=\"presentation\">\n  <g id=\"Gruppe_7633\" data-name=\"Gruppe 7633\" transform=\"translate(-1269.798 -1863.546)\">\n    <g id=\"Gruppe_7521\" data-name=\"Gruppe 7521\" transform=\"translate(868.48 -178.269)\" opacity=\"0.8\" style=\"isolation: isolate\">\n      <path id=\"Pfad_17796\" data-name=\"Pfad 17796\" d=\"M210.2,0,105.1,65.449,0,0V45.528l105.1,65.449L210.2,45.528Z\" transform=\"translate(401.319 2041.815)\" fill=\"#fff\"\/>\n      <path id=\"Pfad_17795\" data-name=\"Pfad 17795\" d=\"M210.2,0,105.1,65.449,0,0V45.528l105.1,65.449L210.2,45.528Z\" transform=\"translate(401.317 2127.758)\" fill=\"#fff\"\/>\n      <path id=\"Pfad_17797\" data-name=\"Pfad 17797\" d=\"M210.2,0,105.1,65.449,0,0V45.528l105.1,65.449L210.2,45.528Z\" transform=\"translate(401.317 2215.237)\" fill=\"#fff\" style=\"mix-blend-mode: multiply;isolation: isolate\"\/>\n    <\/g>\n    <g id=\"Gruppe_7527\" data-name=\"Gruppe 7527\" transform=\"translate(868.48 -178.269)\" style=\"mix-blend-mode: multiply;isolation: isolate\">\n      <path id=\"Pfad_17796-2\" data-name=\"Pfad 17796\" d=\"M210.2,0,105.1,65.449,0,0V45.528l105.1,65.449L210.2,45.528Z\" transform=\"translate(401.319 2041.815)\" fill=\"#faf500\"\/>\n      <path id=\"Pfad_17795-2\" data-name=\"Pfad 17795\" d=\"M210.2,0,105.1,65.449,0,0V45.528l105.1,65.449L210.2,45.528Z\" transform=\"translate(401.317 2127.758)\" fill=\"#faf500\"\/>\n      <path id=\"Pfad_17797-2\" data-name=\"Pfad 17797\" d=\"M210.2,0,105.1,65.449,0,0V45.528l105.1,65.449L210.2,45.528Z\" transform=\"translate(401.317 2215.237)\" fill=\"#faf500\" style=\"mix-blend-mode: multiply;isolation: isolate\"\/>\n    <\/g>\n  <\/g>\n<\/svg>\n    <\/div>\n  <\/div>\n<\/div>\n\n\n<div id=\"teaser-text-bild-block_195b1c8ce2ff129d6c426220b8dff737\" class=\"teaser-text-bild \n bg-grey-light image-left \">\n  <div class=\"container \">\n    <div class=\"row\">\n      <div class=\"col-lg-6 col-xl-6 offset-lg-1 order-2  col-text\">\n                  <h2 class=\"h2 text-secondary\">\n            <strong>Un effort mineur<\/strong><br \/>\r\n<i>pour un<\/i> b\u00e9n\u00e9fice majeur          <\/h2>\n        \n                                            <div class=\"list-wrapper fs-body-text\">\n                                  <div class=\"list-title\">\n                    En cas de doute sur les objets \u00e0 d\u00e9poser dans la collecte du PET, posez-vous ces trois questions:                  <\/div>\n                                                                                            <div class=\"list-item  \">\n                        <div class=\"icon-wrapper\">\n                                                      <?xml version=\"1.0\"?>\n<svg xmlns=\"http:\/\/www.w3.org\/2000\/svg\" width=\"35\" height=\"35\" viewBox=\"0 0 35 35\" class=\"icon plus_circle-icon \" aria-hidden=\"true\" role=\"presentation\">\n  <g id=\"Gruppe_7731\" data-name=\"Gruppe 7731\" transform=\"translate(-633.5 -4494.5)\">\n    <path id=\"Pfad_17838\" data-name=\"Pfad 17838\" d=\"M16,0A16,16,0,1,1,0,16,16,16,0,0,1,16,0Z\" transform=\"translate(635 4496)\" fill=\"#f4f4f4\" stroke=\"#4a9fff\" stroke-linecap=\"round\" stroke-width=\"3\"\/>\n    <path id=\"Pfad_17839\" data-name=\"Pfad 17839\" d=\"M45,37V53m-8-8H53\" transform=\"translate(606 4467)\" fill=\"none\" stroke=\"#000\" stroke-linecap=\"round\" stroke-linejoin=\"round\" stroke-width=\"2\"\/>\n  <\/g>\n<\/svg>\n                                                  <\/div>\n                        <div class=\"text-wrapper\">\n                          S\u2019agit-il d\u2019une bouteille?                        <\/div>\n                      <\/div>\n                                                                                <div class=\"list-item  \">\n                        <div class=\"icon-wrapper\">\n                                                      <?xml version=\"1.0\"?>\n<svg xmlns=\"http:\/\/www.w3.org\/2000\/svg\" width=\"35\" height=\"35\" viewBox=\"0 0 35 35\" class=\"icon plus_circle-icon \" aria-hidden=\"true\" role=\"presentation\">\n  <g id=\"Gruppe_7731\" data-name=\"Gruppe 7731\" transform=\"translate(-633.5 -4494.5)\">\n    <path id=\"Pfad_17838\" data-name=\"Pfad 17838\" d=\"M16,0A16,16,0,1,1,0,16,16,16,0,0,1,16,0Z\" transform=\"translate(635 4496)\" fill=\"#f4f4f4\" stroke=\"#4a9fff\" stroke-linecap=\"round\" stroke-width=\"3\"\/>\n    <path id=\"Pfad_17839\" data-name=\"Pfad 17839\" d=\"M45,37V53m-8-8H53\" transform=\"translate(606 4467)\" fill=\"none\" stroke=\"#000\" stroke-linecap=\"round\" stroke-linejoin=\"round\" stroke-width=\"2\"\/>\n  <\/g>\n<\/svg>\n                                                  <\/div>\n                        <div class=\"text-wrapper\">\n                          La bouteille est-elle en PET?                        <\/div>\n                      <\/div>\n                                                                                <div class=\"list-item  \">\n                        <div class=\"icon-wrapper\">\n                                                      <?xml version=\"1.0\"?>\n<svg xmlns=\"http:\/\/www.w3.org\/2000\/svg\" width=\"35\" height=\"35\" viewBox=\"0 0 35 35\" class=\"icon plus_circle-icon \" aria-hidden=\"true\" role=\"presentation\">\n  <g id=\"Gruppe_7731\" data-name=\"Gruppe 7731\" transform=\"translate(-633.5 -4494.5)\">\n    <path id=\"Pfad_17838\" data-name=\"Pfad 17838\" d=\"M16,0A16,16,0,1,1,0,16,16,16,0,0,1,16,0Z\" transform=\"translate(635 4496)\" fill=\"#f4f4f4\" stroke=\"#4a9fff\" stroke-linecap=\"round\" stroke-width=\"3\"\/>\n    <path id=\"Pfad_17839\" data-name=\"Pfad 17839\" d=\"M45,37V53m-8-8H53\" transform=\"translate(606 4467)\" fill=\"none\" stroke=\"#000\" stroke-linecap=\"round\" stroke-linejoin=\"round\" stroke-width=\"2\"\/>\n  <\/g>\n<\/svg>\n                                                  <\/div>\n                        <div class=\"text-wrapper\">\n                          Contenait-elle une boisson?                        <\/div>\n                      <\/div>\n                                                                    <\/div>\n            \n                                                    <div class=\"content-item text wysiwyg fs-body-text\">\n                  <p>Si vous r\u00e9pondez par l\u2019affirmative \u00e0 toutes ces questions, cette bouteille peut \u00eatre \u00e9limin\u00e9e avec le PET. Dans le cas contraire, jetez l\u2019emballage avec les d\u00e9chets ou dans la collecte des bouteilles en plastique aupr\u00e8s de la plupart des commerces de d\u00e9tail.<\/p>\n                <\/div>\n                          \n                        <\/div>\n\n              <div class=\"col-lg-5 col-xl-4 order-1\">\n          <div id=\"lightgallery_teaser-text-bild-block_195b1c8ce2ff129d6c426220b8dff737\" class=\"thumb-wrapper\">\n            <a class=\"lb-item\" href=\"https:\/\/petrecycling.ch\/wp-content\/uploads\/2023\/02\/PET-Recycling-Schweiz_Ueber-PRS_PET-zurueckbringen-aspect-ratio-1080-1180-1.jpg\">\n              <img decoding=\"async\" class=\"img-fluid\" src=\"https:\/\/petrecycling.ch\/wp-content\/uploads\/2023\/02\/PET-Recycling-Schweiz_Ueber-PRS_PET-zurueckbringen-aspect-ratio-1080-1180-1.jpg\" alt=\"\">\n            <\/a>\n          <\/div>\n        <\/div>\n          <\/div>\n  <\/div>\n<\/div>\n\n\n<div id=\"teaser-bild-text-block_471263b66ea7d27737837f15fc16e045\" class=\"teaser-bild-text \n three-images bg-white \">\n  <div class=\"container\">\n              <div class=\"row\">\n        <div class=\"offset-xl-1 col-xl-10\">\n          <div class=\"teaser-wrapper\">\n            \n                                          <div class=\"teaser-item\">\n                  <div class=\"thumb-wrapper\">\n                    <img decoding=\"async\" class=\"img-fluid\" src=\"https:\/\/petrecycling.ch\/wp-content\/uploads\/2023\/02\/PET-Recycling-Schweiz_Ueber-PRS_Sammelstellen_Organisation_Umweltschonend-aspect-ratio-628-460.jpg\" alt=\"\" loading=\"lazy\">\n                  <\/div>\n                                      <h3 class=\"h3\">M\u00e9nagez <strong><i>l\u2019environnement<\/i><\/strong><\/h3>\n                                                        <div class=\"text wysiwyg fs-body-text\">\n                      <p>La mati\u00e8re valorisable PET est recyclable \u00e0 100\u00a0pour cent. Le recyclage du PET permet d\u2019\u00e9conomiser de l\u2019\u00e9nergie et du p\u00e9trole puisque les bouteilles usag\u00e9es servent \u00e0 en fabriquer des neuves.<\/p>\n                    <\/div>\n                                                    <\/div>\n                                                        <div class=\"teaser-item\">\n                  <div class=\"thumb-wrapper\">\n                    <img decoding=\"async\" class=\"img-fluid\" src=\"https:\/\/petrecycling.ch\/wp-content\/uploads\/2023\/02\/PET-Recycling-Schweiz_Ueber-PRS_Sammelstellen_Organisation_Sparen-aspect-ratio-628-460.jpg\" alt=\"\" loading=\"lazy\">\n                  <\/div>\n                                      <h3 class=\"h3\">\u00c9conomisez de <strong><i>l\u2019argent<\/i><\/strong><\/h3>\n                                                        <div class=\"text wysiwyg fs-body-text\">\n                      <p>La restitution des bouteilles \u00e0 boissons en PET est gratuite. En plus, vous m\u00e9nagez l\u2019environnement et vous en faites autant pour votre porte-monnaie.<\/p>\n                    <\/div>\n                                                    <\/div>\n                                                        <div class=\"teaser-item\">\n                  <div class=\"thumb-wrapper\">\n                    <img decoding=\"async\" class=\"img-fluid\" src=\"https:\/\/petrecycling.ch\/wp-content\/uploads\/2023\/02\/PET-Recycling-Schweiz_Ueber-PRS_Sammelstellen_Organisation_Bequem-recyceln-aspect-ratio-628-460.jpg\" alt=\"\" loading=\"lazy\">\n                  <\/div>\n                                      <h3 class=\"h3\">En toute <strong><i>simplicit\u00e9<\/i><\/strong><\/h3>\n                                                        <div class=\"text wysiwyg fs-body-text\">\n                      <p>Tous les points de vente de bouteilles \u00e0 boissons en PET reprennent les bouteilles une fois vides. Vous pouvez les restituer facilement et sans d\u00e9placement suppl\u00e9mentaire lorsque vous faites vos commissions. Il existe en outre d\u2019autres points de collecte publics dans les communes, les stations-services et les kiosques.<\/p>\n                    <\/div>\n                                                    <\/div>\n                          \n          <\/div>\n        <\/div>\n      <\/div>\n      <\/div>\n<\/div>","protected":false},"excerpt":{"rendered":"","protected":false},"author":1,"featured_media":0,"parent":7301,"menu_order":3,"comment_status":"closed","ping_status":"closed","template":"","meta":{"_acf_changed":false,"footnotes":""},"class_list":["post-10342","page","type-page","status-publish","hentry"],"acf":[],"yoast_head":"<!-- This site is optimized with the Yoast SEO plugin v27.3 - https:\/\/yoast.com\/product\/yoast-seo-wordpress\/ -->\n<title>Collecte \u00e0 la maison - PET-Recycling Schweiz<\/title>\n<meta name=\"robots\" content=\"index, follow, max-snippet:-1, max-image-preview:large, max-video-preview:-1\" \/>\n<link rel=\"canonical\" href=\"https:\/\/petrecycling.ch\/fr\/a-notre-propos\/points-de-collecte\/a-la-maison\/\" \/>\n<meta property=\"og:locale\" content=\"fr_FR\" \/>\n<meta property=\"og:type\" content=\"article\" \/>\n<meta property=\"og:title\" content=\"Collecte \u00e0 la maison - PET-Recycling Schweiz\" \/>\n<meta property=\"og:url\" content=\"https:\/\/petrecycling.ch\/fr\/a-notre-propos\/points-de-collecte\/a-la-maison\/\" \/>\n<meta property=\"og:site_name\" content=\"PET-Recycling Schweiz\" \/>\n<meta property=\"article:publisher\" content=\"https:\/\/www.facebook.com\/petrecyclingschweiz\/\" \/>\n<meta property=\"article:modified_time\" content=\"2025-04-08T14:04:33+00:00\" \/>\n<meta name=\"twitter:card\" content=\"summary_large_image\" \/>\n<script type=\"application\/ld+json\" class=\"yoast-schema-graph\">{\"@context\":\"https:\\\/\\\/schema.org\",\"@graph\":[{\"@type\":\"WebPage\",\"@id\":\"https:\\\/\\\/petrecycling.ch\\\/fr\\\/a-notre-propos\\\/points-de-collecte\\\/a-la-maison\\\/\",\"url\":\"https:\\\/\\\/petrecycling.ch\\\/fr\\\/a-notre-propos\\\/points-de-collecte\\\/a-la-maison\\\/\",\"name\":\"Collecte \u00e0 la maison - PET-Recycling Schweiz\",\"isPartOf\":{\"@id\":\"https:\\\/\\\/petrecycling.ch\\\/fr\\\/#website\"},\"datePublished\":\"2023-06-12T08:06:06+00:00\",\"dateModified\":\"2025-04-08T14:04:33+00:00\",\"breadcrumb\":{\"@id\":\"https:\\\/\\\/petrecycling.ch\\\/fr\\\/a-notre-propos\\\/points-de-collecte\\\/a-la-maison\\\/#breadcrumb\"},\"inLanguage\":\"fr-FR\",\"potentialAction\":[{\"@type\":\"ReadAction\",\"target\":[\"https:\\\/\\\/petrecycling.ch\\\/fr\\\/a-notre-propos\\\/points-de-collecte\\\/a-la-maison\\\/\"]}]},{\"@type\":\"BreadcrumbList\",\"@id\":\"https:\\\/\\\/petrecycling.ch\\\/fr\\\/a-notre-propos\\\/points-de-collecte\\\/a-la-maison\\\/#breadcrumb\",\"itemListElement\":[{\"@type\":\"ListItem\",\"position\":1,\"name\":\"Startseite\",\"item\":\"https:\\\/\\\/petrecycling.ch\\\/fr\\\/\"},{\"@type\":\"ListItem\",\"position\":2,\"name\":\"\u00c0 notre propos\",\"item\":\"https:\\\/\\\/petrecycling.ch\\\/fr\\\/a-notre-propos\\\/\"},{\"@type\":\"ListItem\",\"position\":3,\"name\":\"Points de collecte\",\"item\":\"https:\\\/\\\/petrecycling.ch\\\/fr\\\/a-notre-propos\\\/points-de-collecte\\\/\"},{\"@type\":\"ListItem\",\"position\":4,\"name\":\"Collecte \u00e0 la maison\"}]},{\"@type\":\"WebSite\",\"@id\":\"https:\\\/\\\/petrecycling.ch\\\/fr\\\/#website\",\"url\":\"https:\\\/\\\/petrecycling.ch\\\/fr\\\/\",\"name\":\"PET-Recycling Schweiz\",\"description\":\"Verein PRS PET-Recycling Schweiz a \u00e9t\u00e9 fond\u00e9e en 1990 et s&#039;occupe de la collecte et du recyclage des bouteilles en PET pour boissons.\",\"publisher\":{\"@id\":\"https:\\\/\\\/petrecycling.ch\\\/fr\\\/#organization\"},\"potentialAction\":[{\"@type\":\"SearchAction\",\"target\":{\"@type\":\"EntryPoint\",\"urlTemplate\":\"https:\\\/\\\/petrecycling.ch\\\/fr\\\/?s={search_term_string}\"},\"query-input\":{\"@type\":\"PropertyValueSpecification\",\"valueRequired\":true,\"valueName\":\"search_term_string\"}}],\"inLanguage\":\"fr-FR\"},{\"@type\":\"Organization\",\"@id\":\"https:\\\/\\\/petrecycling.ch\\\/fr\\\/#organization\",\"name\":\"Verein PRS PET-Recycling Schweiz\",\"alternateName\":\"PET-Recycling Schweiz\",\"url\":\"https:\\\/\\\/petrecycling.ch\\\/fr\\\/\",\"logo\":{\"@type\":\"ImageObject\",\"inLanguage\":\"fr-FR\",\"@id\":\"https:\\\/\\\/petrecycling.ch\\\/fr\\\/#\\\/schema\\\/logo\\\/image\\\/\",\"url\":\"https:\\\/\\\/petrecycling.ch\\\/wp-content\\\/uploads\\\/2023\\\/07\\\/PET_large_rgb.png\",\"contentUrl\":\"https:\\\/\\\/petrecycling.ch\\\/wp-content\\\/uploads\\\/2023\\\/07\\\/PET_large_rgb.png\",\"width\":1197,\"height\":1197,\"caption\":\"Verein PRS PET-Recycling Schweiz\"},\"image\":{\"@id\":\"https:\\\/\\\/petrecycling.ch\\\/fr\\\/#\\\/schema\\\/logo\\\/image\\\/\"},\"sameAs\":[\"https:\\\/\\\/www.facebook.com\\\/petrecyclingschweiz\\\/\",\"https:\\\/\\\/www.linkedin.com\\\/company\\\/pet-recycling-schweiz\\\/\",\"https:\\\/\\\/www.tiktok.com\\\/@prs_petrecycling.ch\"]}]}<\/script>\n<!-- \/ Yoast SEO plugin. -->","yoast_head_json":{"title":"Collecte \u00e0 la maison - PET-Recycling Schweiz","robots":{"index":"index","follow":"follow","max-snippet":"max-snippet:-1","max-image-preview":"max-image-preview:large","max-video-preview":"max-video-preview:-1"},"canonical":"https:\/\/petrecycling.ch\/fr\/a-notre-propos\/points-de-collecte\/a-la-maison\/","og_locale":"fr_FR","og_type":"article","og_title":"Collecte \u00e0 la maison - PET-Recycling Schweiz","og_url":"https:\/\/petrecycling.ch\/fr\/a-notre-propos\/points-de-collecte\/a-la-maison\/","og_site_name":"PET-Recycling Schweiz","article_publisher":"https:\/\/www.facebook.com\/petrecyclingschweiz\/","article_modified_time":"2025-04-08T14:04:33+00:00","twitter_card":"summary_large_image","schema":{"@context":"https:\/\/schema.org","@graph":[{"@type":"WebPage","@id":"https:\/\/petrecycling.ch\/fr\/a-notre-propos\/points-de-collecte\/a-la-maison\/","url":"https:\/\/petrecycling.ch\/fr\/a-notre-propos\/points-de-collecte\/a-la-maison\/","name":"Collecte \u00e0 la maison - PET-Recycling Schweiz","isPartOf":{"@id":"https:\/\/petrecycling.ch\/fr\/#website"},"datePublished":"2023-06-12T08:06:06+00:00","dateModified":"2025-04-08T14:04:33+00:00","breadcrumb":{"@id":"https:\/\/petrecycling.ch\/fr\/a-notre-propos\/points-de-collecte\/a-la-maison\/#breadcrumb"},"inLanguage":"fr-FR","potentialAction":[{"@type":"ReadAction","target":["https:\/\/petrecycling.ch\/fr\/a-notre-propos\/points-de-collecte\/a-la-maison\/"]}]},{"@type":"BreadcrumbList","@id":"https:\/\/petrecycling.ch\/fr\/a-notre-propos\/points-de-collecte\/a-la-maison\/#breadcrumb","itemListElement":[{"@type":"ListItem","position":1,"name":"Startseite","item":"https:\/\/petrecycling.ch\/fr\/"},{"@type":"ListItem","position":2,"name":"\u00c0 notre propos","item":"https:\/\/petrecycling.ch\/fr\/a-notre-propos\/"},{"@type":"ListItem","position":3,"name":"Points de collecte","item":"https:\/\/petrecycling.ch\/fr\/a-notre-propos\/points-de-collecte\/"},{"@type":"ListItem","position":4,"name":"Collecte \u00e0 la maison"}]},{"@type":"WebSite","@id":"https:\/\/petrecycling.ch\/fr\/#website","url":"https:\/\/petrecycling.ch\/fr\/","name":"PET-Recycling Schweiz","description":"Verein PRS PET-Recycling Schweiz a \u00e9t\u00e9 fond\u00e9e en 1990 et s&#039;occupe de la collecte et du recyclage des bouteilles en PET pour boissons.","publisher":{"@id":"https:\/\/petrecycling.ch\/fr\/#organization"},"potentialAction":[{"@type":"SearchAction","target":{"@type":"EntryPoint","urlTemplate":"https:\/\/petrecycling.ch\/fr\/?s={search_term_string}"},"query-input":{"@type":"PropertyValueSpecification","valueRequired":true,"valueName":"search_term_string"}}],"inLanguage":"fr-FR"},{"@type":"Organization","@id":"https:\/\/petrecycling.ch\/fr\/#organization","name":"Verein PRS PET-Recycling Schweiz","alternateName":"PET-Recycling Schweiz","url":"https:\/\/petrecycling.ch\/fr\/","logo":{"@type":"ImageObject","inLanguage":"fr-FR","@id":"https:\/\/petrecycling.ch\/fr\/#\/schema\/logo\/image\/","url":"https:\/\/petrecycling.ch\/wp-content\/uploads\/2023\/07\/PET_large_rgb.png","contentUrl":"https:\/\/petrecycling.ch\/wp-content\/uploads\/2023\/07\/PET_large_rgb.png","width":1197,"height":1197,"caption":"Verein PRS PET-Recycling Schweiz"},"image":{"@id":"https:\/\/petrecycling.ch\/fr\/#\/schema\/logo\/image\/"},"sameAs":["https:\/\/www.facebook.com\/petrecyclingschweiz\/","https:\/\/www.linkedin.com\/company\/pet-recycling-schweiz\/","https:\/\/www.tiktok.com\/@prs_petrecycling.ch"]}]}},"_links":{"self":[{"href":"https:\/\/petrecycling.ch\/fr\/wp-json\/wp\/v2\/pages\/10342","targetHints":{"allow":["GET"]}}],"collection":[{"href":"https:\/\/petrecycling.ch\/fr\/wp-json\/wp\/v2\/pages"}],"about":[{"href":"https:\/\/petrecycling.ch\/fr\/wp-json\/wp\/v2\/types\/page"}],"author":[{"embeddable":true,"href":"https:\/\/petrecycling.ch\/fr\/wp-json\/wp\/v2\/users\/1"}],"replies":[{"embeddable":true,"href":"https:\/\/petrecycling.ch\/fr\/wp-json\/wp\/v2\/comments?post=10342"}],"version-history":[{"count":12,"href":"https:\/\/petrecycling.ch\/fr\/wp-json\/wp\/v2\/pages\/10342\/revisions"}],"predecessor-version":[{"id":41124,"href":"https:\/\/petrecycling.ch\/fr\/wp-json\/wp\/v2\/pages\/10342\/revisions\/41124"}],"up":[{"embeddable":true,"href":"https:\/\/petrecycling.ch\/fr\/wp-json\/wp\/v2\/pages\/7301"}],"wp:attachment":[{"href":"https:\/\/petrecycling.ch\/fr\/wp-json\/wp\/v2\/media?parent=10342"}],"curies":[{"name":"wp","href":"https:\/\/api.w.org\/{rel}","templated":true}]}}